{"id":776,"date":"2019-07-05T12:00:17","date_gmt":"2019-07-05T10:00:17","guid":{"rendered":"https:\/\/www.kurortuasociacija.lt\/?page_id=776"},"modified":"2019-07-05T12:12:58","modified_gmt":"2019-07-05T10:12:58","slug":"anyksciai","status":"publish","type":"page","link":"https:\/\/www.kurortuasociacija.lt\/en\/tourist-resorts-and-resort-areas\/anyksciai\/","title":{"rendered":"Anyk\u0161\u010diai"},"content":{"rendered":"<div class=\"wpb-content-wrapper\"><p>[vc_row][vc_column width=&#8221;2\/3&#8243; offset=&#8221;vc_col-lg-offset-2 vc_col-sm-offset-0 vc_col-xs-12&#8243;][vc_column_text]Anyk\u0161\u010diai will leave you impressed by the blue lakes and the fresh fragrant air of the Anyk\u0161\u010diai Grove. It is not a coincidence that this romantic town happened to be the cradle of Lithuanian literature that has raised three literary giants \u2013 Antanas Baranauskas, Antanas Vienuolis-\u017dukauskas and Jonas Bili\u016bnas. The literary aura of Anyk\u0161\u010diai has also helped to raise a disproportionally high number of other outstanding writers, poets, artists and scientists.<\/p>\n<p>Almost every lake, river, stream or hill of Anyk\u0161\u010diai has its own a story or a legend. The etymological roots of the name of the town itself (which has a component meaning &#8220;a thumb&#8221;) are also associated with our ancestors who, while admiring the Rubikiai Lake from the top of the hill, would remark to one another: &#8220;Gee, the lake looks like the palm of your hand&#8221;, and would compare the stream that flows out of the lake: &#8220;It looks like a thumb! &#8221; (the Lithuanian toponym &#8220;Anyk\u0161\u010diai&#8221;has in its root the component &#8220;nyk\u0161tys&#8221;, which in Lithuanian means a &#8220;thumb&#8221;). Another legend has it that one day a daughter of one farmer was washing her laundry in the place where the Rubikiai stream flows out of the lake, accidentally hurt her thumb and exclaimed: &#8220;Ai nyk\u0161t\u012f, ai nyk\u0161t\u012f!&#8221;, which in English means &#8220;oops, my thumb, oops my thumb!<\/p>\n<p>The literary appeal of Anyk\u0161\u010diai is coupled by the geographical appeal of the region, the sustainable economic activities and the vast abundance of cultural objects. In the vicinity of the town of Anyk\u0161\u010diai there stretches the Rubikiai Lake (the area of which is almost 1,000 hectares) surrounded by three mounds, boasting 16 islands, in the western part of Anyk\u0161\u010diai there is the famous Puntukas Stone, the second largest stone in Lithuania, in the vicinity of the town there is the \u0160eimyni\u0161k\u0117liai Mound that is famous for its history for there used to stand the Voruta Castle of the first Lithuanian King, Mindaugas. These and other attractions of the Anyk\u0161\u010diai Town are perfect for tourist excursions, and are easily and conveniently accessible, and they equipped with numerous tourist rest sites.<\/p>\n<p>Anyk\u0161\u010diai is also famous for its narrow-gauge railway, which winds towards the lakeside holiday villas. The narrow-gauge railway celebrated its centenary in the autumn of 1999, and it is one of the most interesting objects of Lithuania&#8217;s technical heritage.<\/p>\n<p>Anyk\u0161\u010diai also boasts Lithuania&#8217;s first and so far, the only one summer toboggan run. The toboggan run can be enjoyed both in summer and in winter \u2013 no matter whether it rains or snows, whether it is warm or cold.<\/p>\n<p>There is no other district in Lithuania that has so many tourist attractions, museums and natural heritage sites. These heritage sites were the basis for granting the town the status of a resort area back in 2007.<\/p>\n<p>The most popular places of interest of Anyk\u0161\u010diai District are St. Matthew&#8217;s Church, the Puntukas Stone, Lithuania&#8217;s famous writer&#8217;s, Jonas Bili\u016bnas&#8217;, tombstone monument &#8220;The Beacon of Happiness&#8221;, and it is only a small part of the heritage sites of Anyk\u0161\u010diai that are well worth seeing.[\/vc_column_text][\/vc_column][\/vc_row][vc_row css=&#8221;.vc_custom_1562321175924{margin-top: 20px !important;}&#8221;][vc_column]<style type=\"text\/css\" data-type=\"the7_shortcodes-inline-css\">.gallery-shortcode.gallery-masonry-shortcode-id-6ce641cef8e890e33094bc5187b3e6a4 figure,\n.gallery-shortcode.gallery-masonry-shortcode-id-6ce641cef8e890e33094bc5187b3e6a4 .rollover,\n.gallery-shortcode.gallery-masonry-shortcode-id-6ce641cef8e890e33094bc5187b3e6a4 img,\n.gallery-shortcode.gallery-masonry-shortcode-id-6ce641cef8e890e33094bc5187b3e6a4 .gallery-rollover {\n  border-radius: 0px;\n}\n.gallery-shortcode.gallery-masonry-shortcode-id-6ce641cef8e890e33094bc5187b3e6a4.enable-bg-rollover .gallery-rollover {\n  background: -webkit-linear-gradient();\n  background: linear-gradient();\n}\n.gallery-shortcode.gallery-masonry-shortcode-id-6ce641cef8e890e33094bc5187b3e6a4.enable-bg-rollover.hover-scale figure .rollover:after {\n  background: -webkit-linear-gradient();\n  background: linear-gradient();\n}\n.gallery-shortcode.gallery-masonry-shortcode-id-6ce641cef8e890e33094bc5187b3e6a4 .gallery-zoom-ico {\n  width: 44px;\n  height: 44px;\n  line-height: 44px;\n  border-radius: 100px;\n  margin: -22px 0 0 -22px;\n  border-width: 0px;\n  color: #ffffff;\n}\n.dt-icon-bg-on.gallery-shortcode.gallery-masonry-shortcode-id-6ce641cef8e890e33094bc5187b3e6a4 .gallery-zoom-ico {\n  background: rgba(255,255,255,0.3);\n  box-shadow: none;\n}\n.gallery-shortcode.gallery-masonry-shortcode-id-6ce641cef8e890e33094bc5187b3e6a4 .gallery-zoom-ico:before,\n.gallery-shortcode.gallery-masonry-shortcode-id-6ce641cef8e890e33094bc5187b3e6a4 .gallery-zoom-ico span {\n  font-size: 32px;\n  line-height: 44px;\n  color: #ffffff;\n}\n.gallery-shortcode.gallery-masonry-shortcode-id-6ce641cef8e890e33094bc5187b3e6a4:not(.resize-by-browser-width) .dt-css-grid {\n  grid-row-gap: 40px;\n  grid-column-gap: 40px;\n  grid-template-columns: repeat(auto-fill,minmax(,1fr));\n}\n.gallery-shortcode.gallery-masonry-shortcode-id-6ce641cef8e890e33094bc5187b3e6a4:not(.resize-by-browser-width) .dt-css-grid .double-width {\n  grid-column: span 2;\n}\n.cssgridlegacy.no-cssgrid .gallery-shortcode.gallery-masonry-shortcode-id-6ce641cef8e890e33094bc5187b3e6a4:not(.resize-by-browser-width) .dt-css-grid,\n.no-cssgridlegacy.no-cssgrid .gallery-shortcode.gallery-masonry-shortcode-id-6ce641cef8e890e33094bc5187b3e6a4:not(.resize-by-browser-width) .dt-css-grid {\n  display: flex;\n  flex-flow: row wrap;\n  margin: -20px;\n}\n.cssgridlegacy.no-cssgrid .gallery-shortcode.gallery-masonry-shortcode-id-6ce641cef8e890e33094bc5187b3e6a4:not(.resize-by-browser-width) .dt-css-grid .wf-cell,\n.no-cssgridlegacy.no-cssgrid .gallery-shortcode.gallery-masonry-shortcode-id-6ce641cef8e890e33094bc5187b3e6a4:not(.resize-by-browser-width) .dt-css-grid .wf-cell {\n  flex: 1 0 ;\n  max-width: 100%;\n  padding: 20px;\n  box-sizing: border-box;\n}\n.gallery-shortcode.gallery-masonry-shortcode-id-6ce641cef8e890e33094bc5187b3e6a4.resize-by-browser-width .dt-css-grid {\n  grid-template-columns: repeat(3,1fr);\n  grid-template-rows: auto;\n  grid-column-gap: 40px;\n  grid-row-gap: 40px;\n}\n.gallery-shortcode.gallery-masonry-shortcode-id-6ce641cef8e890e33094bc5187b3e6a4.resize-by-browser-width .dt-css-grid .double-width {\n  grid-column: span 2;\n}\n.cssgridlegacy.no-cssgrid .gallery-shortcode.gallery-masonry-shortcode-id-6ce641cef8e890e33094bc5187b3e6a4.resize-by-browser-width .dt-css-grid {\n  margin: -20px;\n}\n.cssgridlegacy.no-cssgrid .gallery-shortcode.gallery-masonry-shortcode-id-6ce641cef8e890e33094bc5187b3e6a4.resize-by-browser-width .dt-css-grid .wf-cell {\n  width: 33.333333333333%;\n  padding: 20px;\n}\n.cssgridlegacy.no-cssgrid .gallery-shortcode.gallery-masonry-shortcode-id-6ce641cef8e890e33094bc5187b3e6a4.resize-by-browser-width .dt-css-grid .wf-cell.double-width {\n  width: calc(33.333333333333%) * 2;\n}\n.gallery-shortcode.gallery-masonry-shortcode-id-6ce641cef8e890e33094bc5187b3e6a4.resize-by-browser-width:not(.centered-layout-list):not(.content-bg-on) .dt-css-grid {\n  grid-row-gap: 40px - ;\n}\n@media screen and (max-width: 1199px) {\n  .gallery-shortcode.gallery-masonry-shortcode-id-6ce641cef8e890e33094bc5187b3e6a4.resize-by-browser-width .dt-css-grid {\n    grid-template-columns: repeat(3,1fr);\n  }\n  .cssgridlegacy.no-cssgrid .gallery-shortcode.gallery-masonry-shortcode-id-6ce641cef8e890e33094bc5187b3e6a4.resize-by-browser-width .dt-css-grid .wf-cell,\n  .no-cssgridlegacy.no-cssgrid .gallery-shortcode.gallery-masonry-shortcode-id-6ce641cef8e890e33094bc5187b3e6a4.resize-by-browser-width .dt-css-grid .wf-cell {\n    width: 33.333333333333%;\n  }\n  .cssgridlegacy.no-cssgrid .gallery-shortcode.gallery-masonry-shortcode-id-6ce641cef8e890e33094bc5187b3e6a4.resize-by-browser-width .dt-css-grid .wf-cell.double-width,\n  .no-cssgridlegacy.no-cssgrid .gallery-shortcode.gallery-masonry-shortcode-id-6ce641cef8e890e33094bc5187b3e6a4.resize-by-browser-width .dt-css-grid .wf-cell.double-width {\n    width: calc(33.333333333333%)*2;\n  }\n}\n@media screen and (max-width: 991px) {\n  .gallery-shortcode.gallery-masonry-shortcode-id-6ce641cef8e890e33094bc5187b3e6a4.resize-by-browser-width .dt-css-grid {\n    grid-template-columns: repeat(3,1fr);\n  }\n  .cssgridlegacy.no-cssgrid .gallery-shortcode.gallery-masonry-shortcode-id-6ce641cef8e890e33094bc5187b3e6a4.resize-by-browser-width .dt-css-grid .wf-cell,\n  .no-cssgridlegacy.no-cssgrid .gallery-shortcode.gallery-masonry-shortcode-id-6ce641cef8e890e33094bc5187b3e6a4.resize-by-browser-width .dt-css-grid .wf-cell {\n    width: 33.333333333333%;\n  }\n  .cssgridlegacy.no-cssgrid .gallery-shortcode.gallery-masonry-shortcode-id-6ce641cef8e890e33094bc5187b3e6a4.resize-by-browser-width .dt-css-grid .wf-cell.double-width,\n  .no-cssgridlegacy.no-cssgrid .gallery-shortcode.gallery-masonry-shortcode-id-6ce641cef8e890e33094bc5187b3e6a4.resize-by-browser-width .dt-css-grid .wf-cell.double-width {\n    width: calc(33.333333333333%)*2;\n  }\n}\n@media screen and (max-width: 767px) {\n  .gallery-shortcode.gallery-masonry-shortcode-id-6ce641cef8e890e33094bc5187b3e6a4.resize-by-browser-width .dt-css-grid {\n    grid-template-columns: repeat(1,1fr);\n  }\n  .cssgridlegacy.no-cssgrid .gallery-shortcode.gallery-masonry-shortcode-id-6ce641cef8e890e33094bc5187b3e6a4.resize-by-browser-width .dt-css-grid .wf-cell,\n  .no-cssgridlegacy.no-cssgrid .gallery-shortcode.gallery-masonry-shortcode-id-6ce641cef8e890e33094bc5187b3e6a4.resize-by-browser-width .dt-css-grid .wf-cell {\n    width: 100%;\n  }\n  .cssgridlegacy.no-cssgrid .gallery-shortcode.gallery-masonry-shortcode-id-6ce641cef8e890e33094bc5187b3e6a4.resize-by-browser-width .dt-css-grid .wf-cell.double-width,\n  .no-cssgridlegacy.no-cssgrid .gallery-shortcode.gallery-masonry-shortcode-id-6ce641cef8e890e33094bc5187b3e6a4.resize-by-browser-width .dt-css-grid .wf-cell.double-width {\n    width: calc(100%)*2;\n  }\n}<\/style><div class=\"gallery-shortcode dt-gallery-container gallery-masonry-shortcode-id-6ce641cef8e890e33094bc5187b3e6a4 mode-grid jquery-filter dt-icon-bg-off quick-scale-img dt-css-grid-wrap enable-bg-rollover resize-by-browser-width  hover-fade loading-effect-none description-on-hover\" data-padding=\"20px\" data-cur-page=\"1\" data-post-limit=\"-1\" data-pagination-mode=\"none\" data-desktop-columns-num=\"3\" data-v-tablet-columns-num=\"3\" data-h-tablet-columns-num=\"3\" data-phone-columns-num=\"1\" data-width=\"0px\" data-columns=\"0\"><div class=\"dt-css-grid\" ><div class=\"wf-cell\" data-post-id=\"781\" data-date=\"2019-01-20T13:42:41+02:00\" data-name=\"+eimyni+k+li+ piliakalnis. R. Bu+inskas\"><figure class=\"post visible\"><a href=\"https:\/\/www.kurortuasociacija.lt\/wp-content\/uploads\/2019\/01\/eimynikli-piliakalnis.-R.-Buinskas-1-e1548921208761.jpg\" class=\"rollover dt-pswp-item layzr-bg\" data-large_image_width=\"2500\" data-large_image_height=\"1667\" data-dt-img-description=\"\" title=\"+eimyni+k+li+ piliakalnis. R. Bu+inskas\"><img fetchpriority=\"high\" decoding=\"async\" class=\"preload-me iso-lazy-load aspect\" src=\"data:image\/svg+xml,%3Csvg%20xmlns%3D&#39;http%3A%2F%2Fwww.w3.org%2F2000%2Fsvg&#39;%20viewBox%3D&#39;0%200%20768%20512&#39;%2F%3E\" data-src=\"https:\/\/www.kurortuasociacija.lt\/wp-content\/uploads\/2019\/01\/eimynikli-piliakalnis.-R.-Buinskas-1-e1548921208761-768x512.jpg\" data-srcset=\"https:\/\/www.kurortuasociacija.lt\/wp-content\/uploads\/2019\/01\/eimynikli-piliakalnis.-R.-Buinskas-1-e1548921208761-768x512.jpg 768w, https:\/\/www.kurortuasociacija.lt\/wp-content\/uploads\/2019\/01\/eimynikli-piliakalnis.-R.-Buinskas-1-e1548921208761-1152x768.jpg 1152w\" loading=\"eager\" style=\"--ratio: 768 \/ 512\" sizes=\"(max-width: 768px) 100vw, 768px\" alt=\"\" width=\"768\" height=\"512\"  \/><span class=\"gallery-rollover\"><span class=\"gallery-zoom-ico icomoon-the7-font-the7-zoom-06\"><span><\/span><\/span><\/span><\/a><\/figure><\/div><div class=\"wf-cell\" data-post-id=\"782\" data-date=\"2019-01-20T13:42:45+02:00\" data-name=\"Anyk+-i+ +olel+s\"><figure class=\"post visible\"><a href=\"https:\/\/www.kurortuasociacija.lt\/wp-content\/uploads\/2019\/01\/Anyk-i-olels-1.jpg\" class=\"rollover dt-pswp-item layzr-bg\" data-large_image_width=\"1600\" data-large_image_height=\"1067\" data-dt-img-description=\"\" title=\"Anyk+-i+ +olel+s\"><img decoding=\"async\" class=\"preload-me iso-lazy-load aspect\" src=\"data:image\/svg+xml,%3Csvg%20xmlns%3D&#39;http%3A%2F%2Fwww.w3.org%2F2000%2Fsvg&#39;%20viewBox%3D&#39;0%200%20768%20512&#39;%2F%3E\" data-src=\"https:\/\/www.kurortuasociacija.lt\/wp-content\/uploads\/2019\/01\/Anyk-i-olels-1-768x512.jpg\" data-srcset=\"https:\/\/www.kurortuasociacija.lt\/wp-content\/uploads\/2019\/01\/Anyk-i-olels-1-768x512.jpg 768w, https:\/\/www.kurortuasociacija.lt\/wp-content\/uploads\/2019\/01\/Anyk-i-olels-1-1152x768.jpg 1152w\" loading=\"eager\" style=\"--ratio: 768 \/ 512\" sizes=\"(max-width: 768px) 100vw, 768px\" alt=\"\" width=\"768\" height=\"512\"  \/><span class=\"gallery-rollover\"><span class=\"gallery-zoom-ico icomoon-the7-font-the7-zoom-06\"><span><\/span><\/span><\/span><\/a><\/figure><\/div><div class=\"wf-cell\" data-post-id=\"783\" data-date=\"2019-01-20T13:42:45+02:00\" data-name=\"OLYMPUS DIGITAL CAMERA\"><figure class=\"post visible\"><a href=\"https:\/\/www.kurortuasociacija.lt\/wp-content\/uploads\/2019\/01\/Anyksciu-Sv.-Mato-baznycia.-V.Reikalien.jpg\" class=\"rollover dt-pswp-item layzr-bg\" data-large_image_width=\"1920\" data-large_image_height=\"2560\" data-dt-img-description=\"\" title=\"OLYMPUS DIGITAL CAMERA\"><img decoding=\"async\" class=\"preload-me iso-lazy-load aspect\" src=\"data:image\/svg+xml,%3Csvg%20xmlns%3D&#39;http%3A%2F%2Fwww.w3.org%2F2000%2Fsvg&#39;%20viewBox%3D&#39;0%200%20768%20512&#39;%2F%3E\" data-src=\"https:\/\/www.kurortuasociacija.lt\/wp-content\/uploads\/2019\/01\/Anyksciu-Sv.-Mato-baznycia.-V.Reikalien-768x512.jpg\" data-srcset=\"https:\/\/www.kurortuasociacija.lt\/wp-content\/uploads\/2019\/01\/Anyksciu-Sv.-Mato-baznycia.-V.Reikalien-768x512.jpg 768w, https:\/\/www.kurortuasociacija.lt\/wp-content\/uploads\/2019\/01\/Anyksciu-Sv.-Mato-baznycia.-V.Reikalien-1152x768.jpg 1152w\" loading=\"eager\" style=\"--ratio: 768 \/ 512\" sizes=\"(max-width: 768px) 100vw, 768px\" alt=\"\" width=\"768\" height=\"512\"  \/><span class=\"gallery-rollover\"><span class=\"gallery-zoom-ico icomoon-the7-font-the7-zoom-06\"><span><\/span><\/span><\/span><\/a><\/figure><\/div><div class=\"wf-cell\" data-post-id=\"784\" data-date=\"2019-01-20T13:42:47+02:00\" data-name=\"Kaln+ slidin+jimas ant Kalitos kalno\"><figure class=\"post visible\"><a href=\"https:\/\/www.kurortuasociacija.lt\/wp-content\/uploads\/2019\/01\/Kaln-slidinjimas-ant-Kalitos-kalno.jpg\" class=\"rollover dt-pswp-item layzr-bg\" data-large_image_width=\"2000\" data-large_image_height=\"1335\" data-dt-img-description=\"\" title=\"Kaln+ slidin+jimas ant Kalitos kalno\"><img decoding=\"async\" class=\"preload-me iso-lazy-load aspect\" src=\"data:image\/svg+xml,%3Csvg%20xmlns%3D&#39;http%3A%2F%2Fwww.w3.org%2F2000%2Fsvg&#39;%20viewBox%3D&#39;0%200%20768%20512&#39;%2F%3E\" data-src=\"https:\/\/www.kurortuasociacija.lt\/wp-content\/uploads\/2019\/01\/Kaln-slidinjimas-ant-Kalitos-kalno-768x512.jpg\" data-srcset=\"https:\/\/www.kurortuasociacija.lt\/wp-content\/uploads\/2019\/01\/Kaln-slidinjimas-ant-Kalitos-kalno-768x512.jpg 768w, https:\/\/www.kurortuasociacija.lt\/wp-content\/uploads\/2019\/01\/Kaln-slidinjimas-ant-Kalitos-kalno-1152x768.jpg 1152w\" loading=\"eager\" style=\"--ratio: 768 \/ 512\" sizes=\"(max-width: 768px) 100vw, 768px\" alt=\"\" width=\"768\" height=\"512\"  \/><span class=\"gallery-rollover\"><span class=\"gallery-zoom-ico icomoon-the7-font-the7-zoom-06\"><span><\/span><\/span><\/span><\/a><\/figure><\/div><div class=\"wf-cell\" data-post-id=\"785\" data-date=\"2019-01-20T13:42:49+02:00\" data-name=\"Laj+ takas Anyk+-i+ +ilelyje. V.Reikalien+\"><figure class=\"post visible\"><a href=\"https:\/\/www.kurortuasociacija.lt\/wp-content\/uploads\/2019\/01\/Laj-takas-Anyk-i-ilelyje.-V.Reikalien.jpg\" class=\"rollover dt-pswp-item layzr-bg\" data-large_image_width=\"4000\" data-large_image_height=\"5140\" data-dt-img-description=\"\" title=\"Laj+ takas Anyk+-i+ +ilelyje. V.Reikalien+\"><img decoding=\"async\" class=\"preload-me iso-lazy-load aspect\" src=\"data:image\/svg+xml,%3Csvg%20xmlns%3D&#39;http%3A%2F%2Fwww.w3.org%2F2000%2Fsvg&#39;%20viewBox%3D&#39;0%200%20768%20512&#39;%2F%3E\" data-src=\"https:\/\/www.kurortuasociacija.lt\/wp-content\/uploads\/2019\/01\/Laj-takas-Anyk-i-ilelyje.-V.Reikalien-768x512.jpg\" data-srcset=\"https:\/\/www.kurortuasociacija.lt\/wp-content\/uploads\/2019\/01\/Laj-takas-Anyk-i-ilelyje.-V.Reikalien-768x512.jpg 768w, https:\/\/www.kurortuasociacija.lt\/wp-content\/uploads\/2019\/01\/Laj-takas-Anyk-i-ilelyje.-V.Reikalien-1152x768.jpg 1152w\" loading=\"eager\" style=\"--ratio: 768 \/ 512\" sizes=\"(max-width: 768px) 100vw, 768px\" alt=\"\" width=\"768\" height=\"512\"  \/><span class=\"gallery-rollover\"><span class=\"gallery-zoom-ico icomoon-the7-font-the7-zoom-06\"><span><\/span><\/span><\/span><\/a><\/figure><\/div><\/div><!-- iso-container|iso-grid --><\/div>[\/vc_column][\/vc_row]<\/p>\n<\/div>","protected":false},"excerpt":{"rendered":"<p>[vc_row][vc_column width=&#8221;2\/3&#8243; offset=&#8221;vc_col-lg-offset-2 vc_col-sm-offset-0 vc_col-xs-12&#8243;][vc_column_text]Anyk\u0161\u010diai will leave you impressed by the blue lakes and the fresh fragrant air of the Anyk\u0161\u010diai Grove. It is not a coincidence that this romantic town happened to be the cradle of Lithuanian literature that has raised three literary giants \u2013 Antanas Baranauskas, Antanas Vienuolis-\u017dukauskas and Jonas Bili\u016bnas. The literary&hellip;<\/p>\n","protected":false},"author":1,"featured_media":0,"parent":763,"menu_order":0,"comment_status":"closed","ping_status":"closed","template":"","meta":{"pgc_sgb_lightbox_settings":"","footnotes":""},"class_list":["post-776","page","type-page","status-publish","hentry","description-off"],"yoast_head":"<!-- This site is optimized with the Yoast SEO plugin v27.4 - https:\/\/yoast.com\/product\/yoast-seo-wordpress\/ -->\n<title>Anyk\u0161\u010diai - Kurort\u0173 asociacija<\/title>\n<meta name=\"robots\" content=\"index, follow, max-snippet:-1, max-image-preview:large, max-video-preview:-1\" \/>\n<link rel=\"canonical\" href=\"https:\/\/www.kurortuasociacija.lt\/kurortai-ir-kurortines-teritorijos\/anyksciai\/\" \/>\n<meta property=\"og:locale\" content=\"en_US\" \/>\n<meta property=\"og:type\" content=\"article\" \/>\n<meta property=\"og:title\" content=\"Anyk\u0161\u010diai - Kurort\u0173 asociacija\" \/>\n<meta property=\"og:description\" content=\"[vc_row][vc_column width=&#8221;2\/3&#8243; offset=&#8221;vc_col-lg-offset-2 vc_col-sm-offset-0 vc_col-xs-12&#8243;][vc_column_text]Anyk\u0161\u010diai will leave you impressed by the blue lakes and the fresh fragrant air of the Anyk\u0161\u010diai Grove. It is not a coincidence that this romantic town happened to be the cradle of Lithuanian literature that has raised three literary giants \u2013 Antanas Baranauskas, Antanas Vienuolis-\u017dukauskas and Jonas Bili\u016bnas. The literary&hellip;\" \/>\n<meta property=\"og:url\" content=\"https:\/\/www.kurortuasociacija.lt\/kurortai-ir-kurortines-teritorijos\/anyksciai\/\" \/>\n<meta property=\"og:site_name\" content=\"Kurort\u0173 asociacija\" \/>\n<meta property=\"article:modified_time\" content=\"2019-07-05T10:12:58+00:00\" \/>\n<meta name=\"twitter:card\" content=\"summary_large_image\" \/>\n<meta name=\"twitter:label1\" content=\"Est. reading time\" \/>\n\t<meta name=\"twitter:data1\" content=\"3 minutes\" \/>\n<script type=\"application\/ld+json\" class=\"yoast-schema-graph\">{\"@context\":\"https:\\\/\\\/schema.org\",\"@graph\":[{\"@type\":\"WebPage\",\"@id\":\"https:\\\/\\\/www.kurortuasociacija.lt\\\/kurortai-ir-kurortines-teritorijos\\\/anyksciai\\\/\",\"url\":\"https:\\\/\\\/www.kurortuasociacija.lt\\\/kurortai-ir-kurortines-teritorijos\\\/anyksciai\\\/\",\"name\":\"Anyk\u0161\u010diai - Kurort\u0173 asociacija\",\"isPartOf\":{\"@id\":\"https:\\\/\\\/www.kurortuasociacija.lt\\\/#website\"},\"datePublished\":\"2019-07-05T10:00:17+00:00\",\"dateModified\":\"2019-07-05T10:12:58+00:00\",\"breadcrumb\":{\"@id\":\"https:\\\/\\\/www.kurortuasociacija.lt\\\/kurortai-ir-kurortines-teritorijos\\\/anyksciai\\\/#breadcrumb\"},\"inLanguage\":\"en-US\",\"potentialAction\":[{\"@type\":\"ReadAction\",\"target\":[\"https:\\\/\\\/www.kurortuasociacija.lt\\\/kurortai-ir-kurortines-teritorijos\\\/anyksciai\\\/\"]}]},{\"@type\":\"BreadcrumbList\",\"@id\":\"https:\\\/\\\/www.kurortuasociacija.lt\\\/kurortai-ir-kurortines-teritorijos\\\/anyksciai\\\/#breadcrumb\",\"itemListElement\":[{\"@type\":\"ListItem\",\"position\":1,\"name\":\"Home\",\"item\":\"https:\\\/\\\/www.kurortuasociacija.lt\\\/en\\\/\"},{\"@type\":\"ListItem\",\"position\":2,\"name\":\"Resorts and resort areas\",\"item\":\"https:\\\/\\\/www.kurortuasociacija.lt\\\/kurortai-ir-kurortines-teritorijos\\\/\"},{\"@type\":\"ListItem\",\"position\":3,\"name\":\"Anyk\u0161\u010diai\"}]},{\"@type\":\"WebSite\",\"@id\":\"https:\\\/\\\/www.kurortuasociacija.lt\\\/#website\",\"url\":\"https:\\\/\\\/www.kurortuasociacija.lt\\\/\",\"name\":\"Kurort\u0173 asociacija\",\"description\":\"Lietuvos kurort\u0173 asociacija\",\"potentialAction\":[{\"@type\":\"SearchAction\",\"target\":{\"@type\":\"EntryPoint\",\"urlTemplate\":\"https:\\\/\\\/www.kurortuasociacija.lt\\\/?s={search_term_string}\"},\"query-input\":{\"@type\":\"PropertyValueSpecification\",\"valueRequired\":true,\"valueName\":\"search_term_string\"}}],\"inLanguage\":\"en-US\"}]}<\/script>\n<!-- \/ Yoast SEO plugin. -->","yoast_head_json":{"title":"Anyk\u0161\u010diai - Kurort\u0173 asociacija","robots":{"index":"index","follow":"follow","max-snippet":"max-snippet:-1","max-image-preview":"max-image-preview:large","max-video-preview":"max-video-preview:-1"},"canonical":"https:\/\/www.kurortuasociacija.lt\/kurortai-ir-kurortines-teritorijos\/anyksciai\/","og_locale":"en_US","og_type":"article","og_title":"Anyk\u0161\u010diai - Kurort\u0173 asociacija","og_description":"[vc_row][vc_column width=&#8221;2\/3&#8243; offset=&#8221;vc_col-lg-offset-2 vc_col-sm-offset-0 vc_col-xs-12&#8243;][vc_column_text]Anyk\u0161\u010diai will leave you impressed by the blue lakes and the fresh fragrant air of the Anyk\u0161\u010diai Grove. It is not a coincidence that this romantic town happened to be the cradle of Lithuanian literature that has raised three literary giants \u2013 Antanas Baranauskas, Antanas Vienuolis-\u017dukauskas and Jonas Bili\u016bnas. The literary&hellip;","og_url":"https:\/\/www.kurortuasociacija.lt\/kurortai-ir-kurortines-teritorijos\/anyksciai\/","og_site_name":"Kurort\u0173 asociacija","article_modified_time":"2019-07-05T10:12:58+00:00","twitter_card":"summary_large_image","twitter_misc":{"Est. reading time":"3 minutes"},"schema":{"@context":"https:\/\/schema.org","@graph":[{"@type":"WebPage","@id":"https:\/\/www.kurortuasociacija.lt\/kurortai-ir-kurortines-teritorijos\/anyksciai\/","url":"https:\/\/www.kurortuasociacija.lt\/kurortai-ir-kurortines-teritorijos\/anyksciai\/","name":"Anyk\u0161\u010diai - Kurort\u0173 asociacija","isPartOf":{"@id":"https:\/\/www.kurortuasociacija.lt\/#website"},"datePublished":"2019-07-05T10:00:17+00:00","dateModified":"2019-07-05T10:12:58+00:00","breadcrumb":{"@id":"https:\/\/www.kurortuasociacija.lt\/kurortai-ir-kurortines-teritorijos\/anyksciai\/#breadcrumb"},"inLanguage":"en-US","potentialAction":[{"@type":"ReadAction","target":["https:\/\/www.kurortuasociacija.lt\/kurortai-ir-kurortines-teritorijos\/anyksciai\/"]}]},{"@type":"BreadcrumbList","@id":"https:\/\/www.kurortuasociacija.lt\/kurortai-ir-kurortines-teritorijos\/anyksciai\/#breadcrumb","itemListElement":[{"@type":"ListItem","position":1,"name":"Home","item":"https:\/\/www.kurortuasociacija.lt\/en\/"},{"@type":"ListItem","position":2,"name":"Resorts and resort areas","item":"https:\/\/www.kurortuasociacija.lt\/kurortai-ir-kurortines-teritorijos\/"},{"@type":"ListItem","position":3,"name":"Anyk\u0161\u010diai"}]},{"@type":"WebSite","@id":"https:\/\/www.kurortuasociacija.lt\/#website","url":"https:\/\/www.kurortuasociacija.lt\/","name":"Kurort\u0173 asociacija","description":"Lietuvos kurort\u0173 asociacija","potentialAction":[{"@type":"SearchAction","target":{"@type":"EntryPoint","urlTemplate":"https:\/\/www.kurortuasociacija.lt\/?s={search_term_string}"},"query-input":{"@type":"PropertyValueSpecification","valueRequired":true,"valueName":"search_term_string"}}],"inLanguage":"en-US"}]}},"_links":{"self":[{"href":"https:\/\/www.kurortuasociacija.lt\/en\/wp-json\/wp\/v2\/pages\/776","targetHints":{"allow":["GET"]}}],"collection":[{"href":"https:\/\/www.kurortuasociacija.lt\/en\/wp-json\/wp\/v2\/pages"}],"about":[{"href":"https:\/\/www.kurortuasociacija.lt\/en\/wp-json\/wp\/v2\/types\/page"}],"author":[{"embeddable":true,"href":"https:\/\/www.kurortuasociacija.lt\/en\/wp-json\/wp\/v2\/users\/1"}],"replies":[{"embeddable":true,"href":"https:\/\/www.kurortuasociacija.lt\/en\/wp-json\/wp\/v2\/comments?post=776"}],"version-history":[{"count":4,"href":"https:\/\/www.kurortuasociacija.lt\/en\/wp-json\/wp\/v2\/pages\/776\/revisions"}],"predecessor-version":[{"id":780,"href":"https:\/\/www.kurortuasociacija.lt\/en\/wp-json\/wp\/v2\/pages\/776\/revisions\/780"}],"up":[{"embeddable":true,"href":"https:\/\/www.kurortuasociacija.lt\/en\/wp-json\/wp\/v2\/pages\/763"}],"wp:attachment":[{"href":"https:\/\/www.kurortuasociacija.lt\/en\/wp-json\/wp\/v2\/media?parent=776"}],"curies":[{"name":"wp","href":"https:\/\/api.w.org\/{rel}","templated":true}]}}