{"id":725,"date":"2019-07-02T23:21:44","date_gmt":"2019-07-02T21:21:44","guid":{"rendered":"https:\/\/www.kurortuasociacija.lt\/?page_id=725"},"modified":"2023-06-27T12:32:51","modified_gmt":"2023-06-27T10:32:51","slug":"what-are-we","status":"publish","type":"page","link":"https:\/\/www.kurortuasociacija.lt\/en\/what-are-we\/","title":{"rendered":"What are we"},"content":{"rendered":"<div class=\"wpb-content-wrapper\"><p>[vc_row][vc_column][vc_custom_heading text=&#8221;About us&#8221; font_container=&#8221;tag:h2|text_align:center&#8221; use_theme_fonts=&#8221;yes&#8221; css=&#8221;.vc_custom_1562101619280{margin-bottom: 50px !important;}&#8221;][\/vc_column][\/vc_row][vc_row][vc_column width=&#8221;2\/3&#8243; offset=&#8221;vc_col-lg-offset-2 vc_col-lg-8 vc_col-xs-12&#8243;][vc_column_text]<\/p>\n<p style=\"text-align: center;\"><strong>The Lithuanian Association of Resorts (hereinafter referred to as the &#8220;Association&#8221; or as the &#8220;LAR&#8221;)<\/strong> is a non-profit organization engaged in dealing with general problems of its members \u2013 municipalities, towns and other residential areas that were granted the status of resort or recreational area (hereinafter referred to as &#8220;resorts&#8221;); the LAR represents general interests of its members when dealing with the state authorities and governmental institutions, foreign resorts and other international organizations, participates in the formation of the strategy of its members, coordinates their targeted activities in wellness tourism, spa treatment, wellness via natural resources, resort and spa science, spa services and other areas, and promotes and defends other interests of members of the Association.<\/p>\n<p>&nbsp;<\/p>\n<p style=\"text-align: center;\">The Association <strong>started its activities on 2 March 2007<\/strong> and at present unites the resorts of <strong>Bir\u0161tonas, Druskininkai, Neringa and Palanga and the resort areas of Anyk\u0161\u010diai, Ignalina, Trakai, Zarasai and Kaunas district.\u00a0<\/strong><\/p>\n<p>[\/vc_column_text][\/vc_column][\/vc_row][vc_row gap=&#8221;25&#8243; equal_height=&#8221;yes&#8221; css=&#8221;.vc_custom_1548433490469{margin-top: 25px !important;}&#8221;][vc_column width=&#8221;1\/3&#8243; css=&#8221;.vc_custom_1559111252506{background-color: rgba(63,100,137,0.86) !important;*background-color: rgb(63,100,137) !important;}&#8221;][vc_custom_heading text=&#8221;Objective&#8221; font_container=&#8221;tag:h3|text_align:center|color:%23fec200&#8243; use_theme_fonts=&#8221;yes&#8221; css=&#8221;.vc_custom_1562101767486{margin-bottom: 50px !important;}&#8221;][vc_column_text el_class=&#8221;white-text&#8221;]<\/p>\n<p style=\"text-align: center;\">To coordinate the activities of members of the Association, to represent the interests of members of the Association and to defend them in implementing objectives and tasks of the Association.<\/p>\n<p>[\/vc_column_text][\/vc_column][vc_column width=&#8221;1\/3&#8243; css=&#8221;.vc_custom_1559111293352{background-color: rgba(63,100,137,0.86) !important;*background-color: rgb(63,100,137) !important;}&#8221;][vc_custom_heading text=&#8221;Mission&#8221; font_container=&#8221;tag:h3|text_align:center|color:%23fec200&#8243; use_theme_fonts=&#8221;yes&#8221; css=&#8221;.vc_custom_1562101780054{margin-bottom: 50px !important;}&#8221;][vc_column_text el_class=&#8221;white-text&#8221;]<\/p>\n<p style=\"text-align: center;\">To unite Lithuanian tourist resorts and resort areas and to represent their interests through the promotion of spa \/ health resort treatment, wellness through natural resources, wellness tourism and implementation of other goals of the Association.<\/p>\n<p>[\/vc_column_text][\/vc_column][vc_column width=&#8221;1\/3&#8243; css=&#8221;.vc_custom_1559111300946{background-color: rgba(63,100,137,0.86) !important;*background-color: rgb(63,100,137) !important;}&#8221;][vc_custom_heading text=&#8221;Vision&#8221; font_container=&#8221;tag:h3|text_align:center|color:%23fec200&#8243; use_theme_fonts=&#8221;yes&#8221; css=&#8221;.vc_custom_1562101796428{margin-bottom: 50px !important;}&#8221;][vc_column_text el_class=&#8221;white-text&#8221;]<\/p>\n<p style=\"text-align: center;\">To be the most influential organization representing Lithuanian resorts and resort areas, bringing together members for an active, purposeful and fruitful cooperation, representing their interests and making a major impact on the development of spa treatment, natural resources, health tourism and recreation in Lithuania.<\/p>\n<p>[\/vc_column_text][\/vc_column][\/vc_row][vc_row css=&#8221;.vc_custom_1548433675379{margin-top: 50px !important;}&#8221;][vc_column]<div class=\"standard-arrow list-divider bullet-top\"><ul>\n<li>To represent and defend general interests of its members in government authorities and other organizations acting in the resorts sector, in the tourism sector, in the organizations of the European Union and other foreign resorts and other international organizations;<\/li>\n<li>To cooperate with Lithuanian and foreign partners and to participate in the preparation and implementation of international programs \/ projects in the scientific, legal, professional, economic, social, sports and cultural spheres, and to provide the opportunity to use all natural resources to protect and improve health of the population;<\/li>\n<li>To develop and expand the activities of resorts and balneology of the Republic of Lithuania, to increase the attractiveness of Lithuanian resorts culture and natural values for Lithuanian residents, local and foreign tourists, to promote the application and use of natural resources for recreation and health improvement purposes.<\/li>\n<\/ul>\n<\/div>[vc_custom_heading text=&#8221;Key objectives&#8221; font_container=&#8221;tag:h2|text_align:center&#8221; use_theme_fonts=&#8221;yes&#8221; css=&#8221;.vc_custom_1562101980749{margin-bottom: 50px !important;}&#8221;][\/vc_column][\/vc_row][vc_row][vc_column width=&#8221;2\/3&#8243; offset=&#8221;vc_col-lg-offset-2 vc_col-lg-8 vc_col-xs-12&#8243;][vc_column_text]<\/p>\n<p style=\"text-align: left;\">In implementation of its activities, the Lithuanian Association of Resorts is guided by the objectives laid down in the objectives laid down in the <a href=\"https:\/\/www.kurortuasociacija.lt\/wp-content\/uploads\/2019\/01\/Lietuvos_kurortu_asoc_istatai_final.doc\"><strong>Articles of Association <\/strong><\/a>of the Association.<\/p>\n<p>[\/vc_column_text][\/vc_column][\/vc_row][vc_row css=&#8221;.vc_custom_1548433675379{margin-top: 50px !important;}&#8221;][vc_column][vc_custom_heading text=&#8221;Structure of the Association&#8221; font_container=&#8221;tag:h2|text_align:center&#8221; use_theme_fonts=&#8221;yes&#8221; css=&#8221;.vc_custom_1562102238343{margin-bottom: 50px !important;}&#8221;][\/vc_column][\/vc_row][vc_row][vc_column width=&#8221;2\/3&#8243; offset=&#8221;vc_col-lg-offset-2 vc_col-lg-8 vc_col-xs-12&#8243;]<div class=\"standard-arrow list-divider bullet-top\"><ul>\n<li><strong>President of the Association<\/strong> \u2013 \u0160ar\u016bnas Vaitkus (Mayor of Palanga Town Municipality);<\/li>\n<li><strong>Vice-president of the Association<\/strong> &#8211; Laimutis Ragai\u0161is (Mayor of Ignalina District Municipality);<\/li>\n<li><strong>Presidium of the Association:<\/strong><br \/>\n\u0160ar\u016bnas Vaitkus (Mayor of Palanga Town Municipality); Andrius \u0160atevi\u010dius\u00a0(Mayor of Trakai District Municipality),<br \/>\nNijol\u0117 Dirgin\u010dien\u0117 (Mayor of Bir\u0161tonas Municipality),<br \/>\nRi\u010dardas Malinauskas (Mayor of Druskininkai Municipality),<br \/>\nDarius Jasaitis (Mayor of Neringa Municipality),<br \/>\nK\u0119stutis Tubis (Mayor of Anyk\u0161\u010diai District Municipality),<br \/>\nValerijus Mak\u016bnas (Mayor of Kaunas District Municipality),<br \/>\nLaimutis Ragai\u0161is (Mayor of Ignalina District Municipality),<br \/>\nNijol\u0117 Guobien\u0117 (Mayor of Zarasai District Municipality).<\/li>\n<li><strong>Executive Director of the Association <\/strong> \u2013 Kristina Citvarien\u0117<\/li>\n<li><strong>Financial Officer of the<\/strong> <strong>Association <\/strong> \u2013 Rima Vi\u010dien\u0117<\/li>\n<\/ul>\n<\/div>[\/vc_column][\/vc_row]<\/p>\n<\/div>","protected":false},"excerpt":{"rendered":"<p>[vc_row][vc_column][vc_custom_heading text=&#8221;About us&#8221; font_container=&#8221;tag:h2|text_align:center&#8221; use_theme_fonts=&#8221;yes&#8221; css=&#8221;.vc_custom_1562101619280{margin-bottom: 50px !important;}&#8221;][\/vc_column][\/vc_row][vc_row][vc_column width=&#8221;2\/3&#8243; offset=&#8221;vc_col-lg-offset-2 vc_col-lg-8 vc_col-xs-12&#8243;][vc_column_text] The Lithuanian Association of Resorts (hereinafter referred to as the &#8220;Association&#8221; or as the &#8220;LAR&#8221;) is a non-profit organization engaged in dealing with general problems of its members \u2013 municipalities, towns and other residential areas that were granted the status of resort or&hellip;<\/p>\n","protected":false},"author":1,"featured_media":0,"parent":0,"menu_order":0,"comment_status":"closed","ping_status":"closed","template":"","meta":{"pgc_sgb_lightbox_settings":"","footnotes":""},"class_list":["post-725","page","type-page","status-publish","hentry","description-off"],"yoast_head":"<!-- This site is optimized with the Yoast SEO plugin v27.3 - https:\/\/yoast.com\/product\/yoast-seo-wordpress\/ -->\n<title>What are we - Kurort\u0173 asociacija<\/title>\n<meta name=\"robots\" content=\"index, follow, max-snippet:-1, max-image-preview:large, max-video-preview:-1\" \/>\n<link rel=\"canonical\" href=\"https:\/\/www.kurortuasociacija.lt\/kas-mes-esame\/\" \/>\n<meta property=\"og:locale\" content=\"en_US\" \/>\n<meta property=\"og:type\" content=\"article\" \/>\n<meta property=\"og:title\" content=\"What are we - Kurort\u0173 asociacija\" \/>\n<meta property=\"og:description\" content=\"[vc_row][vc_column][vc_custom_heading text=&#8221;About us&#8221; font_container=&#8221;tag:h2|text_align:center&#8221; use_theme_fonts=&#8221;yes&#8221; css=&#8221;.vc_custom_1562101619280{margin-bottom: 50px !important;}&#8221;][\/vc_column][\/vc_row][vc_row][vc_column width=&#8221;2\/3&#8243; offset=&#8221;vc_col-lg-offset-2 vc_col-lg-8 vc_col-xs-12&#8243;][vc_column_text] The Lithuanian Association of Resorts (hereinafter referred to as the &#8220;Association&#8221; or as the &#8220;LAR&#8221;) is a non-profit organization engaged in dealing with general problems of its members \u2013 municipalities, towns and other residential areas that were granted the status of resort or&hellip;\" \/>\n<meta property=\"og:url\" content=\"https:\/\/www.kurortuasociacija.lt\/kas-mes-esame\/\" \/>\n<meta property=\"og:site_name\" content=\"Kurort\u0173 asociacija\" \/>\n<meta property=\"article:modified_time\" content=\"2023-06-27T10:32:51+00:00\" \/>\n<meta name=\"twitter:card\" content=\"summary_large_image\" \/>\n<meta name=\"twitter:label1\" content=\"Est. reading time\" \/>\n\t<meta name=\"twitter:data1\" content=\"4 minutes\" \/>\n<script type=\"application\/ld+json\" class=\"yoast-schema-graph\">{\"@context\":\"https:\\\/\\\/schema.org\",\"@graph\":[{\"@type\":\"WebPage\",\"@id\":\"https:\\\/\\\/www.kurortuasociacija.lt\\\/kas-mes-esame\\\/\",\"url\":\"https:\\\/\\\/www.kurortuasociacija.lt\\\/kas-mes-esame\\\/\",\"name\":\"What are we - Kurort\u0173 asociacija\",\"isPartOf\":{\"@id\":\"https:\\\/\\\/www.kurortuasociacija.lt\\\/#website\"},\"datePublished\":\"2019-07-02T21:21:44+00:00\",\"dateModified\":\"2023-06-27T10:32:51+00:00\",\"breadcrumb\":{\"@id\":\"https:\\\/\\\/www.kurortuasociacija.lt\\\/kas-mes-esame\\\/#breadcrumb\"},\"inLanguage\":\"en-US\",\"potentialAction\":[{\"@type\":\"ReadAction\",\"target\":[\"https:\\\/\\\/www.kurortuasociacija.lt\\\/kas-mes-esame\\\/\"]}]},{\"@type\":\"BreadcrumbList\",\"@id\":\"https:\\\/\\\/www.kurortuasociacija.lt\\\/kas-mes-esame\\\/#breadcrumb\",\"itemListElement\":[{\"@type\":\"ListItem\",\"position\":1,\"name\":\"Home\",\"item\":\"https:\\\/\\\/www.kurortuasociacija.lt\\\/en\\\/\"},{\"@type\":\"ListItem\",\"position\":2,\"name\":\"What are we\"}]},{\"@type\":\"WebSite\",\"@id\":\"https:\\\/\\\/www.kurortuasociacija.lt\\\/#website\",\"url\":\"https:\\\/\\\/www.kurortuasociacija.lt\\\/\",\"name\":\"Kurort\u0173 asociacija\",\"description\":\"Lietuvos kurort\u0173 asociacija\",\"potentialAction\":[{\"@type\":\"SearchAction\",\"target\":{\"@type\":\"EntryPoint\",\"urlTemplate\":\"https:\\\/\\\/www.kurortuasociacija.lt\\\/?s={search_term_string}\"},\"query-input\":{\"@type\":\"PropertyValueSpecification\",\"valueRequired\":true,\"valueName\":\"search_term_string\"}}],\"inLanguage\":\"en-US\"}]}<\/script>\n<!-- \/ Yoast SEO plugin. -->","yoast_head_json":{"title":"What are we - Kurort\u0173 asociacija","robots":{"index":"index","follow":"follow","max-snippet":"max-snippet:-1","max-image-preview":"max-image-preview:large","max-video-preview":"max-video-preview:-1"},"canonical":"https:\/\/www.kurortuasociacija.lt\/kas-mes-esame\/","og_locale":"en_US","og_type":"article","og_title":"What are we - Kurort\u0173 asociacija","og_description":"[vc_row][vc_column][vc_custom_heading text=&#8221;About us&#8221; font_container=&#8221;tag:h2|text_align:center&#8221; use_theme_fonts=&#8221;yes&#8221; css=&#8221;.vc_custom_1562101619280{margin-bottom: 50px !important;}&#8221;][\/vc_column][\/vc_row][vc_row][vc_column width=&#8221;2\/3&#8243; offset=&#8221;vc_col-lg-offset-2 vc_col-lg-8 vc_col-xs-12&#8243;][vc_column_text] The Lithuanian Association of Resorts (hereinafter referred to as the &#8220;Association&#8221; or as the &#8220;LAR&#8221;) is a non-profit organization engaged in dealing with general problems of its members \u2013 municipalities, towns and other residential areas that were granted the status of resort or&hellip;","og_url":"https:\/\/www.kurortuasociacija.lt\/kas-mes-esame\/","og_site_name":"Kurort\u0173 asociacija","article_modified_time":"2023-06-27T10:32:51+00:00","twitter_card":"summary_large_image","twitter_misc":{"Est. reading time":"4 minutes"},"schema":{"@context":"https:\/\/schema.org","@graph":[{"@type":"WebPage","@id":"https:\/\/www.kurortuasociacija.lt\/kas-mes-esame\/","url":"https:\/\/www.kurortuasociacija.lt\/kas-mes-esame\/","name":"What are we - Kurort\u0173 asociacija","isPartOf":{"@id":"https:\/\/www.kurortuasociacija.lt\/#website"},"datePublished":"2019-07-02T21:21:44+00:00","dateModified":"2023-06-27T10:32:51+00:00","breadcrumb":{"@id":"https:\/\/www.kurortuasociacija.lt\/kas-mes-esame\/#breadcrumb"},"inLanguage":"en-US","potentialAction":[{"@type":"ReadAction","target":["https:\/\/www.kurortuasociacija.lt\/kas-mes-esame\/"]}]},{"@type":"BreadcrumbList","@id":"https:\/\/www.kurortuasociacija.lt\/kas-mes-esame\/#breadcrumb","itemListElement":[{"@type":"ListItem","position":1,"name":"Home","item":"https:\/\/www.kurortuasociacija.lt\/en\/"},{"@type":"ListItem","position":2,"name":"What are we"}]},{"@type":"WebSite","@id":"https:\/\/www.kurortuasociacija.lt\/#website","url":"https:\/\/www.kurortuasociacija.lt\/","name":"Kurort\u0173 asociacija","description":"Lietuvos kurort\u0173 asociacija","potentialAction":[{"@type":"SearchAction","target":{"@type":"EntryPoint","urlTemplate":"https:\/\/www.kurortuasociacija.lt\/?s={search_term_string}"},"query-input":{"@type":"PropertyValueSpecification","valueRequired":true,"valueName":"search_term_string"}}],"inLanguage":"en-US"}]}},"_links":{"self":[{"href":"https:\/\/www.kurortuasociacija.lt\/en\/wp-json\/wp\/v2\/pages\/725","targetHints":{"allow":["GET"]}}],"collection":[{"href":"https:\/\/www.kurortuasociacija.lt\/en\/wp-json\/wp\/v2\/pages"}],"about":[{"href":"https:\/\/www.kurortuasociacija.lt\/en\/wp-json\/wp\/v2\/types\/page"}],"author":[{"embeddable":true,"href":"https:\/\/www.kurortuasociacija.lt\/en\/wp-json\/wp\/v2\/users\/1"}],"replies":[{"embeddable":true,"href":"https:\/\/www.kurortuasociacija.lt\/en\/wp-json\/wp\/v2\/comments?post=725"}],"version-history":[{"count":4,"href":"https:\/\/www.kurortuasociacija.lt\/en\/wp-json\/wp\/v2\/pages\/725\/revisions"}],"predecessor-version":[{"id":2584,"href":"https:\/\/www.kurortuasociacija.lt\/en\/wp-json\/wp\/v2\/pages\/725\/revisions\/2584"}],"wp:attachment":[{"href":"https:\/\/www.kurortuasociacija.lt\/en\/wp-json\/wp\/v2\/media?parent=725"}],"curies":[{"name":"wp","href":"https:\/\/api.w.org\/{rel}","templated":true}]}}