{"id":730,"date":"2019-07-04T15:24:06","date_gmt":"2019-07-04T13:24:06","guid":{"rendered":"https:\/\/www.kurortuasociacija.lt\/?page_id=730"},"modified":"2023-01-11T15:35:59","modified_gmt":"2023-01-11T13:35:59","slug":"wer-sind-wir","status":"publish","type":"page","link":"https:\/\/www.kurortuasociacija.lt\/de\/wer-sind-wir\/","title":{"rendered":"Wer sind wir"},"content":{"rendered":"<div class=\"wpb-content-wrapper\"><p>[vc_row][vc_column][vc_custom_heading text=&#8220;\u00dcber uns&#8220; font_container=&#8220;tag:h2|text_align:center&#8220; use_theme_fonts=&#8220;yes&#8220; css=&#8220;.vc_custom_1562246867024{margin-bottom: 50px !important;}&#8220;][\/vc_column][\/vc_row][vc_row][vc_column width=&#8220;2\/3&#8243; offset=&#8220;vc_col-lg-offset-2 vc_col-lg-8 vc_col-xs-12&#8243;][vc_column_text]<\/p>\n<p style=\"text-align: center;\"><strong>Die Assoziation der Kurorte Litauens (im Folgenden \u2013 \u201eAssoziation, LKA\u201c<\/strong> \u2013 ist die Organisation ohne Erwerbszweck, die den Status ihrer Mitglieder \u00fcberwacht. Dazu geh\u00f6ren Gemeinden, St\u00e4dte und Regionen, denen der Status eines Ferienorts oder einer Ferienregion (im Folgenden als &#8222;Ferienorte&#8220; bezeichnet) gew\u00e4hrt wurde. Die Organisation vertritt die Interessen ihrer Mitglieder bei Regierungen und staatlichen Institutionen, ausl\u00e4ndischen Ferienorten und anderen Bereichen der internationalen Zusammenarbeit. Sie koordiniert die Aktivit\u00e4ten der Mitglieder in den Bereichen Gesundheitstourismus, Kurbehandlung, nat\u00fcrliche Gesundheit, nat\u00fcrliche Ressourcen, Kurwissenschaft, Kurdienstleistungen und anderen Angelegenheiten, die die Interessen der Verbandsmitglieder betreffen.<\/p>\n<p>&nbsp;<\/p>\n<p style=\"text-align: center;\"><strong>Der Anfang der T\u00e4tigkeit ist den 2. M\u00e4rz 2007<\/strong>\u00a0und zurzeit vereinigt die Assoziation\u00a0<strong>die Kurorte Bir\u0161tonas, Druskininkai, Neringa und Palanga und die Kurortgebiete in Anyk\u0161\u010diai, Ignalina, Trakai, Zarasai und Kreis Kaunas.<\/strong><\/p>\n<p>[\/vc_column_text][\/vc_column][\/vc_row][vc_row gap=&#8220;25&#8243; equal_height=&#8220;yes&#8220; css=&#8220;.vc_custom_1548433490469{margin-top: 25px !important;}&#8220;][vc_column width=&#8220;1\/3&#8243; css=&#8220;.vc_custom_1559111252506{background-color: rgba(63,100,137,0.86) !important;*background-color: rgb(63,100,137) !important;}&#8220;][vc_custom_heading text=&#8220;Ziel&#8220; font_container=&#8220;tag:h3|text_align:center|color:%23fec200&#8243; use_theme_fonts=&#8220;yes&#8220; css=&#8220;.vc_custom_1562246984167{margin-bottom: 50px !important;}&#8220;][vc_column_text el_class=&#8220;white-text&#8220;]<\/p>\n<p style=\"text-align: center;\">Die T\u00e4tigkeit der Mitglieder der Assoziation zu koordinieren, die Interesse der Mitglieder der Assoziation durch Verwirklichung der Ziele und Aufgaben der Assoziation zu vertreten und zu verteidigen.<\/p>\n<p>[\/vc_column_text][\/vc_column][vc_column width=&#8220;1\/3&#8243; css=&#8220;.vc_custom_1559111293352{background-color: rgba(63,100,137,0.86) !important;*background-color: rgb(63,100,137) !important;}&#8220;][vc_custom_heading text=&#8220;Mission&#8220; font_container=&#8220;tag:h3|text_align:center|color:%23fec200&#8243; use_theme_fonts=&#8220;yes&#8220; css=&#8220;.vc_custom_1562246995188{margin-bottom: 50px !important;}&#8220;][vc_column_text el_class=&#8220;white-text&#8220;]<\/p>\n<p style=\"text-align: center;\">Die litauischen Kurorte und Kurortgebiete zu vereinigen und ihre Interessen zu vertreten, die Kurbehandlung, die Gesundheitsf\u00f6rderung mittels nat\u00fcrlicher Ressourcen, des Gesundheitstourismus zu verbreiten und andere Ziele der Assoziation zu verwirklichen.<\/p>\n<p>[\/vc_column_text][\/vc_column][vc_column width=&#8220;1\/3&#8243; css=&#8220;.vc_custom_1559111300946{background-color: rgba(63,100,137,0.86) !important;*background-color: rgb(63,100,137) !important;}&#8220;][vc_custom_heading text=&#8220;Vision&#8220; font_container=&#8220;tag:h3|text_align:center|color:%23fec200&#8243; use_theme_fonts=&#8220;yes&#8220; css=&#8220;.vc_custom_1562247007763{margin-bottom: 50px !important;}&#8220;][vc_column_text el_class=&#8220;white-text&#8220;]<\/p>\n<p style=\"text-align: center;\">Die einflussreichste Organisation sein, die litauische Resorts und Urlaubsregionen vertritt, Mitglieder f\u00fcr eine aktive, zielgerichtete und fruchtbare Zusammenarbeit zusammenbringt, deren Interessen vertritt und einen wesentlichen Einfluss auf die Entwicklung von Kurbehandlungen, nat\u00fcrlichen Ressourcen, Gesundheitstourismus und Erholung in Litauen aus\u00fcbt.<\/p>\n<p>[\/vc_column_text][\/vc_column][\/vc_row][vc_row css=&#8220;.vc_custom_1548433675379{margin-top: 50px !important;}&#8220;][vc_column]<div class=\"standard-arrow list-divider bullet-top\"><ul>\n<li>Vertretung und Verteidigung der allgemeinen Interessen von Mitgliedern bei Regierungsinstitutionen und anderen Resorts, bei im Tourismussektor t\u00e4tigen Organisationen, der Europ\u00e4ischen Union und anderen ausl\u00e4ndischen Resorts und anderen internationalen Organisationen;<\/li>\n<li>Mit litauischen und ausl\u00e4ndischen Partnern zusammenzuarbeiten und sich an der Vorbereitung und Durchf\u00fchrung internationaler Programme \/ Projekte in den Bereichen Wissenschaft, Recht, Beruf, Wirtschaft, Soziales, Sport und Kultur zu beteiligen und die M\u00f6glichkeit zu bieten, alle nat\u00fcrlichen Ressourcen zu nutzen, um die Gesundheit der Bev\u00f6lkerung zu sch\u00fctzen und zu verbessern;<\/li>\n<li>Ausbau und Entwicklung der T\u00e4tigkeit der Kurorte und der B\u00e4derheilkunde der Republik Litauen, Steigerung der Attraktivit\u00e4t der Kultur- und Naturwerte der litauischen Kurorte f\u00fcr die Einwohner Litauens, einheimische und ausl\u00e4ndische Touristen, F\u00f6rderung der Nutzung nat\u00fcrlicher Ressourcen f\u00fcr Erholungs- und Gesundheitszwecke.<\/li>\n<\/ul>\n<\/div>[vc_custom_heading text=&#8220;Die Hauptziele&#8220; font_container=&#8220;tag:h2|text_align:center&#8220; use_theme_fonts=&#8220;yes&#8220; css=&#8220;.vc_custom_1562248488644{margin-bottom: 50px !important;}&#8220;][\/vc_column][\/vc_row][vc_row][vc_column width=&#8220;2\/3&#8243; offset=&#8220;vc_col-lg-offset-2 vc_col-lg-8 vc_col-xs-12&#8243;][vc_column_text]<\/p>\n<p style=\"text-align: left;\">Bei der Aus\u00fcbung ihrer T\u00e4tigkeit orientiert sich die Assoziation der Kurorte Litauens an den in der <a href=\"https:\/\/www.kurortuasociacija.lt\/wp-content\/uploads\/2019\/01\/Lietuvos_kurortu_asoc_istatai_final.doc\"><strong>Satzung der Assoziation <\/strong><\/a>festgelegten Zielen.<\/p>\n<p>[\/vc_column_text][\/vc_column][\/vc_row][vc_row css=&#8220;.vc_custom_1548433675379{margin-top: 50px !important;}&#8220;][vc_column][vc_custom_heading text=&#8220;Struktur der Assoziation&#8220; font_container=&#8220;tag:h2|text_align:center&#8220; use_theme_fonts=&#8220;yes&#8220; css=&#8220;.vc_custom_1562247292473{margin-bottom: 50px !important;}&#8220;][\/vc_column][\/vc_row][vc_row][vc_column width=&#8220;2\/3&#8243; offset=&#8220;vc_col-lg-offset-2 vc_col-lg-8 vc_col-xs-12&#8243;]<div class=\"standard-arrow list-divider bullet-top\"><ul>\n<li><strong>Pr\u00e4sident der Assoziation<\/strong> \u2013\u00a0Nijol\u0117 Dirgin\u010dien\u0117 (<em>B\u00fcrgermeisterin der Stadtverwaltung Bir\u0161tonas<\/em>)\u0436<\/li>\n<li><strong>Vizepr\u00e4sident der Assoziation<\/strong> \u2013 Valerijus Mak\u016bnas (<em>B\u00fcrgermeister der Verwaltung des Kreises Kaunas<\/em>)<\/li>\n<li><strong>Pr\u00e4sidium der Assoziation:\u00a0<\/strong><br \/>\n\u0160ar\u016bnas Vaitkus (<em>B\u00fcrgermeister der Stadtverwaltung Palanga<\/em>),<br \/>\nAndrius \u0160atevi\u010dius (<em>B\u00fcrgermeisterin der Verwaltung des Kreises Trakai<\/em>),<br \/>\nNijol\u0117 Dirgin\u010dien\u0117 (<em>B\u00fcrgermeisterin der Stadtverwaltung Bir\u0161tonas<\/em>),<br \/>\nRi\u010dardas Malinauskas (<em>B\u00fcrgermeister der Stadtverwaltung Druskininkai<\/em>),<br \/>\nDarius Jasaitis (<em>B\u00fcrgermeister der Stadtverwaltung Neringa<\/em>),<br \/>\nSigutis Obelevi\u010dius (<em>B\u00fcrgermeister der Verwaltung des Kreises Anyk\u0161\u010diai<\/em>),<br \/>\nValerijus Mak\u016bnas (<em>B\u00fcrgermeister der Verwaltung des Kreises Kaunas<\/em>),<br \/>\nJustas Rasikas (<em>B\u00fcrgermeister der Verwaltung des Kreises Ignalina<\/em>),<br \/>\nNikojalus Gusevas (<em>B\u00fcrgermeister der Verwaltung des Kreises Zarasai<\/em>).<\/li>\n<li><strong>Gesch\u00e4ftsf\u00fchrende Direktorin der Assoziation<\/strong> \u2013 Kristina Citvarien\u0117<\/li>\n<li><strong>F\u00fcr die Finanzen der Assoziation zust\u00e4ndiger Mitglied<\/strong> \u2013 Rima Vi\u010dien\u0117<\/li>\n<\/ul>\n<\/div>[\/vc_column][\/vc_row]<\/p>\n<\/div>","protected":false},"excerpt":{"rendered":"<p>[vc_row][vc_column][vc_custom_heading text=&#8220;\u00dcber uns&#8220; font_container=&#8220;tag:h2|text_align:center&#8220; use_theme_fonts=&#8220;yes&#8220; css=&#8220;.vc_custom_1562246867024{margin-bottom: 50px !important;}&#8220;][\/vc_column][\/vc_row][vc_row][vc_column width=&#8220;2\/3&#8243; offset=&#8220;vc_col-lg-offset-2 vc_col-lg-8 vc_col-xs-12&#8243;][vc_column_text] Die Assoziation der Kurorte Litauens (im Folgenden \u2013 \u201eAssoziation, LKA\u201c \u2013 ist die Organisation ohne Erwerbszweck, die den Status ihrer Mitglieder \u00fcberwacht. Dazu geh\u00f6ren Gemeinden, St\u00e4dte und Regionen, denen der Status eines Ferienorts oder einer Ferienregion (im Folgenden als &#8222;Ferienorte&#8220; bezeichnet) gew\u00e4hrt wurde.&hellip;<\/p>\n","protected":false},"author":1,"featured_media":0,"parent":0,"menu_order":0,"comment_status":"closed","ping_status":"closed","template":"","meta":{"pgc_sgb_lightbox_settings":"","footnotes":""},"class_list":["post-730","page","type-page","status-publish","hentry","description-off"],"yoast_head":"<!-- This site is optimized with the Yoast SEO plugin v27.4 - https:\/\/yoast.com\/product\/yoast-seo-wordpress\/ -->\n<title>Wer sind wir - Kurort\u0173 asociacija<\/title>\n<meta name=\"robots\" content=\"index, follow, max-snippet:-1, max-image-preview:large, max-video-preview:-1\" \/>\n<link rel=\"canonical\" href=\"https:\/\/www.kurortuasociacija.lt\/kas-mes-esame\/\" \/>\n<meta property=\"og:locale\" content=\"de_DE\" \/>\n<meta property=\"og:type\" content=\"article\" \/>\n<meta property=\"og:title\" content=\"Wer sind wir - Kurort\u0173 asociacija\" \/>\n<meta property=\"og:description\" content=\"[vc_row][vc_column][vc_custom_heading text=&#8220;\u00dcber uns&#8220; font_container=&#8220;tag:h2|text_align:center&#8220; use_theme_fonts=&#8220;yes&#8220; css=&#8220;.vc_custom_1562246867024{margin-bottom: 50px !important;}&#8220;][\/vc_column][\/vc_row][vc_row][vc_column width=&#8220;2\/3&#8243; offset=&#8220;vc_col-lg-offset-2 vc_col-lg-8 vc_col-xs-12&#8243;][vc_column_text] Die Assoziation der Kurorte Litauens (im Folgenden \u2013 \u201eAssoziation, LKA\u201c \u2013 ist die Organisation ohne Erwerbszweck, die den Status ihrer Mitglieder \u00fcberwacht. Dazu geh\u00f6ren Gemeinden, St\u00e4dte und Regionen, denen der Status eines Ferienorts oder einer Ferienregion (im Folgenden als &#8222;Ferienorte&#8220; bezeichnet) gew\u00e4hrt wurde.&hellip;\" \/>\n<meta property=\"og:url\" content=\"https:\/\/www.kurortuasociacija.lt\/kas-mes-esame\/\" \/>\n<meta property=\"og:site_name\" content=\"Kurort\u0173 asociacija\" \/>\n<meta property=\"article:modified_time\" content=\"2023-01-11T13:35:59+00:00\" \/>\n<meta name=\"twitter:card\" content=\"summary_large_image\" \/>\n<meta name=\"twitter:label1\" content=\"Gesch\u00e4tzte Lesezeit\" \/>\n\t<meta name=\"twitter:data1\" content=\"4\u00a0Minuten\" \/>\n<script type=\"application\/ld+json\" class=\"yoast-schema-graph\">{\"@context\":\"https:\\\/\\\/schema.org\",\"@graph\":[{\"@type\":\"WebPage\",\"@id\":\"https:\\\/\\\/www.kurortuasociacija.lt\\\/kas-mes-esame\\\/\",\"url\":\"https:\\\/\\\/www.kurortuasociacija.lt\\\/kas-mes-esame\\\/\",\"name\":\"Wer sind wir - Kurort\u0173 asociacija\",\"isPartOf\":{\"@id\":\"https:\\\/\\\/www.kurortuasociacija.lt\\\/#website\"},\"datePublished\":\"2019-07-04T13:24:06+00:00\",\"dateModified\":\"2023-01-11T13:35:59+00:00\",\"breadcrumb\":{\"@id\":\"https:\\\/\\\/www.kurortuasociacija.lt\\\/kas-mes-esame\\\/#breadcrumb\"},\"inLanguage\":\"de\",\"potentialAction\":[{\"@type\":\"ReadAction\",\"target\":[\"https:\\\/\\\/www.kurortuasociacija.lt\\\/kas-mes-esame\\\/\"]}]},{\"@type\":\"BreadcrumbList\",\"@id\":\"https:\\\/\\\/www.kurortuasociacija.lt\\\/kas-mes-esame\\\/#breadcrumb\",\"itemListElement\":[{\"@type\":\"ListItem\",\"position\":1,\"name\":\"Home\",\"item\":\"https:\\\/\\\/www.kurortuasociacija.lt\\\/de\\\/\"},{\"@type\":\"ListItem\",\"position\":2,\"name\":\"Wer sind wir\"}]},{\"@type\":\"WebSite\",\"@id\":\"https:\\\/\\\/www.kurortuasociacija.lt\\\/#website\",\"url\":\"https:\\\/\\\/www.kurortuasociacija.lt\\\/\",\"name\":\"Kurort\u0173 asociacija\",\"description\":\"Lietuvos kurort\u0173 asociacija\",\"potentialAction\":[{\"@type\":\"SearchAction\",\"target\":{\"@type\":\"EntryPoint\",\"urlTemplate\":\"https:\\\/\\\/www.kurortuasociacija.lt\\\/?s={search_term_string}\"},\"query-input\":{\"@type\":\"PropertyValueSpecification\",\"valueRequired\":true,\"valueName\":\"search_term_string\"}}],\"inLanguage\":\"de\"}]}<\/script>\n<!-- \/ Yoast SEO plugin. -->","yoast_head_json":{"title":"Wer sind wir - Kurort\u0173 asociacija","robots":{"index":"index","follow":"follow","max-snippet":"max-snippet:-1","max-image-preview":"max-image-preview:large","max-video-preview":"max-video-preview:-1"},"canonical":"https:\/\/www.kurortuasociacija.lt\/kas-mes-esame\/","og_locale":"de_DE","og_type":"article","og_title":"Wer sind wir - Kurort\u0173 asociacija","og_description":"[vc_row][vc_column][vc_custom_heading text=&#8220;\u00dcber uns&#8220; font_container=&#8220;tag:h2|text_align:center&#8220; use_theme_fonts=&#8220;yes&#8220; css=&#8220;.vc_custom_1562246867024{margin-bottom: 50px !important;}&#8220;][\/vc_column][\/vc_row][vc_row][vc_column width=&#8220;2\/3&#8243; offset=&#8220;vc_col-lg-offset-2 vc_col-lg-8 vc_col-xs-12&#8243;][vc_column_text] Die Assoziation der Kurorte Litauens (im Folgenden \u2013 \u201eAssoziation, LKA\u201c \u2013 ist die Organisation ohne Erwerbszweck, die den Status ihrer Mitglieder \u00fcberwacht. Dazu geh\u00f6ren Gemeinden, St\u00e4dte und Regionen, denen der Status eines Ferienorts oder einer Ferienregion (im Folgenden als &#8222;Ferienorte&#8220; bezeichnet) gew\u00e4hrt wurde.&hellip;","og_url":"https:\/\/www.kurortuasociacija.lt\/kas-mes-esame\/","og_site_name":"Kurort\u0173 asociacija","article_modified_time":"2023-01-11T13:35:59+00:00","twitter_card":"summary_large_image","twitter_misc":{"Gesch\u00e4tzte Lesezeit":"4\u00a0Minuten"},"schema":{"@context":"https:\/\/schema.org","@graph":[{"@type":"WebPage","@id":"https:\/\/www.kurortuasociacija.lt\/kas-mes-esame\/","url":"https:\/\/www.kurortuasociacija.lt\/kas-mes-esame\/","name":"Wer sind wir - Kurort\u0173 asociacija","isPartOf":{"@id":"https:\/\/www.kurortuasociacija.lt\/#website"},"datePublished":"2019-07-04T13:24:06+00:00","dateModified":"2023-01-11T13:35:59+00:00","breadcrumb":{"@id":"https:\/\/www.kurortuasociacija.lt\/kas-mes-esame\/#breadcrumb"},"inLanguage":"de","potentialAction":[{"@type":"ReadAction","target":["https:\/\/www.kurortuasociacija.lt\/kas-mes-esame\/"]}]},{"@type":"BreadcrumbList","@id":"https:\/\/www.kurortuasociacija.lt\/kas-mes-esame\/#breadcrumb","itemListElement":[{"@type":"ListItem","position":1,"name":"Home","item":"https:\/\/www.kurortuasociacija.lt\/de\/"},{"@type":"ListItem","position":2,"name":"Wer sind wir"}]},{"@type":"WebSite","@id":"https:\/\/www.kurortuasociacija.lt\/#website","url":"https:\/\/www.kurortuasociacija.lt\/","name":"Kurort\u0173 asociacija","description":"Lietuvos kurort\u0173 asociacija","potentialAction":[{"@type":"SearchAction","target":{"@type":"EntryPoint","urlTemplate":"https:\/\/www.kurortuasociacija.lt\/?s={search_term_string}"},"query-input":{"@type":"PropertyValueSpecification","valueRequired":true,"valueName":"search_term_string"}}],"inLanguage":"de"}]}},"_links":{"self":[{"href":"https:\/\/www.kurortuasociacija.lt\/de\/wp-json\/wp\/v2\/pages\/730","targetHints":{"allow":["GET"]}}],"collection":[{"href":"https:\/\/www.kurortuasociacija.lt\/de\/wp-json\/wp\/v2\/pages"}],"about":[{"href":"https:\/\/www.kurortuasociacija.lt\/de\/wp-json\/wp\/v2\/types\/page"}],"author":[{"embeddable":true,"href":"https:\/\/www.kurortuasociacija.lt\/de\/wp-json\/wp\/v2\/users\/1"}],"replies":[{"embeddable":true,"href":"https:\/\/www.kurortuasociacija.lt\/de\/wp-json\/wp\/v2\/comments?post=730"}],"version-history":[{"count":7,"href":"https:\/\/www.kurortuasociacija.lt\/de\/wp-json\/wp\/v2\/pages\/730\/revisions"}],"predecessor-version":[{"id":2405,"href":"https:\/\/www.kurortuasociacija.lt\/de\/wp-json\/wp\/v2\/pages\/730\/revisions\/2405"}],"wp:attachment":[{"href":"https:\/\/www.kurortuasociacija.lt\/de\/wp-json\/wp\/v2\/media?parent=730"}],"curies":[{"name":"wp","href":"https:\/\/api.w.org\/{rel}","templated":true}]}}