{"id":1406,"date":"2019-07-05T15:36:51","date_gmt":"2019-07-05T13:36:51","guid":{"rendered":"https:\/\/www.kurortuasociacija.lt\/?page_id=1406"},"modified":"2021-10-25T16:49:54","modified_gmt":"2021-10-25T14:49:54","slug":"neuigkeiten","status":"publish","type":"page","link":"https:\/\/www.kurortuasociacija.lt\/de\/neuigkeiten\/","title":{"rendered":"Neuigkeiten"},"content":{"rendered":"<div class=\"wpb-content-wrapper\"><p>[vc_row][vc_column]<style type=\"text\/css\" data-type=\"the7_shortcodes-inline-css\">.blog-shortcode.blog-masonry-shortcode-id-36dd71d14eebfb8067d08619bec71b4e.content-bg-on.classic-layout-list article {\n  background: #ffffff;\n  box-shadow: none;\n}\n.blog-shortcode.blog-masonry-shortcode-id-36dd71d14eebfb8067d08619bec71b4e.dividers-on.classic-layout-list article {\n  padding-top: 0;\n}\n.blog-shortcode.blog-masonry-shortcode-id-36dd71d14eebfb8067d08619bec71b4e.dividers-on.classic-layout-list article:first-of-type {\n  margin-top: 0;\n  padding-top: 0;\n}\n.blog-shortcode.blog-masonry-shortcode-id-36dd71d14eebfb8067d08619bec71b4e.classic-layout-list.mode-list .post-entry-content {\n  width: calc(100% - );\n}\n.blog-shortcode.blog-masonry-shortcode-id-36dd71d14eebfb8067d08619bec71b4e.classic-layout-list.mode-list .no-img .post-entry-content {\n  width: 100%;\n}\n.blog-shortcode.blog-masonry-shortcode-id-36dd71d14eebfb8067d08619bec71b4e .filter-bg-decoration .filter-categories a.act {\n  color: #fff;\n}\n.blog-shortcode.blog-masonry-shortcode-id-36dd71d14eebfb8067d08619bec71b4e:not(.mode-masonry) article:first-of-type,\n.blog-shortcode.blog-masonry-shortcode-id-36dd71d14eebfb8067d08619bec71b4e:not(.mode-masonry) article.visible.first:not(.product) {\n  margin-top: 0;\n}\n.blog-shortcode.blog-masonry-shortcode-id-36dd71d14eebfb8067d08619bec71b4e.dividers-on:not(.mode-masonry) article {\n  margin-top: 0;\n}\n.blog-shortcode.blog-masonry-shortcode-id-36dd71d14eebfb8067d08619bec71b4e.dividers-on:not(.mode-masonry) article:first-of-type,\n.blog-shortcode.blog-masonry-shortcode-id-36dd71d14eebfb8067d08619bec71b4e.dividers-on:not(.mode-masonry) article.visible.first:not(.product) {\n  margin-top: 0;\n  padding-top: 0;\n}\n.blog-shortcode.blog-masonry-shortcode-id-36dd71d14eebfb8067d08619bec71b4e .post-thumbnail-wrap {\n  padding: 0px 0px 0px 0px;\n}\n.blog-shortcode.blog-masonry-shortcode-id-36dd71d14eebfb8067d08619bec71b4e.enable-bg-rollover .post-thumbnail-rollover:after {\n  background: -webkit-linear-gradient();\n  background: linear-gradient();\n}\n.blog-shortcode.blog-masonry-shortcode-id-36dd71d14eebfb8067d08619bec71b4e .gallery-zoom-ico {\n  width: 44px;\n  height: 44px;\n  line-height: 44px;\n  border-radius: 100px;\n  margin: -22px 0 0 -22px;\n  border-width: 0px;\n  color: #ffffff;\n}\n.bottom-overlap-layout-list.blog-shortcode.blog-masonry-shortcode-id-36dd71d14eebfb8067d08619bec71b4e .gallery-zoom-ico {\n  margin-top: -72px;\n}\n.gradient-overlay-layout-list.blog-shortcode.blog-masonry-shortcode-id-36dd71d14eebfb8067d08619bec71b4e .gallery-zoom-ico,\n.content-rollover-layout-list.blog-shortcode.blog-masonry-shortcode-id-36dd71d14eebfb8067d08619bec71b4e .gallery-zoom-ico {\n  margin: 0 0 10px;\n}\n.content-align-center.gradient-overlay-layout-list.blog-shortcode.blog-masonry-shortcode-id-36dd71d14eebfb8067d08619bec71b4e .gallery-zoom-ico,\n.content-align-center.content-rollover-layout-list.blog-shortcode.blog-masonry-shortcode-id-36dd71d14eebfb8067d08619bec71b4e .gallery-zoom-ico {\n  margin: 0 auto 10px;\n}\n.dt-icon-bg-on.blog-shortcode.blog-masonry-shortcode-id-36dd71d14eebfb8067d08619bec71b4e .gallery-zoom-ico {\n  background: rgba(255,255,255,0.3);\n  box-shadow: none;\n}\n.blog-shortcode.blog-masonry-shortcode-id-36dd71d14eebfb8067d08619bec71b4e .gallery-zoom-ico > span,\n.blog-shortcode.blog-masonry-shortcode-id-36dd71d14eebfb8067d08619bec71b4e .gallery-zoom-ico:before {\n  font-size: 32px;\n  line-height: 44px;\n}\n.blog-shortcode.blog-masonry-shortcode-id-36dd71d14eebfb8067d08619bec71b4e .gallery-zoom-ico > span,\n.blog-shortcode.blog-masonry-shortcode-id-36dd71d14eebfb8067d08619bec71b4e .gallery-zoom-ico:before {\n  color: #ffffff;\n}\n.blog-shortcode.blog-masonry-shortcode-id-36dd71d14eebfb8067d08619bec71b4e .fancy-date a .entry-month:after,\n.blog-shortcode.blog-masonry-shortcode-id-36dd71d14eebfb8067d08619bec71b4e .fancy-date a .entry-date:after {\n  background: #fec200;\n  box-shadow: none;\n}\n.blog-shortcode.blog-masonry-shortcode-id-36dd71d14eebfb8067d08619bec71b4e .entry-title,\n.blog-shortcode.blog-masonry-shortcode-id-36dd71d14eebfb8067d08619bec71b4e.owl-carousel .entry-title {\n  margin-bottom: 5px;\n  font-weight: bold;\n}\n.blog-shortcode.blog-masonry-shortcode-id-36dd71d14eebfb8067d08619bec71b4e .entry-meta {\n  margin-bottom: 15px;\n}\n.blog-shortcode.blog-masonry-shortcode-id-36dd71d14eebfb8067d08619bec71b4e .portfolio-categories {\n  margin-bottom: 15px;\n}\n.blog-shortcode.blog-masonry-shortcode-id-36dd71d14eebfb8067d08619bec71b4e .entry-excerpt {\n  margin-bottom: 5px;\n}\n.blog-shortcode.blog-masonry-shortcode-id-36dd71d14eebfb8067d08619bec71b4e:not(.centered-layout-list) .post-entry-content {\n  padding: 25px 30px 30px 30px;\n}\n.blog-shortcode.blog-masonry-shortcode-id-36dd71d14eebfb8067d08619bec71b4e:not(.centered-layout-list):not(.content-bg-on):not(.mode-list) .no-img .post-entry-content {\n  padding: 0;\n}\n.blog-shortcode.blog-masonry-shortcode-id-36dd71d14eebfb8067d08619bec71b4e.content-bg-on:not(.classic-layout-list):not(.centered-layout-list) .post-entry-content {\n  background: #ffffff;\n  box-shadow: none;\n}\n@media screen and (max-width: ) {\n  .blog-shortcode.blog-masonry-shortcode-id-36dd71d14eebfb8067d08619bec71b4e article {\n    -ms-flex-flow: column nowrap;\n    flex-flow: column nowrap;\n    margin-top: 20px;\n  }\n  .blog-shortcode.blog-masonry-shortcode-id-36dd71d14eebfb8067d08619bec71b4e.dividers-on article {\n    border: none;\n  }\n  .blog-shortcode.blog-masonry-shortcode-id-36dd71d14eebfb8067d08619bec71b4e.content-bg-on.centered-layout-list article {\n    padding: 0;\n  }\n  .blog-shortcode.blog-masonry-shortcode-id-36dd71d14eebfb8067d08619bec71b4e.blog-shortcode.dividers-on article,\n  .blog-shortcode.blog-masonry-shortcode-id-36dd71d14eebfb8067d08619bec71b4e.dividers-on.classic-layout-list article {\n    margin-top: 20px;\n    padding: 0;\n  }\n  .blog-shortcode.blog-masonry-shortcode-id-36dd71d14eebfb8067d08619bec71b4e.blog-shortcode.dividers-on article:first-of-type,\n  .blog-shortcode.blog-masonry-shortcode-id-36dd71d14eebfb8067d08619bec71b4e.dividers-on.classic-layout-list article:first-of-type {\n    padding: 0;\n  }\n  #page .blog-shortcode.blog-masonry-shortcode-id-36dd71d14eebfb8067d08619bec71b4e .post-thumbnail-wrap,\n  #page .blog-shortcode.blog-masonry-shortcode-id-36dd71d14eebfb8067d08619bec71b4e .post-entry-content {\n    width: 100%;\n    margin: 0;\n    top: 0;\n  }\n  #page .blog-shortcode.blog-masonry-shortcode-id-36dd71d14eebfb8067d08619bec71b4e .post-thumbnail-wrap {\n    padding: 0;\n  }\n  #page .blog-shortcode.blog-masonry-shortcode-id-36dd71d14eebfb8067d08619bec71b4e .post-entry-content:after {\n    display: none;\n  }\n  #page .blog-shortcode.blog-masonry-shortcode-id-36dd71d14eebfb8067d08619bec71b4e .project-even .post-thumbnail-wrap,\n  #page .blog-shortcode.blog-masonry-shortcode-id-36dd71d14eebfb8067d08619bec71b4e.centered-layout-list .post-thumbnail-wrap {\n    -ms-flex-order: 0;\n    order: 0;\n  }\n  #page .blog-shortcode.blog-masonry-shortcode-id-36dd71d14eebfb8067d08619bec71b4e.centered-layout-list .post-entry-title-content {\n    -ms-flex-order: 1;\n    order: 1;\n    width: 100%;\n    padding: 20px 20px 0;\n  }\n  #page .blog-shortcode.blog-masonry-shortcode-id-36dd71d14eebfb8067d08619bec71b4e.centered-layout-list .post-entry-content {\n    -ms-flex-order: 2;\n    order: 2;\n    padding-top: 0;\n  }\n  #page .blog-shortcode.blog-masonry-shortcode-id-36dd71d14eebfb8067d08619bec71b4e .fancy-categories {\n    top: 10px;\n    left: 10px;\n    bottom: auto;\n    right: auto;\n  }\n  #page .blog-shortcode.blog-masonry-shortcode-id-36dd71d14eebfb8067d08619bec71b4e .fancy-date a {\n    top: 10px;\n    right: 10px;\n    left: auto;\n    bottom: auto;\n  }\n  #page .blog-shortcode.blog-masonry-shortcode-id-36dd71d14eebfb8067d08619bec71b4e .post-entry-content {\n    padding: 20px;\n  }\n  #page .blog-shortcode.blog-masonry-shortcode-id-36dd71d14eebfb8067d08619bec71b4e .entry-title {\n    margin: 3px 0 5px;\n    font-size: 20px;\n    line-height: 26px;\n  }\n  #page .blog-shortcode.blog-masonry-shortcode-id-36dd71d14eebfb8067d08619bec71b4e .entry-meta {\n    margin: 5px 0 5px;\n  }\n  #page .blog-shortcode.blog-masonry-shortcode-id-36dd71d14eebfb8067d08619bec71b4e .entry-excerpt {\n    margin: 15px 0 0;\n  }\n  #page .blog-shortcode.blog-masonry-shortcode-id-36dd71d14eebfb8067d08619bec71b4e .post-details {\n    margin: 5px 0 10px;\n  }\n  #page .blog-shortcode.blog-masonry-shortcode-id-36dd71d14eebfb8067d08619bec71b4e .post-details.details-type-link {\n    margin-bottom: 2px;\n  }\n}\n.blog-shortcode.blog-masonry-shortcode-id-36dd71d14eebfb8067d08619bec71b4e:not(.resize-by-browser-width) .dt-css-grid {\n  grid-row-gap: 50px;\n  grid-column-gap: 50px;\n  grid-template-columns: repeat(auto-fill,minmax(,1fr));\n}\n.blog-shortcode.blog-masonry-shortcode-id-36dd71d14eebfb8067d08619bec71b4e:not(.resize-by-browser-width) .dt-css-grid .double-width {\n  grid-column: span 2;\n}\n.cssgridlegacy.no-cssgrid .blog-shortcode.blog-masonry-shortcode-id-36dd71d14eebfb8067d08619bec71b4e:not(.resize-by-browser-width) .dt-css-grid,\n.no-cssgridlegacy.no-cssgrid .blog-shortcode.blog-masonry-shortcode-id-36dd71d14eebfb8067d08619bec71b4e:not(.resize-by-browser-width) .dt-css-grid {\n  display: flex;\n  flex-flow: row wrap;\n  margin: -25px;\n}\n.cssgridlegacy.no-cssgrid .blog-shortcode.blog-masonry-shortcode-id-36dd71d14eebfb8067d08619bec71b4e:not(.resize-by-browser-width) .dt-css-grid .wf-cell,\n.no-cssgridlegacy.no-cssgrid .blog-shortcode.blog-masonry-shortcode-id-36dd71d14eebfb8067d08619bec71b4e:not(.resize-by-browser-width) .dt-css-grid .wf-cell {\n  flex: 1 0 ;\n  max-width: 100%;\n  padding: 25px;\n  box-sizing: border-box;\n}\n.blog-shortcode.blog-masonry-shortcode-id-36dd71d14eebfb8067d08619bec71b4e.resize-by-browser-width .dt-css-grid {\n  grid-template-columns: repeat(3,1fr);\n  grid-template-rows: auto;\n  grid-column-gap: 50px;\n  grid-row-gap: 50px;\n}\n.blog-shortcode.blog-masonry-shortcode-id-36dd71d14eebfb8067d08619bec71b4e.resize-by-browser-width .dt-css-grid .double-width {\n  grid-column: span 2;\n}\n.cssgridlegacy.no-cssgrid .blog-shortcode.blog-masonry-shortcode-id-36dd71d14eebfb8067d08619bec71b4e.resize-by-browser-width .dt-css-grid {\n  margin: -25px;\n}\n.cssgridlegacy.no-cssgrid .blog-shortcode.blog-masonry-shortcode-id-36dd71d14eebfb8067d08619bec71b4e.resize-by-browser-width .dt-css-grid .wf-cell {\n  width: 33.333333333333%;\n  padding: 25px;\n}\n.cssgridlegacy.no-cssgrid .blog-shortcode.blog-masonry-shortcode-id-36dd71d14eebfb8067d08619bec71b4e.resize-by-browser-width .dt-css-grid .wf-cell.double-width {\n  width: calc(33.333333333333%) * 2;\n}\n.blog-shortcode.blog-masonry-shortcode-id-36dd71d14eebfb8067d08619bec71b4e.resize-by-browser-width:not(.centered-layout-list):not(.content-bg-on) .dt-css-grid {\n  grid-row-gap: 20px;\n}\n@media screen and (max-width: 1199px) {\n  .blog-shortcode.blog-masonry-shortcode-id-36dd71d14eebfb8067d08619bec71b4e.resize-by-browser-width .dt-css-grid {\n    grid-template-columns: repeat(3,1fr);\n  }\n  .cssgridlegacy.no-cssgrid .blog-shortcode.blog-masonry-shortcode-id-36dd71d14eebfb8067d08619bec71b4e.resize-by-browser-width .dt-css-grid .wf-cell,\n  .no-cssgridlegacy.no-cssgrid .blog-shortcode.blog-masonry-shortcode-id-36dd71d14eebfb8067d08619bec71b4e.resize-by-browser-width .dt-css-grid .wf-cell {\n    width: 33.333333333333%;\n  }\n  .cssgridlegacy.no-cssgrid .blog-shortcode.blog-masonry-shortcode-id-36dd71d14eebfb8067d08619bec71b4e.resize-by-browser-width .dt-css-grid .wf-cell.double-width,\n  .no-cssgridlegacy.no-cssgrid .blog-shortcode.blog-masonry-shortcode-id-36dd71d14eebfb8067d08619bec71b4e.resize-by-browser-width .dt-css-grid .wf-cell.double-width {\n    width: calc(33.333333333333%)*2;\n  }\n}\n@media screen and (max-width: 991px) {\n  .blog-shortcode.blog-masonry-shortcode-id-36dd71d14eebfb8067d08619bec71b4e.resize-by-browser-width .dt-css-grid {\n    grid-template-columns: repeat(2,1fr);\n  }\n  .cssgridlegacy.no-cssgrid .blog-shortcode.blog-masonry-shortcode-id-36dd71d14eebfb8067d08619bec71b4e.resize-by-browser-width .dt-css-grid .wf-cell,\n  .no-cssgridlegacy.no-cssgrid .blog-shortcode.blog-masonry-shortcode-id-36dd71d14eebfb8067d08619bec71b4e.resize-by-browser-width .dt-css-grid .wf-cell {\n    width: 50%;\n  }\n  .cssgridlegacy.no-cssgrid .blog-shortcode.blog-masonry-shortcode-id-36dd71d14eebfb8067d08619bec71b4e.resize-by-browser-width .dt-css-grid .wf-cell.double-width,\n  .no-cssgridlegacy.no-cssgrid .blog-shortcode.blog-masonry-shortcode-id-36dd71d14eebfb8067d08619bec71b4e.resize-by-browser-width .dt-css-grid .wf-cell.double-width {\n    width: calc(50%)*2;\n  }\n}\n@media screen and (max-width: 767px) {\n  .blog-shortcode.blog-masonry-shortcode-id-36dd71d14eebfb8067d08619bec71b4e.resize-by-browser-width .dt-css-grid {\n    grid-template-columns: repeat(1,1fr);\n  }\n  .blog-shortcode.blog-masonry-shortcode-id-36dd71d14eebfb8067d08619bec71b4e.resize-by-browser-width .dt-css-grid .double-width {\n    grid-column: span 1;\n  }\n  .cssgridlegacy.no-cssgrid .blog-shortcode.blog-masonry-shortcode-id-36dd71d14eebfb8067d08619bec71b4e.resize-by-browser-width .dt-css-grid .wf-cell,\n  .no-cssgridlegacy.no-cssgrid .blog-shortcode.blog-masonry-shortcode-id-36dd71d14eebfb8067d08619bec71b4e.resize-by-browser-width .dt-css-grid .wf-cell {\n    width: 100%;\n  }\n  .cssgridlegacy.no-cssgrid .blog-shortcode.blog-masonry-shortcode-id-36dd71d14eebfb8067d08619bec71b4e.resize-by-browser-width .dt-css-grid .wf-cell.double-width,\n  .no-cssgridlegacy.no-cssgrid .blog-shortcode.blog-masonry-shortcode-id-36dd71d14eebfb8067d08619bec71b4e.resize-by-browser-width .dt-css-grid .wf-cell.double-width {\n    width: calc(100%)*2;\n  }\n}<\/style><div class=\"blog-shortcode blog-masonry-shortcode-id-36dd71d14eebfb8067d08619bec71b4e mode-grid classic-layout-list content-bg-on jquery-filter circle-fancy-style scale-img meta-info-off dt-css-grid-wrap dt-icon-bg-off resize-by-browser-width loading-effect-move-up description-under-image \" data-padding=\"25px\" data-cur-page=\"1\" data-post-limit=\"-1\" data-pagination-mode=\"none\" data-desktop-columns-num=\"3\" data-v-tablet-columns-num=\"2\" data-h-tablet-columns-num=\"3\" data-phone-columns-num=\"1\" data-width=\"0px\" data-columns=\"0\"><div class=\"dt-css-grid\" ><div class=\"visible wf-cell\" data-post-id=\"2644\" data-date=\"2024-01-31T21:28:44+02:00\" data-name=\"Druskininkai wird den Europ\u00e4ischen Spa-Kongress 2024 zum Thema Nachhaltiges Wohlbefinden ausrichten.\"><article class=\"post project-odd visible post-2644 type-post status-publish format-standard has-post-thumbnail hentry category-unkategorisiert category-4\" data-name=\"Druskininkai wird den Europ\u00e4ischen Spa-Kongress 2024 zum Thema Nachhaltiges Wohlbefinden ausrichten.\" data-date=\"2024-01-31T21:28:44+02:00\">\n\n<div class=\"post-thumbnail-wrap\">\n\t<div class=\"post-thumbnail\">\n\t\t\n\t\t\n\t\t<a href=\"https:\/\/www.kurortuasociacija.lt\/de\/2024\/01\/31\/druskininkai-wird-den-europaeischen-spa-kongress-2024-zum-thema-nachhaltiges-wohlbefinden-ausrichten\/\" class=\"post-thumbnail-rollover layzr-bg layzr-bg\" ><img fetchpriority=\"high\" decoding=\"async\" class=\"iso-lazy-load preload-me iso-lazy-load aspect\" src=\"data:image\/svg+xml,%3Csvg%20xmlns%3D&#39;http%3A%2F%2Fwww.w3.org%2F2000%2Fsvg&#39;%20viewBox%3D&#39;0%200%20768%20512&#39;%2F%3E\" data-src=\"https:\/\/www.kurortuasociacija.lt\/wp-content\/uploads\/2024\/02\/Nr.-1-main-photo-768x512.jpg\" data-srcset=\"https:\/\/www.kurortuasociacija.lt\/wp-content\/uploads\/2024\/02\/Nr.-1-main-photo-768x512.jpg 768w, https:\/\/www.kurortuasociacija.lt\/wp-content\/uploads\/2024\/02\/Nr.-1-main-photo-1152x768.jpg 1152w\" loading=\"eager\" style=\"--ratio: 768 \/ 512\" sizes=\"(max-width: 768px) 100vw, 768px\" alt=\"\" title=\"default\" width=\"768\" height=\"512\"  \/><\/a>\t<\/div>\n<\/div>\n\n\n<div class=\"post-entry-content\">\n\n\t<h3 class=\"entry-title\">\n\t\t<a href=\"https:\/\/www.kurortuasociacija.lt\/de\/2024\/01\/31\/druskininkai-wird-den-europaeischen-spa-kongress-2024-zum-thema-nachhaltiges-wohlbefinden-ausrichten\/\" title=\"Druskininkai wird den Europ\u00e4ischen Spa-Kongress 2024 zum Thema Nachhaltiges Wohlbefinden ausrichten.\" rel=\"bookmark\">Druskininkai wird den Europ\u00e4ischen Spa-Kongress 2024 zum Thema Nachhaltiges Wohlbefinden ausrichten.<\/a>\n\t<\/h3>\n\n\t\n\t<div class=\"entry-excerpt\"><p>Die europ\u00e4ische B\u00e4derindustrie wird sich vom 24. bis 27. September 2024 in Litauen zum Kongress, B2B-Workshops und der Innovationspreis-Gala versammeln. Die Partner f\u00fcr diese Veranstaltung sind das Ministerium f\u00fcr Wirtschaft&hellip;<\/p>\n<\/div>\n\t\n<\/div><\/article><\/div><div class=\"visible wf-cell\" data-post-id=\"1884\" data-date=\"2020-11-23T11:40:20+02:00\" data-name=\"Litauen - f\u00fcr Wellness und Gesundheit\"><article class=\"post project-odd visible post-1884 type-post status-publish format-standard has-post-thumbnail hentry category-unkategorisiert category-4\" data-name=\"Litauen &#8211; f\u00fcr Wellness und Gesundheit\" data-date=\"2020-11-23T11:40:20+02:00\">\n\n<div class=\"post-thumbnail-wrap\">\n\t<div class=\"post-thumbnail\">\n\t\t\n\t\t\n\t\t<a href=\"https:\/\/www.kurortuasociacija.lt\/de\/2020\/11\/23\/litauen-fuer-wellness-und-gesundheit\/\" class=\"post-thumbnail-rollover layzr-bg layzr-bg\" ><img decoding=\"async\" class=\"iso-lazy-load preload-me iso-lazy-load aspect\" src=\"data:image\/svg+xml,%3Csvg%20xmlns%3D&#39;http%3A%2F%2Fwww.w3.org%2F2000%2Fsvg&#39;%20viewBox%3D&#39;0%200%20768%20512&#39;%2F%3E\" data-src=\"https:\/\/www.kurortuasociacija.lt\/wp-content\/uploads\/2019\/01\/GZ_5477_1-e1548921368219-768x512.jpg\" data-srcset=\"https:\/\/www.kurortuasociacija.lt\/wp-content\/uploads\/2019\/01\/GZ_5477_1-e1548921368219-768x512.jpg 768w, https:\/\/www.kurortuasociacija.lt\/wp-content\/uploads\/2019\/01\/GZ_5477_1-e1548921368219-1152x768.jpg 1152w\" loading=\"eager\" style=\"--ratio: 768 \/ 512\" sizes=\"(max-width: 768px) 100vw, 768px\" alt=\"\" title=\"_GZ_5477_1\" width=\"768\" height=\"512\"  \/><\/a>\t<\/div>\n<\/div>\n\n\n<div class=\"post-entry-content\">\n\n\t<h3 class=\"entry-title\">\n\t\t<a href=\"https:\/\/www.kurortuasociacija.lt\/de\/2020\/11\/23\/litauen-fuer-wellness-und-gesundheit\/\" title=\"Litauen &#8211; f\u00fcr Wellness und Gesundheit\" rel=\"bookmark\">Litauen &#8211; f\u00fcr Wellness und Gesundheit<\/a>\n\t<\/h3>\n\n\t\n\t<div class=\"entry-excerpt\"><p>Die Kurorte Litauens sind kleine von Kiefernw\u00e4ldern und Wasser umgebene Paradiese. Saubere Luft und die Natur entspannen K\u00f6rper und Geist, und die kulturellen Veranstaltungen und die Vielfalt der Unterhaltungsm\u00f6glichkeiten lassen&hellip;<\/p>\n<\/div>\n\t\n<\/div><\/article><\/div><div class=\"visible wf-cell\" data-post-id=\"1849\" data-date=\"2020-06-11T09:18:37+02:00\" data-name=\"Litauen wird Corona-Quarant\u00e4ne nicht verl\u00e4ngern\"><article class=\"post project-odd visible post-1849 type-post status-publish format-standard has-post-thumbnail hentry category-unkategorisiert category-4\" data-name=\"Litauen wird Corona-Quarant\u00e4ne nicht verl\u00e4ngern\" data-date=\"2020-06-11T09:18:37+02:00\">\n\n<div class=\"post-thumbnail-wrap\">\n\t<div class=\"post-thumbnail\">\n\t\t\n\t\t\n\t\t<a href=\"https:\/\/www.kurortuasociacija.lt\/de\/2020\/06\/11\/litauen-wird-corona-quarantaene-nicht-verlaengern\/\" class=\"post-thumbnail-rollover layzr-bg layzr-bg\" ><img decoding=\"async\" class=\"iso-lazy-load preload-me iso-lazy-load aspect\" src=\"data:image\/svg+xml,%3Csvg%20xmlns%3D&#39;http%3A%2F%2Fwww.w3.org%2F2000%2Fsvg&#39;%20viewBox%3D&#39;0%200%20768%20512&#39;%2F%3E\" data-src=\"https:\/\/www.kurortuasociacija.lt\/wp-content\/uploads\/2020\/06\/The-Guardian-nuotr.-768x512.jpg\" data-srcset=\"https:\/\/www.kurortuasociacija.lt\/wp-content\/uploads\/2020\/06\/The-Guardian-nuotr.-768x512.jpg 768w, https:\/\/www.kurortuasociacija.lt\/wp-content\/uploads\/2020\/06\/The-Guardian-nuotr.-1152x768.jpg 1152w\" loading=\"eager\" style=\"--ratio: 768 \/ 512\" sizes=\"(max-width: 768px) 100vw, 768px\" alt=\"\" title=\"The Guardian nuotr.\" width=\"768\" height=\"512\"  \/><\/a>\t<\/div>\n<\/div>\n\n\n<div class=\"post-entry-content\">\n\n\t<h3 class=\"entry-title\">\n\t\t<a href=\"https:\/\/www.kurortuasociacija.lt\/de\/2020\/06\/11\/litauen-wird-corona-quarantaene-nicht-verlaengern\/\" title=\"Litauen wird Corona-Quarant\u00e4ne nicht verl\u00e4ngern\" rel=\"bookmark\">Litauen wird Corona-Quarant\u00e4ne nicht verl\u00e4ngern<\/a>\n\t<\/h3>\n\n\t\n\t<div class=\"entry-excerpt\"><p>Litauen wird die Corona-Quarant\u00e4ne nach dem 16. Juni nicht mehr verl\u00e4ngern. Stattdessen soll nur noch der Ende Februar ausgerufene landesweite Notstand gelten. Dies beschloss die Regierung des baltischen EU-Landes am&hellip;<\/p>\n<\/div>\n\t\n<\/div><\/article><\/div><\/div><!-- iso-container|iso-grid --><\/div>[\/vc_column][\/vc_row]<\/p>\n<\/div>","protected":false},"excerpt":{"rendered":"<p>[vc_row][vc_column][\/vc_column][\/vc_row]<\/p>\n","protected":false},"author":1,"featured_media":0,"parent":0,"menu_order":0,"comment_status":"closed","ping_status":"closed","template":"","meta":{"pgc_sgb_lightbox_settings":"","footnotes":""},"class_list":["post-1406","page","type-page","status-publish","hentry","description-off"],"yoast_head":"<!-- This site is optimized with the Yoast SEO plugin v27.3 - https:\/\/yoast.com\/product\/yoast-seo-wordpress\/ -->\n<title>Neuigkeiten - Kurort\u0173 asociacija<\/title>\n<meta name=\"robots\" content=\"index, follow, max-snippet:-1, max-image-preview:large, max-video-preview:-1\" \/>\n<link rel=\"canonical\" href=\"https:\/\/www.kurortuasociacija.lt\/naujienos\/\" \/>\n<meta property=\"og:locale\" content=\"de_DE\" \/>\n<meta property=\"og:type\" content=\"article\" \/>\n<meta property=\"og:title\" content=\"Neuigkeiten - Kurort\u0173 asociacija\" \/>\n<meta property=\"og:description\" content=\"[vc_row][vc_column][\/vc_column][\/vc_row]\" \/>\n<meta property=\"og:url\" content=\"https:\/\/www.kurortuasociacija.lt\/naujienos\/\" \/>\n<meta property=\"og:site_name\" content=\"Kurort\u0173 asociacija\" \/>\n<meta property=\"article:modified_time\" content=\"2021-10-25T14:49:54+00:00\" \/>\n<meta name=\"twitter:card\" content=\"summary_large_image\" \/>\n<script type=\"application\/ld+json\" class=\"yoast-schema-graph\">{\"@context\":\"https:\\\/\\\/schema.org\",\"@graph\":[{\"@type\":\"WebPage\",\"@id\":\"https:\\\/\\\/www.kurortuasociacija.lt\\\/naujienos\\\/\",\"url\":\"https:\\\/\\\/www.kurortuasociacija.lt\\\/naujienos\\\/\",\"name\":\"Neuigkeiten - Kurort\u0173 asociacija\",\"isPartOf\":{\"@id\":\"https:\\\/\\\/www.kurortuasociacija.lt\\\/#website\"},\"datePublished\":\"2019-07-05T13:36:51+00:00\",\"dateModified\":\"2021-10-25T14:49:54+00:00\",\"breadcrumb\":{\"@id\":\"https:\\\/\\\/www.kurortuasociacija.lt\\\/naujienos\\\/#breadcrumb\"},\"inLanguage\":\"de\",\"potentialAction\":[{\"@type\":\"ReadAction\",\"target\":[\"https:\\\/\\\/www.kurortuasociacija.lt\\\/naujienos\\\/\"]}]},{\"@type\":\"BreadcrumbList\",\"@id\":\"https:\\\/\\\/www.kurortuasociacija.lt\\\/naujienos\\\/#breadcrumb\",\"itemListElement\":[{\"@type\":\"ListItem\",\"position\":1,\"name\":\"Home\",\"item\":\"https:\\\/\\\/www.kurortuasociacija.lt\\\/de\\\/\"},{\"@type\":\"ListItem\",\"position\":2,\"name\":\"Neuigkeiten\"}]},{\"@type\":\"WebSite\",\"@id\":\"https:\\\/\\\/www.kurortuasociacija.lt\\\/#website\",\"url\":\"https:\\\/\\\/www.kurortuasociacija.lt\\\/\",\"name\":\"Kurort\u0173 asociacija\",\"description\":\"Lietuvos kurort\u0173 asociacija\",\"potentialAction\":[{\"@type\":\"SearchAction\",\"target\":{\"@type\":\"EntryPoint\",\"urlTemplate\":\"https:\\\/\\\/www.kurortuasociacija.lt\\\/?s={search_term_string}\"},\"query-input\":{\"@type\":\"PropertyValueSpecification\",\"valueRequired\":true,\"valueName\":\"search_term_string\"}}],\"inLanguage\":\"de\"}]}<\/script>\n<!-- \/ Yoast SEO plugin. -->","yoast_head_json":{"title":"Neuigkeiten - Kurort\u0173 asociacija","robots":{"index":"index","follow":"follow","max-snippet":"max-snippet:-1","max-image-preview":"max-image-preview:large","max-video-preview":"max-video-preview:-1"},"canonical":"https:\/\/www.kurortuasociacija.lt\/naujienos\/","og_locale":"de_DE","og_type":"article","og_title":"Neuigkeiten - Kurort\u0173 asociacija","og_description":"[vc_row][vc_column][\/vc_column][\/vc_row]","og_url":"https:\/\/www.kurortuasociacija.lt\/naujienos\/","og_site_name":"Kurort\u0173 asociacija","article_modified_time":"2021-10-25T14:49:54+00:00","twitter_card":"summary_large_image","schema":{"@context":"https:\/\/schema.org","@graph":[{"@type":"WebPage","@id":"https:\/\/www.kurortuasociacija.lt\/naujienos\/","url":"https:\/\/www.kurortuasociacija.lt\/naujienos\/","name":"Neuigkeiten - Kurort\u0173 asociacija","isPartOf":{"@id":"https:\/\/www.kurortuasociacija.lt\/#website"},"datePublished":"2019-07-05T13:36:51+00:00","dateModified":"2021-10-25T14:49:54+00:00","breadcrumb":{"@id":"https:\/\/www.kurortuasociacija.lt\/naujienos\/#breadcrumb"},"inLanguage":"de","potentialAction":[{"@type":"ReadAction","target":["https:\/\/www.kurortuasociacija.lt\/naujienos\/"]}]},{"@type":"BreadcrumbList","@id":"https:\/\/www.kurortuasociacija.lt\/naujienos\/#breadcrumb","itemListElement":[{"@type":"ListItem","position":1,"name":"Home","item":"https:\/\/www.kurortuasociacija.lt\/de\/"},{"@type":"ListItem","position":2,"name":"Neuigkeiten"}]},{"@type":"WebSite","@id":"https:\/\/www.kurortuasociacija.lt\/#website","url":"https:\/\/www.kurortuasociacija.lt\/","name":"Kurort\u0173 asociacija","description":"Lietuvos kurort\u0173 asociacija","potentialAction":[{"@type":"SearchAction","target":{"@type":"EntryPoint","urlTemplate":"https:\/\/www.kurortuasociacija.lt\/?s={search_term_string}"},"query-input":{"@type":"PropertyValueSpecification","valueRequired":true,"valueName":"search_term_string"}}],"inLanguage":"de"}]}},"_links":{"self":[{"href":"https:\/\/www.kurortuasociacija.lt\/de\/wp-json\/wp\/v2\/pages\/1406","targetHints":{"allow":["GET"]}}],"collection":[{"href":"https:\/\/www.kurortuasociacija.lt\/de\/wp-json\/wp\/v2\/pages"}],"about":[{"href":"https:\/\/www.kurortuasociacija.lt\/de\/wp-json\/wp\/v2\/types\/page"}],"author":[{"embeddable":true,"href":"https:\/\/www.kurortuasociacija.lt\/de\/wp-json\/wp\/v2\/users\/1"}],"replies":[{"embeddable":true,"href":"https:\/\/www.kurortuasociacija.lt\/de\/wp-json\/wp\/v2\/comments?post=1406"}],"version-history":[{"count":3,"href":"https:\/\/www.kurortuasociacija.lt\/de\/wp-json\/wp\/v2\/pages\/1406\/revisions"}],"predecessor-version":[{"id":2050,"href":"https:\/\/www.kurortuasociacija.lt\/de\/wp-json\/wp\/v2\/pages\/1406\/revisions\/2050"}],"wp:attachment":[{"href":"https:\/\/www.kurortuasociacija.lt\/de\/wp-json\/wp\/v2\/media?parent=1406"}],"curies":[{"name":"wp","href":"https:\/\/api.w.org\/{rel}","templated":true}]}}