{"id":1346,"date":"2019-07-05T14:48:52","date_gmt":"2019-07-05T12:48:52","guid":{"rendered":"https:\/\/www.kurortuasociacija.lt\/?page_id=1346"},"modified":"2025-10-30T11:40:13","modified_gmt":"2025-10-30T09:40:13","slug":"cookies-richtlinie","status":"publish","type":"page","link":"https:\/\/www.kurortuasociacija.lt\/de\/cookies-richtlinie\/","title":{"rendered":"Cookies-Richtlinie"},"content":{"rendered":"<div class=\"wpb-content-wrapper\"><p>[vc_row][vc_column][vc_column_text]<\/p>\r\n<p>Diese Richtlinie zur Verwendung von Cookies (nachstehend &#8222;Richtlinie&#8220; genannt) erl\u00e4utert, wie UAB Kurort Kur asociacija (nachstehend &#8222;das Unternehmen&#8220; genannt) die Informationen sammelt und verwendet, die Sie auf einer unserer Websites www.kurortuasociacija.lt (nachstehend &#8222;Website&#8220; genannt) verwenden, oder andere von uns erbrachte Dienstleistungen (im Folgenden als &#8222;Dienstleistungen&#8220; bezeichnet).<\/p>\r\n<p><strong>1. Was sind Cookies<\/strong><\/p>\r\n<p>Cookies sind kleine Textdateien, die im Browser Ihres Ger\u00e4ts (z. B. Computer, Mobiltelefon, Tablet) gespeichert werden, wenn Sie Websites besuchen. Andere Technologien, einschlie\u00dflich Daten, die wir in Ihrem Webbrowser oder auf Ihrem Ger\u00e4t speichern, mit Ihrem Ger\u00e4t verkn\u00fcpfte Kennungen und andere Software, werden f\u00fcr \u00e4hnliche Zwecke verwendet. Cookies werden h\u00e4ufig verwendet, um die Funktionsweise von Websites zu verbessern oder effizienter zu gestalten. In dieser Richtlinie werden alle genannten Technologien als &#8222;Cookies&#8220; bezeichnet.<\/p>\r\n<p><strong>2.Warum verwenden wir Cookies?<\/strong><\/p>\r\n<p>Cookies werden auf unserer Website verwendet, um Ihr Surferlebnis auf unserer Website zu verbessern, das Verhalten unserer Benutzer kennenzulernen, den Datenverkehr zu analysieren und unsere Website besser zu machen. Cookies werden nur verwendet, wenn sie n\u00f6tig sind, um die diese Ziele zu erreichen.<\/p>\r\n<p><strong>3.Welche Arten von Cookies verwenden wir?<\/strong><\/p>\r\n<p>Erforderliche Cookies<\/p>\r\n<p>Diese Cookies sind f\u00fcr die Website erforderlich, damit der Benutzer die Funktionen der Website nutzen kann, z. B. um die in die Formulare eingegebenen Informationen zu speichern, wenn der Benutzer w\u00e4hrend der Browsersitzung von einer Seite zur n\u00e4chsten wechselt. Ohne Cookies w\u00e4re es nicht m\u00f6glich, bestimmte Website-Dienste bereitzustellen, und die Website w\u00fcrde nicht so reibungslos funktionieren wie sie sollte. Diese Cookies sammeln keine Informationen f\u00fcr Marketingzwecke und speichern nicht, welche Seiten Sie im Internet besucht haben.<\/p>\r\n<p><strong>Cookies f\u00fcr die Analyse<\/strong><\/p>\r\n<p>Cookies f\u00fcr die Analyse sammeln Informationen \u00fcber die Nutzung der Website und helfen, die Leistung der Website zu verbessern. Solche Cookies k\u00f6nnen Ihnen beispielsweise anzeigen, welche Seiten Sie am h\u00e4ufigsten besuchen, wo Probleme auf der Website auftreten und ob die Website eine gute Leistung erbringt. Analytische Cookies sammeln keine pers\u00f6nlichen Informationen von Benutzern und alle Informationen, die durch diese Cookies gesammelt werden, sind allgemein und anonym.<\/p>\r\n<p><strong>4.Wie verwalte ich Cookies?<\/strong><\/p>\r\n<p>Wenn Sie m\u00f6chten, k\u00f6nnen Sie Ihre Browsereinstellungen so \u00e4ndern, dass Sie \u00fcber das Aktivieren oder Deaktivieren der Cookies und das Blockieren oder Zulassen von zul\u00e4ssigen oder deaktivierten Cookies informiert werden.<\/p>\r\n<p>Um Cookies f\u00fcr die Analyse zu deaktivieren, k\u00f6nnen Sie das Google Tool f\u00fcr Google Analytics installieren, um Cookies zu blockieren, die Sie durch Klicken auf diesen Link installieren k\u00f6nnen. Wir warnen Sie, dass dies Ihre Browser-Erfahrung auf anderen Webseiten beeintr\u00e4chtigen kann.<\/p>\r\n<p>Bitte beachten Sie, dass das L\u00f6schen von Cookies oder das Deaktivieren von Cookies in der Zukunft den Zugriff auf bestimmte Teile oder Funktionen unserer Website verhindern kann. Das \u00c4ndern Ihrer Cookie-Einstellungen kann sich auf andere von Ihnen besuchte Websites auswirken.<\/p>\r\n<p><a href=\"#\"><u>Cookie-Einstellungen \u00e4ndern<\/u><\/a><\/p>\r\n<p><strong>GEBRAUCHTE COOKIES<\/strong><\/p>\r\n<p>Erforderliche Cookies<\/p>\r\n<table class=\"wp-block-table\">\r\n<tbody>\r\n<tr>\r\n<td>Name<\/td>\r\n<td>Provider<\/td>\r\n<td>Zweck<\/td>\r\n<td>Ablaufdatum<\/td>\r\n<\/tr>\r\n<tr>\r\n<td>_ici_current_language<\/td>\r\n<td>WordPress<\/td>\r\n<td>Speichert die ausgew\u00e4hlte Site-Sprache<\/td>\r\n<td>24 Stunden<\/td>\r\n<\/tr>\r\n<tr>\r\n<td>cookieControl<\/td>\r\n<td>WordPress<\/td>\r\n<td>Ein Cookie, um zu erkennen, ob Sie die Verwendung von Cookies auf unserer Website akzeptiert haben<\/td>\r\n<td>1 Jahr<\/td>\r\n<\/tr>\r\n<tr>\r\n<td>cookieControlPrefs<\/td>\r\n<td>WordPress<\/td>\r\n<td>Ein Cookie, das trennt, welche Cookies Sie auf unserer Website verwenden d\u00fcrfen<\/td>\r\n<td>1 Jahr<\/td>\r\n<\/tr>\r\n<\/tbody>\r\n<\/table>\r\n<p>Analytische Cookies<\/p>\r\n<p>\u00a0<\/p>\r\n\r\n<table class=\"wp-block-table\">\r\n<tbody>\r\n<tr>\r\n<td>Name<\/td>\r\n<td>Provider<\/td>\r\n<td>Zweck<\/td>\r\n<td>Ablaufdatum<\/td>\r\n<\/tr>\r\n<tr>\r\n<td>_gid<\/td>\r\n<td>Google Analytics<\/td>\r\n<td>Der Cookie sammelt Informationen \u00fcber das Verbraucherverhalten auf der Website und wird zum Speichern statistischer Informationen verwendet.<\/td>\r\n<td>24 Stunden<\/td>\r\n<\/tr>\r\n<tr>\r\n<td>_gat_gtag_UA_133543130_1<\/td>\r\n<td>Google Analytics<\/td>\r\n<td>Google Analytics verwendet ein Cookie, um den Nutzer zu identifizieren<\/td>\r\n<td>1 Minute<\/td>\r\n<\/tr>\r\n<tr>\r\n<td>_ga<\/td>\r\n<td>Google Analytics<\/td>\r\n<td>Der Cookie sammelt Informationen \u00fcber das Verbraucherverhalten auf der Website und wird zum Speichern statistischer Informationen verwendet.<\/td>\r\n<td>2 Jahre<\/td>\r\n<\/tr>\r\n<\/tbody>\r\n<\/table>\r\n<p>\u00a0<\/p>\r\n<p>\u00a0<\/p>\r\n<p>[\/vc_column_text][\/vc_column][\/vc_row]<\/p><\/div>","protected":false},"excerpt":{"rendered":"<p>[vc_row][vc_column][vc_column_text] Diese Richtlinie zur Verwendung von Cookies (nachstehend &#8222;Richtlinie&#8220; genannt) erl\u00e4utert, wie UAB Kurort Kur asociacija (nachstehend &#8222;das Unternehmen&#8220; genannt) die Informationen sammelt und verwendet, die Sie auf einer unserer Websites www.kurortuasociacija.lt (nachstehend &#8222;Website&#8220; genannt) verwenden, oder andere von uns erbrachte Dienstleistungen (im Folgenden als &#8222;Dienstleistungen&#8220; bezeichnet). 1. Was sind Cookies Cookies sind kleine Textdateien,&hellip;<\/p>\n","protected":false},"author":1,"featured_media":0,"parent":0,"menu_order":0,"comment_status":"closed","ping_status":"closed","template":"","meta":{"pgc_sgb_lightbox_settings":"","footnotes":""},"class_list":["post-1346","page","type-page","status-publish","hentry","description-off"],"yoast_head":"<!-- This site is optimized with the Yoast SEO plugin v27.3 - https:\/\/yoast.com\/product\/yoast-seo-wordpress\/ -->\n<title>Cookies-Richtlinie - Kurort\u0173 asociacija<\/title>\n<meta name=\"robots\" content=\"index, follow, max-snippet:-1, max-image-preview:large, max-video-preview:-1\" \/>\n<link rel=\"canonical\" href=\"https:\/\/www.kurortuasociacija.lt\/slapuku-politika\/\" \/>\n<meta property=\"og:locale\" content=\"de_DE\" \/>\n<meta property=\"og:type\" content=\"article\" \/>\n<meta property=\"og:title\" content=\"Cookies-Richtlinie - Kurort\u0173 asociacija\" \/>\n<meta property=\"og:description\" content=\"[vc_row][vc_column][vc_column_text] Diese Richtlinie zur Verwendung von Cookies (nachstehend &#8222;Richtlinie&#8220; genannt) erl\u00e4utert, wie UAB Kurort Kur asociacija (nachstehend &#8222;das Unternehmen&#8220; genannt) die Informationen sammelt und verwendet, die Sie auf einer unserer Websites www.kurortuasociacija.lt (nachstehend &#8222;Website&#8220; genannt) verwenden, oder andere von uns erbrachte Dienstleistungen (im Folgenden als &#8222;Dienstleistungen&#8220; bezeichnet). 1. Was sind Cookies Cookies sind kleine Textdateien,&hellip;\" \/>\n<meta property=\"og:url\" content=\"https:\/\/www.kurortuasociacija.lt\/slapuku-politika\/\" \/>\n<meta property=\"og:site_name\" content=\"Kurort\u0173 asociacija\" \/>\n<meta property=\"article:modified_time\" content=\"2025-10-30T09:40:13+00:00\" \/>\n<meta name=\"twitter:card\" content=\"summary_large_image\" \/>\n<meta name=\"twitter:label1\" content=\"Gesch\u00e4tzte Lesezeit\" \/>\n\t<meta name=\"twitter:data1\" content=\"3\u00a0Minuten\" \/>\n<script type=\"application\/ld+json\" class=\"yoast-schema-graph\">{\"@context\":\"https:\\\/\\\/schema.org\",\"@graph\":[{\"@type\":\"WebPage\",\"@id\":\"https:\\\/\\\/www.kurortuasociacija.lt\\\/slapuku-politika\\\/\",\"url\":\"https:\\\/\\\/www.kurortuasociacija.lt\\\/slapuku-politika\\\/\",\"name\":\"Cookies-Richtlinie - Kurort\u0173 asociacija\",\"isPartOf\":{\"@id\":\"https:\\\/\\\/www.kurortuasociacija.lt\\\/#website\"},\"datePublished\":\"2019-07-05T12:48:52+00:00\",\"dateModified\":\"2025-10-30T09:40:13+00:00\",\"breadcrumb\":{\"@id\":\"https:\\\/\\\/www.kurortuasociacija.lt\\\/slapuku-politika\\\/#breadcrumb\"},\"inLanguage\":\"de\",\"potentialAction\":[{\"@type\":\"ReadAction\",\"target\":[\"https:\\\/\\\/www.kurortuasociacija.lt\\\/slapuku-politika\\\/\"]}]},{\"@type\":\"BreadcrumbList\",\"@id\":\"https:\\\/\\\/www.kurortuasociacija.lt\\\/slapuku-politika\\\/#breadcrumb\",\"itemListElement\":[{\"@type\":\"ListItem\",\"position\":1,\"name\":\"Home\",\"item\":\"https:\\\/\\\/www.kurortuasociacija.lt\\\/de\\\/\"},{\"@type\":\"ListItem\",\"position\":2,\"name\":\"Cookies-Richtlinie\"}]},{\"@type\":\"WebSite\",\"@id\":\"https:\\\/\\\/www.kurortuasociacija.lt\\\/#website\",\"url\":\"https:\\\/\\\/www.kurortuasociacija.lt\\\/\",\"name\":\"Kurort\u0173 asociacija\",\"description\":\"Lietuvos kurort\u0173 asociacija\",\"potentialAction\":[{\"@type\":\"SearchAction\",\"target\":{\"@type\":\"EntryPoint\",\"urlTemplate\":\"https:\\\/\\\/www.kurortuasociacija.lt\\\/?s={search_term_string}\"},\"query-input\":{\"@type\":\"PropertyValueSpecification\",\"valueRequired\":true,\"valueName\":\"search_term_string\"}}],\"inLanguage\":\"de\"}]}<\/script>\n<!-- \/ Yoast SEO plugin. -->","yoast_head_json":{"title":"Cookies-Richtlinie - Kurort\u0173 asociacija","robots":{"index":"index","follow":"follow","max-snippet":"max-snippet:-1","max-image-preview":"max-image-preview:large","max-video-preview":"max-video-preview:-1"},"canonical":"https:\/\/www.kurortuasociacija.lt\/slapuku-politika\/","og_locale":"de_DE","og_type":"article","og_title":"Cookies-Richtlinie - Kurort\u0173 asociacija","og_description":"[vc_row][vc_column][vc_column_text] Diese Richtlinie zur Verwendung von Cookies (nachstehend &#8222;Richtlinie&#8220; genannt) erl\u00e4utert, wie UAB Kurort Kur asociacija (nachstehend &#8222;das Unternehmen&#8220; genannt) die Informationen sammelt und verwendet, die Sie auf einer unserer Websites www.kurortuasociacija.lt (nachstehend &#8222;Website&#8220; genannt) verwenden, oder andere von uns erbrachte Dienstleistungen (im Folgenden als &#8222;Dienstleistungen&#8220; bezeichnet). 1. Was sind Cookies Cookies sind kleine Textdateien,&hellip;","og_url":"https:\/\/www.kurortuasociacija.lt\/slapuku-politika\/","og_site_name":"Kurort\u0173 asociacija","article_modified_time":"2025-10-30T09:40:13+00:00","twitter_card":"summary_large_image","twitter_misc":{"Gesch\u00e4tzte Lesezeit":"3\u00a0Minuten"},"schema":{"@context":"https:\/\/schema.org","@graph":[{"@type":"WebPage","@id":"https:\/\/www.kurortuasociacija.lt\/slapuku-politika\/","url":"https:\/\/www.kurortuasociacija.lt\/slapuku-politika\/","name":"Cookies-Richtlinie - Kurort\u0173 asociacija","isPartOf":{"@id":"https:\/\/www.kurortuasociacija.lt\/#website"},"datePublished":"2019-07-05T12:48:52+00:00","dateModified":"2025-10-30T09:40:13+00:00","breadcrumb":{"@id":"https:\/\/www.kurortuasociacija.lt\/slapuku-politika\/#breadcrumb"},"inLanguage":"de","potentialAction":[{"@type":"ReadAction","target":["https:\/\/www.kurortuasociacija.lt\/slapuku-politika\/"]}]},{"@type":"BreadcrumbList","@id":"https:\/\/www.kurortuasociacija.lt\/slapuku-politika\/#breadcrumb","itemListElement":[{"@type":"ListItem","position":1,"name":"Home","item":"https:\/\/www.kurortuasociacija.lt\/de\/"},{"@type":"ListItem","position":2,"name":"Cookies-Richtlinie"}]},{"@type":"WebSite","@id":"https:\/\/www.kurortuasociacija.lt\/#website","url":"https:\/\/www.kurortuasociacija.lt\/","name":"Kurort\u0173 asociacija","description":"Lietuvos kurort\u0173 asociacija","potentialAction":[{"@type":"SearchAction","target":{"@type":"EntryPoint","urlTemplate":"https:\/\/www.kurortuasociacija.lt\/?s={search_term_string}"},"query-input":{"@type":"PropertyValueSpecification","valueRequired":true,"valueName":"search_term_string"}}],"inLanguage":"de"}]}},"_links":{"self":[{"href":"https:\/\/www.kurortuasociacija.lt\/de\/wp-json\/wp\/v2\/pages\/1346","targetHints":{"allow":["GET"]}}],"collection":[{"href":"https:\/\/www.kurortuasociacija.lt\/de\/wp-json\/wp\/v2\/pages"}],"about":[{"href":"https:\/\/www.kurortuasociacija.lt\/de\/wp-json\/wp\/v2\/types\/page"}],"author":[{"embeddable":true,"href":"https:\/\/www.kurortuasociacija.lt\/de\/wp-json\/wp\/v2\/users\/1"}],"replies":[{"embeddable":true,"href":"https:\/\/www.kurortuasociacija.lt\/de\/wp-json\/wp\/v2\/comments?post=1346"}],"version-history":[{"count":5,"href":"https:\/\/www.kurortuasociacija.lt\/de\/wp-json\/wp\/v2\/pages\/1346\/revisions"}],"predecessor-version":[{"id":1360,"href":"https:\/\/www.kurortuasociacija.lt\/de\/wp-json\/wp\/v2\/pages\/1346\/revisions\/1360"}],"wp:attachment":[{"href":"https:\/\/www.kurortuasociacija.lt\/de\/wp-json\/wp\/v2\/media?parent=1346"}],"curies":[{"name":"wp","href":"https:\/\/api.w.org\/{rel}","templated":true}]}}