{"id":1320,"date":"2019-07-05T14:28:05","date_gmt":"2019-07-05T12:28:05","guid":{"rendered":"https:\/\/www.kurortuasociacija.lt\/?page_id=1320"},"modified":"2019-07-05T14:28:35","modified_gmt":"2019-07-05T12:28:35","slug":"mineralwasser","status":"publish","type":"page","link":"https:\/\/www.kurortuasociacija.lt\/de\/naturressourcen\/mineralwasser\/","title":{"rendered":"Mineralwasser"},"content":{"rendered":"<div class=\"wpb-content-wrapper\"><p>[vc_row][vc_column width=&#8220;2\/3&#8243; offset=&#8220;vc_col-lg-offset-2 vc_col-sm-offset-0 vc_col-xs-12&#8243;][vc_column_text]In Litauen gefundene <strong>Mineralwasserquellen<\/strong> heilen Erkrankungen des Verdauungstrakts, normalisieren die Sekretion der Dr\u00fcsen, verbessern die Leberfunktion, die Gallensekretion und regulieren die Darmfunktion. In therapeutischen B\u00e4dern wird Mineralwasser mit geringer, mittlerer und hoher Mineralisierung verwendet. Die Mineralisierungsst\u00e4rke wird durch den Gehalt an Mineralien pro Liter bestimmt.<\/p>\n<p>Das <strong>Mineralwasser<\/strong> enth\u00e4lt biologisch aktive Spurenelemente, sodass dieses Wasser die S\u00e4urefreisetzung reguliert, Entz\u00fcndungen bek\u00e4mpft und den Stoffwechsel reguliert. Wenn Mineralwasser f\u00fcr therapeutische Zwecke verwendet wird, ist es notwendig, auf den Rat eines Arztes zu h\u00f6ren, da das gleiche Wasser nach 1 bis 1,5 Stunden eingenommen wird. Vor dem Essen stoppt es die Sekretion von Magensaft und wenn man es mit dem Essen oder 10-15 Minuten vor dem Essen trinkt &#8211; bewirkt es das Gegenteil, eine F\u00f6rderung. Trinken Sie Mineralwasser und \u00fcberzeugen Sie sich von seiner magischen Kraft!<\/p>\n<p>Vielleicht m\u00f6chten Sie in den ganzen K\u00f6rper in das <strong>Mineralwasser<\/strong> eintauchen? Muskelentspannung in Mineralwasserb\u00e4dern, verbesserter Tonus der Venenw\u00e4nde, Hautporen, tiefe Atmung, erh\u00f6hte Durchblutung, Stoffwechsel und verbesserte Sauerstoffaufnahme bei Krankheiten. Extrem starke Badeeffekte treten durch das in Wasser und anderen Salzen gel\u00f6ste Natriumchlorid ein. Wenn Sie ein solches Bad nehmen, bleiben die Salze f\u00fcr eine lange Zeit aktiv, da sie mit einer d\u00fcnnen Schicht auf der Haut kristallisieren und eine \u201eSalzh\u00fclle\u201c bilden.<\/p>\n<p>Probieren Sie auch die <strong>Perlenb\u00e4der<\/strong>. Ihre therapeutische Wirkung \u00e4hnelt der von Mineralwasserb\u00e4dern, wird jedoch durch die Wirkung von gemischtem Wasser noch verst\u00e4rkt. Wasser reizt die Rezeptoren der Haut, Luftblasen massieren Sie sanft, entspannen Ihre Muskeln und beruhigen Sie. Ein solches Bad lindert M\u00fcdigkeit, Stress und Schlaflosigkeit. Sie werden sehen, wie sich die kapillare Durchblutung und der Stoffwechsel verbessern und Ihr K\u00f6rper sich erholt, sobald er beginnt, Sauerstoff besser aufzunehmen.<\/p>\n<p>Wenn Sie Ihre Gelenke baden und Ihre Beine stark beugen, z\u00f6gern Sie nicht, in die <strong>vertikale Badewanne<\/strong> zu steigen. Sie ist besonders wirksam bei der Behandlung von Erkrankungen des Bewegungsapparates, der Knochen und der Gelenke. W\u00e4hrend der Behandlungen wird die Wirkung des Mineralwassers in den B\u00e4dern durch eine positive Wirkung der Physiotherapie (Bewegungsbehandlung) erg\u00e4nzt. Wenn Sie sich teilweise schwerelos f\u00fchlen, entspannen sich Ihre Muskeln und Sie k\u00f6nnen heilende Bewegungen viel einfacher und sogar schmerzlos machen. Nach dem vertikalen Verlauf der B\u00e4der werden die Muskeln und B\u00e4nder gest\u00e4rkt, die Beweglichkeit der Wirbels\u00e4ule wird erh\u00f6ht, die Bewegungen werden lockerer und die Schmerzen verschwinden.<\/p>\n<p><strong>Wissen Sie<\/strong>, dass es in litauischen Ferienorten \u00fcber 20 Mineralwasserquellen gibt? Calciumnatriumchlorid der wichtigste Bestandteil der Mineralwasser. Einige von ihnen enthalten erhebliche Mengen an Sulfat, Brom und Magnesium. Ihre Mineralisierung reicht von 3 g \/ l bis 115 g \/ l. Dies bestimmt die Art und Weise ihrer Verwendung f\u00fcr die Behandlung. Chlorionen sind mehr als 80 \u00c4quiv. \/% und die Zusammensetzung der Kationen ist vielf\u00e4ltiger: Natrium, Calcium, Magnesium. Die Trinkkuren verwenden schwache und mittlere Mineralw\u00e4sser. Die Mineralisierung von exogenem Calciumnatriumchlorid-Mineralwasser reicht von 10 bis 40 g \/ l; optimal &#8211; 20 &#8211; 40 g \/ l.[\/vc_column_text][\/vc_column][\/vc_row]<\/p>\n<\/div>","protected":false},"excerpt":{"rendered":"<p>[vc_row][vc_column width=&#8220;2\/3&#8243; offset=&#8220;vc_col-lg-offset-2 vc_col-sm-offset-0 vc_col-xs-12&#8243;][vc_column_text]In Litauen gefundene Mineralwasserquellen heilen Erkrankungen des Verdauungstrakts, normalisieren die Sekretion der Dr\u00fcsen, verbessern die Leberfunktion, die Gallensekretion und regulieren die Darmfunktion. In therapeutischen B\u00e4dern wird Mineralwasser mit geringer, mittlerer und hoher Mineralisierung verwendet. Die Mineralisierungsst\u00e4rke wird durch den Gehalt an Mineralien pro Liter bestimmt. Das Mineralwasser enth\u00e4lt biologisch aktive Spurenelemente,&hellip;<\/p>\n","protected":false},"author":1,"featured_media":0,"parent":1365,"menu_order":0,"comment_status":"closed","ping_status":"closed","template":"","meta":{"pgc_sgb_lightbox_settings":"","footnotes":""},"class_list":["post-1320","page","type-page","status-publish","hentry","description-off"],"yoast_head":"<!-- This site is optimized with the Yoast SEO plugin v27.3 - https:\/\/yoast.com\/product\/yoast-seo-wordpress\/ -->\n<title>Mineralwasser - Kurort\u0173 asociacija<\/title>\n<meta name=\"robots\" content=\"index, follow, max-snippet:-1, max-image-preview:large, max-video-preview:-1\" \/>\n<link rel=\"canonical\" href=\"https:\/\/www.kurortuasociacija.lt\/naturalus-gamtiniai-istekliai\/mineralinis-vanduo\/\" \/>\n<meta property=\"og:locale\" content=\"de_DE\" \/>\n<meta property=\"og:type\" content=\"article\" \/>\n<meta property=\"og:title\" content=\"Mineralwasser - Kurort\u0173 asociacija\" \/>\n<meta property=\"og:description\" content=\"[vc_row][vc_column width=&#8220;2\/3&#8243; offset=&#8220;vc_col-lg-offset-2 vc_col-sm-offset-0 vc_col-xs-12&#8243;][vc_column_text]In Litauen gefundene Mineralwasserquellen heilen Erkrankungen des Verdauungstrakts, normalisieren die Sekretion der Dr\u00fcsen, verbessern die Leberfunktion, die Gallensekretion und regulieren die Darmfunktion. In therapeutischen B\u00e4dern wird Mineralwasser mit geringer, mittlerer und hoher Mineralisierung verwendet. Die Mineralisierungsst\u00e4rke wird durch den Gehalt an Mineralien pro Liter bestimmt. Das Mineralwasser enth\u00e4lt biologisch aktive Spurenelemente,&hellip;\" \/>\n<meta property=\"og:url\" content=\"https:\/\/www.kurortuasociacija.lt\/naturalus-gamtiniai-istekliai\/mineralinis-vanduo\/\" \/>\n<meta property=\"og:site_name\" content=\"Kurort\u0173 asociacija\" \/>\n<meta property=\"article:modified_time\" content=\"2019-07-05T12:28:35+00:00\" \/>\n<meta name=\"twitter:card\" content=\"summary_large_image\" \/>\n<meta name=\"twitter:label1\" content=\"Gesch\u00e4tzte Lesezeit\" \/>\n\t<meta name=\"twitter:data1\" content=\"3\u00a0Minuten\" \/>\n<script type=\"application\/ld+json\" class=\"yoast-schema-graph\">{\"@context\":\"https:\\\/\\\/schema.org\",\"@graph\":[{\"@type\":\"WebPage\",\"@id\":\"https:\\\/\\\/www.kurortuasociacija.lt\\\/naturalus-gamtiniai-istekliai\\\/mineralinis-vanduo\\\/\",\"url\":\"https:\\\/\\\/www.kurortuasociacija.lt\\\/naturalus-gamtiniai-istekliai\\\/mineralinis-vanduo\\\/\",\"name\":\"Mineralwasser - Kurort\u0173 asociacija\",\"isPartOf\":{\"@id\":\"https:\\\/\\\/www.kurortuasociacija.lt\\\/#website\"},\"datePublished\":\"2019-07-05T12:28:05+00:00\",\"dateModified\":\"2019-07-05T12:28:35+00:00\",\"breadcrumb\":{\"@id\":\"https:\\\/\\\/www.kurortuasociacija.lt\\\/naturalus-gamtiniai-istekliai\\\/mineralinis-vanduo\\\/#breadcrumb\"},\"inLanguage\":\"de\",\"potentialAction\":[{\"@type\":\"ReadAction\",\"target\":[\"https:\\\/\\\/www.kurortuasociacija.lt\\\/naturalus-gamtiniai-istekliai\\\/mineralinis-vanduo\\\/\"]}]},{\"@type\":\"BreadcrumbList\",\"@id\":\"https:\\\/\\\/www.kurortuasociacija.lt\\\/naturalus-gamtiniai-istekliai\\\/mineralinis-vanduo\\\/#breadcrumb\",\"itemListElement\":[{\"@type\":\"ListItem\",\"position\":1,\"name\":\"Home\",\"item\":\"https:\\\/\\\/www.kurortuasociacija.lt\\\/de\\\/\"},{\"@type\":\"ListItem\",\"position\":2,\"name\":\"Naturressourcen\",\"item\":\"https:\\\/\\\/www.kurortuasociacija.lt\\\/naturalus-gamtiniai-istekliai\\\/\"},{\"@type\":\"ListItem\",\"position\":3,\"name\":\"Mineralwasser\"}]},{\"@type\":\"WebSite\",\"@id\":\"https:\\\/\\\/www.kurortuasociacija.lt\\\/#website\",\"url\":\"https:\\\/\\\/www.kurortuasociacija.lt\\\/\",\"name\":\"Kurort\u0173 asociacija\",\"description\":\"Lietuvos kurort\u0173 asociacija\",\"potentialAction\":[{\"@type\":\"SearchAction\",\"target\":{\"@type\":\"EntryPoint\",\"urlTemplate\":\"https:\\\/\\\/www.kurortuasociacija.lt\\\/?s={search_term_string}\"},\"query-input\":{\"@type\":\"PropertyValueSpecification\",\"valueRequired\":true,\"valueName\":\"search_term_string\"}}],\"inLanguage\":\"de\"}]}<\/script>\n<!-- \/ Yoast SEO plugin. -->","yoast_head_json":{"title":"Mineralwasser - Kurort\u0173 asociacija","robots":{"index":"index","follow":"follow","max-snippet":"max-snippet:-1","max-image-preview":"max-image-preview:large","max-video-preview":"max-video-preview:-1"},"canonical":"https:\/\/www.kurortuasociacija.lt\/naturalus-gamtiniai-istekliai\/mineralinis-vanduo\/","og_locale":"de_DE","og_type":"article","og_title":"Mineralwasser - Kurort\u0173 asociacija","og_description":"[vc_row][vc_column width=&#8220;2\/3&#8243; offset=&#8220;vc_col-lg-offset-2 vc_col-sm-offset-0 vc_col-xs-12&#8243;][vc_column_text]In Litauen gefundene Mineralwasserquellen heilen Erkrankungen des Verdauungstrakts, normalisieren die Sekretion der Dr\u00fcsen, verbessern die Leberfunktion, die Gallensekretion und regulieren die Darmfunktion. In therapeutischen B\u00e4dern wird Mineralwasser mit geringer, mittlerer und hoher Mineralisierung verwendet. Die Mineralisierungsst\u00e4rke wird durch den Gehalt an Mineralien pro Liter bestimmt. Das Mineralwasser enth\u00e4lt biologisch aktive Spurenelemente,&hellip;","og_url":"https:\/\/www.kurortuasociacija.lt\/naturalus-gamtiniai-istekliai\/mineralinis-vanduo\/","og_site_name":"Kurort\u0173 asociacija","article_modified_time":"2019-07-05T12:28:35+00:00","twitter_card":"summary_large_image","twitter_misc":{"Gesch\u00e4tzte Lesezeit":"3\u00a0Minuten"},"schema":{"@context":"https:\/\/schema.org","@graph":[{"@type":"WebPage","@id":"https:\/\/www.kurortuasociacija.lt\/naturalus-gamtiniai-istekliai\/mineralinis-vanduo\/","url":"https:\/\/www.kurortuasociacija.lt\/naturalus-gamtiniai-istekliai\/mineralinis-vanduo\/","name":"Mineralwasser - Kurort\u0173 asociacija","isPartOf":{"@id":"https:\/\/www.kurortuasociacija.lt\/#website"},"datePublished":"2019-07-05T12:28:05+00:00","dateModified":"2019-07-05T12:28:35+00:00","breadcrumb":{"@id":"https:\/\/www.kurortuasociacija.lt\/naturalus-gamtiniai-istekliai\/mineralinis-vanduo\/#breadcrumb"},"inLanguage":"de","potentialAction":[{"@type":"ReadAction","target":["https:\/\/www.kurortuasociacija.lt\/naturalus-gamtiniai-istekliai\/mineralinis-vanduo\/"]}]},{"@type":"BreadcrumbList","@id":"https:\/\/www.kurortuasociacija.lt\/naturalus-gamtiniai-istekliai\/mineralinis-vanduo\/#breadcrumb","itemListElement":[{"@type":"ListItem","position":1,"name":"Home","item":"https:\/\/www.kurortuasociacija.lt\/de\/"},{"@type":"ListItem","position":2,"name":"Naturressourcen","item":"https:\/\/www.kurortuasociacija.lt\/naturalus-gamtiniai-istekliai\/"},{"@type":"ListItem","position":3,"name":"Mineralwasser"}]},{"@type":"WebSite","@id":"https:\/\/www.kurortuasociacija.lt\/#website","url":"https:\/\/www.kurortuasociacija.lt\/","name":"Kurort\u0173 asociacija","description":"Lietuvos kurort\u0173 asociacija","potentialAction":[{"@type":"SearchAction","target":{"@type":"EntryPoint","urlTemplate":"https:\/\/www.kurortuasociacija.lt\/?s={search_term_string}"},"query-input":{"@type":"PropertyValueSpecification","valueRequired":true,"valueName":"search_term_string"}}],"inLanguage":"de"}]}},"_links":{"self":[{"href":"https:\/\/www.kurortuasociacija.lt\/de\/wp-json\/wp\/v2\/pages\/1320","targetHints":{"allow":["GET"]}}],"collection":[{"href":"https:\/\/www.kurortuasociacija.lt\/de\/wp-json\/wp\/v2\/pages"}],"about":[{"href":"https:\/\/www.kurortuasociacija.lt\/de\/wp-json\/wp\/v2\/types\/page"}],"author":[{"embeddable":true,"href":"https:\/\/www.kurortuasociacija.lt\/de\/wp-json\/wp\/v2\/users\/1"}],"replies":[{"embeddable":true,"href":"https:\/\/www.kurortuasociacija.lt\/de\/wp-json\/wp\/v2\/comments?post=1320"}],"version-history":[{"count":2,"href":"https:\/\/www.kurortuasociacija.lt\/de\/wp-json\/wp\/v2\/pages\/1320\/revisions"}],"predecessor-version":[{"id":1323,"href":"https:\/\/www.kurortuasociacija.lt\/de\/wp-json\/wp\/v2\/pages\/1320\/revisions\/1323"}],"up":[{"embeddable":true,"href":"https:\/\/www.kurortuasociacija.lt\/de\/wp-json\/wp\/v2\/pages\/1365"}],"wp:attachment":[{"href":"https:\/\/www.kurortuasociacija.lt\/de\/wp-json\/wp\/v2\/media?parent=1320"}],"curies":[{"name":"wp","href":"https:\/\/api.w.org\/{rel}","templated":true}]}}