{"id":1308,"date":"2019-07-05T14:24:19","date_gmt":"2019-07-05T12:24:19","guid":{"rendered":"https:\/\/www.kurortuasociacija.lt\/?page_id=1308"},"modified":"2019-07-05T14:24:48","modified_gmt":"2019-07-05T12:24:48","slug":"heilschlamm","status":"publish","type":"page","link":"https:\/\/www.kurortuasociacija.lt\/de\/naturressourcen\/heilschlamm\/","title":{"rendered":"Heilschlamm"},"content":{"rendered":"<div class=\"wpb-content-wrapper\"><p>[vc_row][vc_column width=&#8220;2\/3&#8243; offset=&#8220;vc_col-lg-offset-2 vc_col-sm-offset-0 vc_col-xs-12&#8243;][vc_column_text]Wussten Sie, dass: Die Behandlung mit Schlamm in der Antike ber\u00fchmt war? Es gibt verschiedene Arten von Heilschlamm, und in Litauen wird haupts\u00e4chlich Torf verwendet, der viele heilende Eigenschaften hat.<\/p>\n<p>Tauchen Sie in das Schwarztorf-Schlammbad ein, das vielleicht etwas unangenehm ist, aber es lohnt sich. Solche Verfahren sind \u00e4u\u00dferst effektiv bei der Behandlung von Erkrankungen der Gelenke, der Wirbels\u00e4ule, des Stoffwechsels, des peripheren und des funktionalen Nervensystems. Das SPA-Personal bietet Ihnen Schlammanwendungen, Spezialanwendungen f\u00fcr das Zahnfleisch, Elektrospray und Schlammtupfer. Schlamm hilft der Haut, biologisch aktive Substanzen freizusetzen, die alle Systeme im K\u00f6rper anregen. Auch Erkrankungen des Zentralnervensystems, Genital- und Verdauungsst\u00f6rungen werden mit Schlamm behandelt.<\/p>\n<p>Wenn der schwarze Dreck Sie nicht anspricht, probieren Sie den wei\u00dfen Heilschlamm. Es ist der Schlamm aus S\u00fc\u00dfwasserseen organischen Ursprungs, der viele organische, biologisch aktive Substanzen und Spurenelemente enth\u00e4lt. W\u00e4hrend der Behandlung wirkt sich dieser Schmutz nicht nur auf Ihre Haut, sondern auch auf alle Gewebe und Organe aus. Verfahren mit wei\u00dfem Schlamm verbessern die Durchblutung und den Stoffwechsel, helfen dem K\u00f6rper, sch\u00e4dliche Substanzen und Schlacken zu entfernen. Er sch\u00fctzt die Haut vor Austrocknung und Alterung, spendet Feuchtigkeit. Nach ein paar B\u00e4dern sp\u00fcren Sie Ihr Immunsystem. Wenn Sie krank sind, verlangsamen sich die Entz\u00fcndungsprozesse in Ihrem K\u00f6rper h\u00f6ren auf und die Dr\u00fcsen werden aktiver.<\/p>\n<p>Hochwirksame Schlammb\u00e4der mit Mineralwasser &#8211; nur 20 Minuten in einem warmen Schlammbad \u00f6ffnen die Poren der Haut und entfernen die Schlacken. Ihre Haut und Ihr Kreislaufsystem werden mit vielen n\u00fctzlichen Mikroelementen aus der Erde und biologisch aktiven Substanzen versorgt, die den Stoffwechsel verbessern. Heilschlammb\u00e4der heilen, regen Heilungsprozesse an, aktivieren den Stoffwechsel und f\u00f6rdern den Stoffwechsel der Gewebe. Sie heilen effektiv chronische Entz\u00fcndungen, allergische Erkrankungen, Verdauungsst\u00f6rungen, Gelenk-, Muskel-, gyn\u00e4kologische und urologische Erkrankungen.[\/vc_column_text][\/vc_column][\/vc_row]<\/p>\n<\/div>","protected":false},"excerpt":{"rendered":"<p>[vc_row][vc_column width=&#8220;2\/3&#8243; offset=&#8220;vc_col-lg-offset-2 vc_col-sm-offset-0 vc_col-xs-12&#8243;][vc_column_text]Wussten Sie, dass: Die Behandlung mit Schlamm in der Antike ber\u00fchmt war? Es gibt verschiedene Arten von Heilschlamm, und in Litauen wird haupts\u00e4chlich Torf verwendet, der viele heilende Eigenschaften hat. Tauchen Sie in das Schwarztorf-Schlammbad ein, das vielleicht etwas unangenehm ist, aber es lohnt sich. Solche Verfahren sind \u00e4u\u00dferst effektiv bei&hellip;<\/p>\n","protected":false},"author":1,"featured_media":0,"parent":1365,"menu_order":0,"comment_status":"closed","ping_status":"closed","template":"","meta":{"pgc_sgb_lightbox_settings":"","footnotes":""},"class_list":["post-1308","page","type-page","status-publish","hentry","description-off"],"yoast_head":"<!-- This site is optimized with the Yoast SEO plugin v27.3 - https:\/\/yoast.com\/product\/yoast-seo-wordpress\/ -->\n<title>Heilschlamm - Kurort\u0173 asociacija<\/title>\n<meta name=\"robots\" content=\"index, follow, max-snippet:-1, max-image-preview:large, max-video-preview:-1\" \/>\n<link rel=\"canonical\" href=\"https:\/\/www.kurortuasociacija.lt\/naturalus-gamtiniai-istekliai\/gydomasis-purvas\/\" \/>\n<meta property=\"og:locale\" content=\"de_DE\" \/>\n<meta property=\"og:type\" content=\"article\" \/>\n<meta property=\"og:title\" content=\"Heilschlamm - Kurort\u0173 asociacija\" \/>\n<meta property=\"og:description\" content=\"[vc_row][vc_column width=&#8220;2\/3&#8243; offset=&#8220;vc_col-lg-offset-2 vc_col-sm-offset-0 vc_col-xs-12&#8243;][vc_column_text]Wussten Sie, dass: Die Behandlung mit Schlamm in der Antike ber\u00fchmt war? Es gibt verschiedene Arten von Heilschlamm, und in Litauen wird haupts\u00e4chlich Torf verwendet, der viele heilende Eigenschaften hat. Tauchen Sie in das Schwarztorf-Schlammbad ein, das vielleicht etwas unangenehm ist, aber es lohnt sich. Solche Verfahren sind \u00e4u\u00dferst effektiv bei&hellip;\" \/>\n<meta property=\"og:url\" content=\"https:\/\/www.kurortuasociacija.lt\/naturalus-gamtiniai-istekliai\/gydomasis-purvas\/\" \/>\n<meta property=\"og:site_name\" content=\"Kurort\u0173 asociacija\" \/>\n<meta property=\"article:modified_time\" content=\"2019-07-05T12:24:48+00:00\" \/>\n<meta name=\"twitter:card\" content=\"summary_large_image\" \/>\n<meta name=\"twitter:label1\" content=\"Gesch\u00e4tzte Lesezeit\" \/>\n\t<meta name=\"twitter:data1\" content=\"2\u00a0Minuten\" \/>\n<script type=\"application\/ld+json\" class=\"yoast-schema-graph\">{\"@context\":\"https:\\\/\\\/schema.org\",\"@graph\":[{\"@type\":\"WebPage\",\"@id\":\"https:\\\/\\\/www.kurortuasociacija.lt\\\/naturalus-gamtiniai-istekliai\\\/gydomasis-purvas\\\/\",\"url\":\"https:\\\/\\\/www.kurortuasociacija.lt\\\/naturalus-gamtiniai-istekliai\\\/gydomasis-purvas\\\/\",\"name\":\"Heilschlamm - Kurort\u0173 asociacija\",\"isPartOf\":{\"@id\":\"https:\\\/\\\/www.kurortuasociacija.lt\\\/#website\"},\"datePublished\":\"2019-07-05T12:24:19+00:00\",\"dateModified\":\"2019-07-05T12:24:48+00:00\",\"breadcrumb\":{\"@id\":\"https:\\\/\\\/www.kurortuasociacija.lt\\\/naturalus-gamtiniai-istekliai\\\/gydomasis-purvas\\\/#breadcrumb\"},\"inLanguage\":\"de\",\"potentialAction\":[{\"@type\":\"ReadAction\",\"target\":[\"https:\\\/\\\/www.kurortuasociacija.lt\\\/naturalus-gamtiniai-istekliai\\\/gydomasis-purvas\\\/\"]}]},{\"@type\":\"BreadcrumbList\",\"@id\":\"https:\\\/\\\/www.kurortuasociacija.lt\\\/naturalus-gamtiniai-istekliai\\\/gydomasis-purvas\\\/#breadcrumb\",\"itemListElement\":[{\"@type\":\"ListItem\",\"position\":1,\"name\":\"Home\",\"item\":\"https:\\\/\\\/www.kurortuasociacija.lt\\\/de\\\/\"},{\"@type\":\"ListItem\",\"position\":2,\"name\":\"Naturressourcen\",\"item\":\"https:\\\/\\\/www.kurortuasociacija.lt\\\/naturalus-gamtiniai-istekliai\\\/\"},{\"@type\":\"ListItem\",\"position\":3,\"name\":\"Heilschlamm\"}]},{\"@type\":\"WebSite\",\"@id\":\"https:\\\/\\\/www.kurortuasociacija.lt\\\/#website\",\"url\":\"https:\\\/\\\/www.kurortuasociacija.lt\\\/\",\"name\":\"Kurort\u0173 asociacija\",\"description\":\"Lietuvos kurort\u0173 asociacija\",\"potentialAction\":[{\"@type\":\"SearchAction\",\"target\":{\"@type\":\"EntryPoint\",\"urlTemplate\":\"https:\\\/\\\/www.kurortuasociacija.lt\\\/?s={search_term_string}\"},\"query-input\":{\"@type\":\"PropertyValueSpecification\",\"valueRequired\":true,\"valueName\":\"search_term_string\"}}],\"inLanguage\":\"de\"}]}<\/script>\n<!-- \/ Yoast SEO plugin. -->","yoast_head_json":{"title":"Heilschlamm - Kurort\u0173 asociacija","robots":{"index":"index","follow":"follow","max-snippet":"max-snippet:-1","max-image-preview":"max-image-preview:large","max-video-preview":"max-video-preview:-1"},"canonical":"https:\/\/www.kurortuasociacija.lt\/naturalus-gamtiniai-istekliai\/gydomasis-purvas\/","og_locale":"de_DE","og_type":"article","og_title":"Heilschlamm - Kurort\u0173 asociacija","og_description":"[vc_row][vc_column width=&#8220;2\/3&#8243; offset=&#8220;vc_col-lg-offset-2 vc_col-sm-offset-0 vc_col-xs-12&#8243;][vc_column_text]Wussten Sie, dass: Die Behandlung mit Schlamm in der Antike ber\u00fchmt war? Es gibt verschiedene Arten von Heilschlamm, und in Litauen wird haupts\u00e4chlich Torf verwendet, der viele heilende Eigenschaften hat. Tauchen Sie in das Schwarztorf-Schlammbad ein, das vielleicht etwas unangenehm ist, aber es lohnt sich. Solche Verfahren sind \u00e4u\u00dferst effektiv bei&hellip;","og_url":"https:\/\/www.kurortuasociacija.lt\/naturalus-gamtiniai-istekliai\/gydomasis-purvas\/","og_site_name":"Kurort\u0173 asociacija","article_modified_time":"2019-07-05T12:24:48+00:00","twitter_card":"summary_large_image","twitter_misc":{"Gesch\u00e4tzte Lesezeit":"2\u00a0Minuten"},"schema":{"@context":"https:\/\/schema.org","@graph":[{"@type":"WebPage","@id":"https:\/\/www.kurortuasociacija.lt\/naturalus-gamtiniai-istekliai\/gydomasis-purvas\/","url":"https:\/\/www.kurortuasociacija.lt\/naturalus-gamtiniai-istekliai\/gydomasis-purvas\/","name":"Heilschlamm - Kurort\u0173 asociacija","isPartOf":{"@id":"https:\/\/www.kurortuasociacija.lt\/#website"},"datePublished":"2019-07-05T12:24:19+00:00","dateModified":"2019-07-05T12:24:48+00:00","breadcrumb":{"@id":"https:\/\/www.kurortuasociacija.lt\/naturalus-gamtiniai-istekliai\/gydomasis-purvas\/#breadcrumb"},"inLanguage":"de","potentialAction":[{"@type":"ReadAction","target":["https:\/\/www.kurortuasociacija.lt\/naturalus-gamtiniai-istekliai\/gydomasis-purvas\/"]}]},{"@type":"BreadcrumbList","@id":"https:\/\/www.kurortuasociacija.lt\/naturalus-gamtiniai-istekliai\/gydomasis-purvas\/#breadcrumb","itemListElement":[{"@type":"ListItem","position":1,"name":"Home","item":"https:\/\/www.kurortuasociacija.lt\/de\/"},{"@type":"ListItem","position":2,"name":"Naturressourcen","item":"https:\/\/www.kurortuasociacija.lt\/naturalus-gamtiniai-istekliai\/"},{"@type":"ListItem","position":3,"name":"Heilschlamm"}]},{"@type":"WebSite","@id":"https:\/\/www.kurortuasociacija.lt\/#website","url":"https:\/\/www.kurortuasociacija.lt\/","name":"Kurort\u0173 asociacija","description":"Lietuvos kurort\u0173 asociacija","potentialAction":[{"@type":"SearchAction","target":{"@type":"EntryPoint","urlTemplate":"https:\/\/www.kurortuasociacija.lt\/?s={search_term_string}"},"query-input":{"@type":"PropertyValueSpecification","valueRequired":true,"valueName":"search_term_string"}}],"inLanguage":"de"}]}},"_links":{"self":[{"href":"https:\/\/www.kurortuasociacija.lt\/de\/wp-json\/wp\/v2\/pages\/1308","targetHints":{"allow":["GET"]}}],"collection":[{"href":"https:\/\/www.kurortuasociacija.lt\/de\/wp-json\/wp\/v2\/pages"}],"about":[{"href":"https:\/\/www.kurortuasociacija.lt\/de\/wp-json\/wp\/v2\/types\/page"}],"author":[{"embeddable":true,"href":"https:\/\/www.kurortuasociacija.lt\/de\/wp-json\/wp\/v2\/users\/1"}],"replies":[{"embeddable":true,"href":"https:\/\/www.kurortuasociacija.lt\/de\/wp-json\/wp\/v2\/comments?post=1308"}],"version-history":[{"count":2,"href":"https:\/\/www.kurortuasociacija.lt\/de\/wp-json\/wp\/v2\/pages\/1308\/revisions"}],"predecessor-version":[{"id":1311,"href":"https:\/\/www.kurortuasociacija.lt\/de\/wp-json\/wp\/v2\/pages\/1308\/revisions\/1311"}],"up":[{"embeddable":true,"href":"https:\/\/www.kurortuasociacija.lt\/de\/wp-json\/wp\/v2\/pages\/1365"}],"wp:attachment":[{"href":"https:\/\/www.kurortuasociacija.lt\/de\/wp-json\/wp\/v2\/media?parent=1308"}],"curies":[{"name":"wp","href":"https:\/\/api.w.org\/{rel}","templated":true}]}}