{"id":1296,"date":"2019-07-05T14:21:23","date_gmt":"2019-07-05T12:21:23","guid":{"rendered":"https:\/\/www.kurortuasociacija.lt\/?page_id=1296"},"modified":"2019-07-05T14:21:51","modified_gmt":"2019-07-05T12:21:51","slug":"klima","status":"publish","type":"page","link":"https:\/\/www.kurortuasociacija.lt\/de\/naturressourcen\/klima\/","title":{"rendered":"Klima"},"content":{"rendered":"<div class=\"wpb-content-wrapper\"><p>[vc_row][vc_column width=&#8220;2\/3&#8243; offset=&#8220;vc_col-lg-offset-2 vc_col-sm-offset-0 vc_col-xs-12&#8243;][vc_column_text]Das milde Klima der litauischen Kurorte erfrischt, heilt, entspannt und st\u00e4rkt. Die richtige Kombination von Luftdruck, Lufttemperatur und Luftfeuchtigkeit, Niederschlag, Windrichtung und -st\u00e4rke sowie Sonneneinstrahlung ist f\u00fcr jeden lebenden Organismus wichtig.<\/p>\n<p>Klimatherapieverfahren trainieren die thermoregulatorische Funktion des K\u00f6rpers, stimulieren den Stoffwechsel und die Funktion der Organe und physiologischen Systeme, erh\u00f6hen die immunbiologische Reaktivit\u00e4t des K\u00f6rpers und normalisieren seine neuroregulatorische Funktion.<\/p>\n<p>Die wichtigste Form der Klimatherapie liegt an der frischen Luft: Luftb\u00e4der, Schlafen im Freien, Erholung im Freien, Gymnastik und Sport im Freien. F\u00fcr beste Ergebnisse kombinieren Sie diese Prozeduren mit Sonnenb\u00e4dern und Baden im Wasser. Haben Sie Schwierigkeiten mit dem Herzen, dem Gef\u00e4\u00dfsystem? Sind Sie missgelaunt, m\u00fcde und schwach? Die mit Sauerstoff ges\u00e4ttigte Luft in unserem Land wird dazu beitragen, die Funktion des Nervensystems wiederherzustellen und die Stimmung zu verbessern. Wenn Sie diese Luft atmen, k\u00f6nnen Sie besser schlafen, die Leberfunktion verbessern und den Eiwei\u00df- und Fettstoffwechsel Ihres K\u00f6rpers normalisieren.[\/vc_column_text][\/vc_column][\/vc_row]<\/p>\n<\/div>","protected":false},"excerpt":{"rendered":"<p>[vc_row][vc_column width=&#8220;2\/3&#8243; offset=&#8220;vc_col-lg-offset-2 vc_col-sm-offset-0 vc_col-xs-12&#8243;][vc_column_text]Das milde Klima der litauischen Kurorte erfrischt, heilt, entspannt und st\u00e4rkt. Die richtige Kombination von Luftdruck, Lufttemperatur und Luftfeuchtigkeit, Niederschlag, Windrichtung und -st\u00e4rke sowie Sonneneinstrahlung ist f\u00fcr jeden lebenden Organismus wichtig. Klimatherapieverfahren trainieren die thermoregulatorische Funktion des K\u00f6rpers, stimulieren den Stoffwechsel und die Funktion der Organe und physiologischen Systeme, erh\u00f6hen die&hellip;<\/p>\n","protected":false},"author":1,"featured_media":0,"parent":1365,"menu_order":0,"comment_status":"closed","ping_status":"closed","template":"","meta":{"pgc_sgb_lightbox_settings":"","footnotes":""},"class_list":["post-1296","page","type-page","status-publish","hentry","description-off"],"yoast_head":"<!-- This site is optimized with the Yoast SEO plugin v27.3 - https:\/\/yoast.com\/product\/yoast-seo-wordpress\/ -->\n<title>Klima - Kurort\u0173 asociacija<\/title>\n<meta name=\"robots\" content=\"index, follow, max-snippet:-1, max-image-preview:large, max-video-preview:-1\" \/>\n<link rel=\"canonical\" href=\"https:\/\/www.kurortuasociacija.lt\/naturalus-gamtiniai-istekliai\/klimatas\/\" \/>\n<meta property=\"og:locale\" content=\"de_DE\" \/>\n<meta property=\"og:type\" content=\"article\" \/>\n<meta property=\"og:title\" content=\"Klima - Kurort\u0173 asociacija\" \/>\n<meta property=\"og:description\" content=\"[vc_row][vc_column width=&#8220;2\/3&#8243; offset=&#8220;vc_col-lg-offset-2 vc_col-sm-offset-0 vc_col-xs-12&#8243;][vc_column_text]Das milde Klima der litauischen Kurorte erfrischt, heilt, entspannt und st\u00e4rkt. Die richtige Kombination von Luftdruck, Lufttemperatur und Luftfeuchtigkeit, Niederschlag, Windrichtung und -st\u00e4rke sowie Sonneneinstrahlung ist f\u00fcr jeden lebenden Organismus wichtig. Klimatherapieverfahren trainieren die thermoregulatorische Funktion des K\u00f6rpers, stimulieren den Stoffwechsel und die Funktion der Organe und physiologischen Systeme, erh\u00f6hen die&hellip;\" \/>\n<meta property=\"og:url\" content=\"https:\/\/www.kurortuasociacija.lt\/naturalus-gamtiniai-istekliai\/klimatas\/\" \/>\n<meta property=\"og:site_name\" content=\"Kurort\u0173 asociacija\" \/>\n<meta property=\"article:modified_time\" content=\"2019-07-05T12:21:51+00:00\" \/>\n<meta name=\"twitter:card\" content=\"summary_large_image\" \/>\n<meta name=\"twitter:label1\" content=\"Gesch\u00e4tzte Lesezeit\" \/>\n\t<meta name=\"twitter:data1\" content=\"1\u00a0Minute\" \/>\n<script type=\"application\/ld+json\" class=\"yoast-schema-graph\">{\"@context\":\"https:\\\/\\\/schema.org\",\"@graph\":[{\"@type\":\"WebPage\",\"@id\":\"https:\\\/\\\/www.kurortuasociacija.lt\\\/naturalus-gamtiniai-istekliai\\\/klimatas\\\/\",\"url\":\"https:\\\/\\\/www.kurortuasociacija.lt\\\/naturalus-gamtiniai-istekliai\\\/klimatas\\\/\",\"name\":\"Klima - Kurort\u0173 asociacija\",\"isPartOf\":{\"@id\":\"https:\\\/\\\/www.kurortuasociacija.lt\\\/#website\"},\"datePublished\":\"2019-07-05T12:21:23+00:00\",\"dateModified\":\"2019-07-05T12:21:51+00:00\",\"breadcrumb\":{\"@id\":\"https:\\\/\\\/www.kurortuasociacija.lt\\\/naturalus-gamtiniai-istekliai\\\/klimatas\\\/#breadcrumb\"},\"inLanguage\":\"de\",\"potentialAction\":[{\"@type\":\"ReadAction\",\"target\":[\"https:\\\/\\\/www.kurortuasociacija.lt\\\/naturalus-gamtiniai-istekliai\\\/klimatas\\\/\"]}]},{\"@type\":\"BreadcrumbList\",\"@id\":\"https:\\\/\\\/www.kurortuasociacija.lt\\\/naturalus-gamtiniai-istekliai\\\/klimatas\\\/#breadcrumb\",\"itemListElement\":[{\"@type\":\"ListItem\",\"position\":1,\"name\":\"Home\",\"item\":\"https:\\\/\\\/www.kurortuasociacija.lt\\\/de\\\/\"},{\"@type\":\"ListItem\",\"position\":2,\"name\":\"Naturressourcen\",\"item\":\"https:\\\/\\\/www.kurortuasociacija.lt\\\/naturalus-gamtiniai-istekliai\\\/\"},{\"@type\":\"ListItem\",\"position\":3,\"name\":\"Klima\"}]},{\"@type\":\"WebSite\",\"@id\":\"https:\\\/\\\/www.kurortuasociacija.lt\\\/#website\",\"url\":\"https:\\\/\\\/www.kurortuasociacija.lt\\\/\",\"name\":\"Kurort\u0173 asociacija\",\"description\":\"Lietuvos kurort\u0173 asociacija\",\"potentialAction\":[{\"@type\":\"SearchAction\",\"target\":{\"@type\":\"EntryPoint\",\"urlTemplate\":\"https:\\\/\\\/www.kurortuasociacija.lt\\\/?s={search_term_string}\"},\"query-input\":{\"@type\":\"PropertyValueSpecification\",\"valueRequired\":true,\"valueName\":\"search_term_string\"}}],\"inLanguage\":\"de\"}]}<\/script>\n<!-- \/ Yoast SEO plugin. -->","yoast_head_json":{"title":"Klima - Kurort\u0173 asociacija","robots":{"index":"index","follow":"follow","max-snippet":"max-snippet:-1","max-image-preview":"max-image-preview:large","max-video-preview":"max-video-preview:-1"},"canonical":"https:\/\/www.kurortuasociacija.lt\/naturalus-gamtiniai-istekliai\/klimatas\/","og_locale":"de_DE","og_type":"article","og_title":"Klima - Kurort\u0173 asociacija","og_description":"[vc_row][vc_column width=&#8220;2\/3&#8243; offset=&#8220;vc_col-lg-offset-2 vc_col-sm-offset-0 vc_col-xs-12&#8243;][vc_column_text]Das milde Klima der litauischen Kurorte erfrischt, heilt, entspannt und st\u00e4rkt. Die richtige Kombination von Luftdruck, Lufttemperatur und Luftfeuchtigkeit, Niederschlag, Windrichtung und -st\u00e4rke sowie Sonneneinstrahlung ist f\u00fcr jeden lebenden Organismus wichtig. Klimatherapieverfahren trainieren die thermoregulatorische Funktion des K\u00f6rpers, stimulieren den Stoffwechsel und die Funktion der Organe und physiologischen Systeme, erh\u00f6hen die&hellip;","og_url":"https:\/\/www.kurortuasociacija.lt\/naturalus-gamtiniai-istekliai\/klimatas\/","og_site_name":"Kurort\u0173 asociacija","article_modified_time":"2019-07-05T12:21:51+00:00","twitter_card":"summary_large_image","twitter_misc":{"Gesch\u00e4tzte Lesezeit":"1\u00a0Minute"},"schema":{"@context":"https:\/\/schema.org","@graph":[{"@type":"WebPage","@id":"https:\/\/www.kurortuasociacija.lt\/naturalus-gamtiniai-istekliai\/klimatas\/","url":"https:\/\/www.kurortuasociacija.lt\/naturalus-gamtiniai-istekliai\/klimatas\/","name":"Klima - Kurort\u0173 asociacija","isPartOf":{"@id":"https:\/\/www.kurortuasociacija.lt\/#website"},"datePublished":"2019-07-05T12:21:23+00:00","dateModified":"2019-07-05T12:21:51+00:00","breadcrumb":{"@id":"https:\/\/www.kurortuasociacija.lt\/naturalus-gamtiniai-istekliai\/klimatas\/#breadcrumb"},"inLanguage":"de","potentialAction":[{"@type":"ReadAction","target":["https:\/\/www.kurortuasociacija.lt\/naturalus-gamtiniai-istekliai\/klimatas\/"]}]},{"@type":"BreadcrumbList","@id":"https:\/\/www.kurortuasociacija.lt\/naturalus-gamtiniai-istekliai\/klimatas\/#breadcrumb","itemListElement":[{"@type":"ListItem","position":1,"name":"Home","item":"https:\/\/www.kurortuasociacija.lt\/de\/"},{"@type":"ListItem","position":2,"name":"Naturressourcen","item":"https:\/\/www.kurortuasociacija.lt\/naturalus-gamtiniai-istekliai\/"},{"@type":"ListItem","position":3,"name":"Klima"}]},{"@type":"WebSite","@id":"https:\/\/www.kurortuasociacija.lt\/#website","url":"https:\/\/www.kurortuasociacija.lt\/","name":"Kurort\u0173 asociacija","description":"Lietuvos kurort\u0173 asociacija","potentialAction":[{"@type":"SearchAction","target":{"@type":"EntryPoint","urlTemplate":"https:\/\/www.kurortuasociacija.lt\/?s={search_term_string}"},"query-input":{"@type":"PropertyValueSpecification","valueRequired":true,"valueName":"search_term_string"}}],"inLanguage":"de"}]}},"_links":{"self":[{"href":"https:\/\/www.kurortuasociacija.lt\/de\/wp-json\/wp\/v2\/pages\/1296","targetHints":{"allow":["GET"]}}],"collection":[{"href":"https:\/\/www.kurortuasociacija.lt\/de\/wp-json\/wp\/v2\/pages"}],"about":[{"href":"https:\/\/www.kurortuasociacija.lt\/de\/wp-json\/wp\/v2\/types\/page"}],"author":[{"embeddable":true,"href":"https:\/\/www.kurortuasociacija.lt\/de\/wp-json\/wp\/v2\/users\/1"}],"replies":[{"embeddable":true,"href":"https:\/\/www.kurortuasociacija.lt\/de\/wp-json\/wp\/v2\/comments?post=1296"}],"version-history":[{"count":2,"href":"https:\/\/www.kurortuasociacija.lt\/de\/wp-json\/wp\/v2\/pages\/1296\/revisions"}],"predecessor-version":[{"id":1299,"href":"https:\/\/www.kurortuasociacija.lt\/de\/wp-json\/wp\/v2\/pages\/1296\/revisions\/1299"}],"up":[{"embeddable":true,"href":"https:\/\/www.kurortuasociacija.lt\/de\/wp-json\/wp\/v2\/pages\/1365"}],"wp:attachment":[{"href":"https:\/\/www.kurortuasociacija.lt\/de\/wp-json\/wp\/v2\/media?parent=1296"}],"curies":[{"name":"wp","href":"https:\/\/api.w.org\/{rel}","templated":true}]}}