{"id":1276,"date":"2019-07-05T14:18:10","date_gmt":"2019-07-05T12:18:10","guid":{"rendered":"https:\/\/www.kurortuasociacija.lt\/?page_id=1276"},"modified":"2021-06-03T12:59:56","modified_gmt":"2021-06-03T10:59:56","slug":"zarasai","status":"publish","type":"page","link":"https:\/\/www.kurortuasociacija.lt\/de\/kurorte-und-kurortgebiete\/zarasai\/","title":{"rendered":"Zarasai"},"content":{"rendered":"<div class=\"wpb-content-wrapper\"><p>[vc_row][vc_column width=&#8220;2\/3&#8243; offset=&#8220;vc_col-lg-offset-2 vc_col-sm-offset-0 vc_col-xs-12&#8243;][vc_column_text]Wenn Sie sich die Karte von Litauen ansehen, wird Ihnen die Zarasai-Region sofort auffallen. Auf diesem Territorium ist so viel Blau, dass zweifelhaft ist, ob jemand wei\u00df, wie viele Seen und Fl\u00fcsse sich in dieser Region befinden. Sie sollten die Namen der Orte, die die Kultur eines alten Stammes bewahren, nicht ignorieren. Der Name der Stadt Zarasai ist einer der bekanntesten Hinweise auf einen ausgestorbenen Stamm.<\/p>\n<p>Die Stadt Zarasai ist seit 515 Jahren &#8222;blau\u00e4ugig&#8220;. Es ist an der Zeit, die Geschichte des vor langer Zeit entstandenen Stadtnamens zu erkl\u00e4ren: Eine Riesenfamilie lebte auf einem gro\u00dfen H\u00fcgel. Es war die Heimat eines fr\u00f6hlichen und flinken Riesen namens Azeras, der gerne Verstecken spielte. Eines Tages ging die ganze Familie in den Wald. Der Riese besuchte seine Eltern, um zu spielen und sich zu verstecken, und sein Vater und seine Mutter begannen, nach ihm zu suchen. Sie liefen lange, konnten aber immer noch kein Kind finden, das sich versteckt hielt. Dann schrie der Vater: &#8222;Azerasai!&#8220; Oh, das Echo sagte zu ihm: &#8222;Zarasai!&#8220; Zarasai! \u201c, Es rief die Mutter, aber das Echo wiederholte sich:&#8220;Zarasai! Zarasai!&#8220; Der Riese, der wegen der Stimmen erwachte, eilte zu seinen Eltern: Alle waren gl\u00fccklich und gl\u00fccklich, nach Hause zur\u00fcckzukehren. Sp\u00e4ter wurden die H\u00fcgel mit sieben Seen von Menschen besiedelt, die hier eine Stadt gr\u00fcndeten und sie Zarasai nannten, eine Erinnerung an die freundliche Riesenfamilie.<\/p>\n<p>Sch\u00f6nes und unvergessliches Zarasai! Egal, wie Sie hierher kommen: Mit dem Fahrrad, dem Auto oder zu Fu\u00df &#8211; die Stadt begr\u00fc\u00dft Sie auf den hohen H\u00fcgeln mit sonnenbeschienenen Kircht\u00fcrmen. Der Anblick von Zarasai wird kaum alle H\u00fcgel, H\u00fcgel, W\u00e4lder und Seen umfassen, die hier in all den Schattierungen von Blau schimmern und sich auf mysteri\u00f6se Weise hinter dem Horizont verstecken. Zarasai ist zu jeder Jahreszeit anders: Im Winter sind die Seen und schneebedeckten W\u00e4ldern vereist. Im Fr\u00fchjahr wird die Stadt von der Kraft des Wassers durchdrungen, das aus der eisigen Umarmung austritt, und die Luft ist mit dem Geruch von Leben ges\u00e4ttigt. Der Sommer lockt mit k\u00fchlem Wasser und gesunden Kiefernw\u00e4ldern, und im Herbst ist Zarasai ein Naturparadies.<\/p>\n<p>Das Land um Zarasai ist wie ein Ufer des Himmels auf Erden. Nehmen Sie sich Zeit f\u00fcr einen Aufenthalt in der Region, die 2010 als attraktivste wassertouristische Destination in Litauen anerkannt wurde! Wir freuen uns auf Ihren Besuch in Zarasai &#8211; Urlaubsgebiet und erste litauische Kulturhauptstadt![\/vc_column_text][\/vc_column][\/vc_row][vc_row css=&#8220;.vc_custom_1548065793116{margin-top: 20px !important;}&#8220;][vc_column]<style type=\"text\/css\" data-type=\"the7_shortcodes-inline-css\">.gallery-shortcode.gallery-masonry-shortcode-id-8e849497b36809d9e3d3b1220143a608 figure,\n.gallery-shortcode.gallery-masonry-shortcode-id-8e849497b36809d9e3d3b1220143a608 .rollover,\n.gallery-shortcode.gallery-masonry-shortcode-id-8e849497b36809d9e3d3b1220143a608 img,\n.gallery-shortcode.gallery-masonry-shortcode-id-8e849497b36809d9e3d3b1220143a608 .gallery-rollover {\n  border-radius: 0px;\n}\n.gallery-shortcode.gallery-masonry-shortcode-id-8e849497b36809d9e3d3b1220143a608.enable-bg-rollover .gallery-rollover {\n  background: -webkit-linear-gradient();\n  background: linear-gradient();\n}\n.gallery-shortcode.gallery-masonry-shortcode-id-8e849497b36809d9e3d3b1220143a608.enable-bg-rollover.hover-scale figure .rollover:after {\n  background: -webkit-linear-gradient();\n  background: linear-gradient();\n}\n.gallery-shortcode.gallery-masonry-shortcode-id-8e849497b36809d9e3d3b1220143a608 .gallery-zoom-ico {\n  width: 44px;\n  height: 44px;\n  line-height: 44px;\n  border-radius: 100px;\n  margin: -22px 0 0 -22px;\n  border-width: 0px;\n  color: #ffffff;\n}\n.dt-icon-bg-on.gallery-shortcode.gallery-masonry-shortcode-id-8e849497b36809d9e3d3b1220143a608 .gallery-zoom-ico {\n  background: rgba(255,255,255,0.3);\n  box-shadow: none;\n}\n.gallery-shortcode.gallery-masonry-shortcode-id-8e849497b36809d9e3d3b1220143a608 .gallery-zoom-ico:before,\n.gallery-shortcode.gallery-masonry-shortcode-id-8e849497b36809d9e3d3b1220143a608 .gallery-zoom-ico span {\n  font-size: 32px;\n  line-height: 44px;\n  color: #ffffff;\n}\n.gallery-shortcode.gallery-masonry-shortcode-id-8e849497b36809d9e3d3b1220143a608:not(.resize-by-browser-width) .dt-css-grid {\n  grid-row-gap: 40px;\n  grid-column-gap: 40px;\n  grid-template-columns: repeat(auto-fill,minmax(,1fr));\n}\n.gallery-shortcode.gallery-masonry-shortcode-id-8e849497b36809d9e3d3b1220143a608:not(.resize-by-browser-width) .dt-css-grid .double-width {\n  grid-column: span 2;\n}\n.cssgridlegacy.no-cssgrid .gallery-shortcode.gallery-masonry-shortcode-id-8e849497b36809d9e3d3b1220143a608:not(.resize-by-browser-width) .dt-css-grid,\n.no-cssgridlegacy.no-cssgrid .gallery-shortcode.gallery-masonry-shortcode-id-8e849497b36809d9e3d3b1220143a608:not(.resize-by-browser-width) .dt-css-grid {\n  display: flex;\n  flex-flow: row wrap;\n  margin: -20px;\n}\n.cssgridlegacy.no-cssgrid .gallery-shortcode.gallery-masonry-shortcode-id-8e849497b36809d9e3d3b1220143a608:not(.resize-by-browser-width) .dt-css-grid .wf-cell,\n.no-cssgridlegacy.no-cssgrid .gallery-shortcode.gallery-masonry-shortcode-id-8e849497b36809d9e3d3b1220143a608:not(.resize-by-browser-width) .dt-css-grid .wf-cell {\n  flex: 1 0 ;\n  max-width: 100%;\n  padding: 20px;\n  box-sizing: border-box;\n}\n.gallery-shortcode.gallery-masonry-shortcode-id-8e849497b36809d9e3d3b1220143a608.resize-by-browser-width .dt-css-grid {\n  grid-template-columns: repeat(3,1fr);\n  grid-template-rows: auto;\n  grid-column-gap: 40px;\n  grid-row-gap: 40px;\n}\n.gallery-shortcode.gallery-masonry-shortcode-id-8e849497b36809d9e3d3b1220143a608.resize-by-browser-width .dt-css-grid .double-width {\n  grid-column: span 2;\n}\n.cssgridlegacy.no-cssgrid .gallery-shortcode.gallery-masonry-shortcode-id-8e849497b36809d9e3d3b1220143a608.resize-by-browser-width .dt-css-grid {\n  margin: -20px;\n}\n.cssgridlegacy.no-cssgrid .gallery-shortcode.gallery-masonry-shortcode-id-8e849497b36809d9e3d3b1220143a608.resize-by-browser-width .dt-css-grid .wf-cell {\n  width: 33.333333333333%;\n  padding: 20px;\n}\n.cssgridlegacy.no-cssgrid .gallery-shortcode.gallery-masonry-shortcode-id-8e849497b36809d9e3d3b1220143a608.resize-by-browser-width .dt-css-grid .wf-cell.double-width {\n  width: calc(33.333333333333%) * 2;\n}\n.gallery-shortcode.gallery-masonry-shortcode-id-8e849497b36809d9e3d3b1220143a608.resize-by-browser-width:not(.centered-layout-list):not(.content-bg-on) .dt-css-grid {\n  grid-row-gap: 40px - ;\n}\n@media screen and (max-width: 1199px) {\n  .gallery-shortcode.gallery-masonry-shortcode-id-8e849497b36809d9e3d3b1220143a608.resize-by-browser-width .dt-css-grid {\n    grid-template-columns: repeat(3,1fr);\n  }\n  .cssgridlegacy.no-cssgrid .gallery-shortcode.gallery-masonry-shortcode-id-8e849497b36809d9e3d3b1220143a608.resize-by-browser-width .dt-css-grid .wf-cell,\n  .no-cssgridlegacy.no-cssgrid .gallery-shortcode.gallery-masonry-shortcode-id-8e849497b36809d9e3d3b1220143a608.resize-by-browser-width .dt-css-grid .wf-cell {\n    width: 33.333333333333%;\n  }\n  .cssgridlegacy.no-cssgrid .gallery-shortcode.gallery-masonry-shortcode-id-8e849497b36809d9e3d3b1220143a608.resize-by-browser-width .dt-css-grid .wf-cell.double-width,\n  .no-cssgridlegacy.no-cssgrid .gallery-shortcode.gallery-masonry-shortcode-id-8e849497b36809d9e3d3b1220143a608.resize-by-browser-width .dt-css-grid .wf-cell.double-width {\n    width: calc(33.333333333333%)*2;\n  }\n}\n@media screen and (max-width: 991px) {\n  .gallery-shortcode.gallery-masonry-shortcode-id-8e849497b36809d9e3d3b1220143a608.resize-by-browser-width .dt-css-grid {\n    grid-template-columns: repeat(3,1fr);\n  }\n  .cssgridlegacy.no-cssgrid .gallery-shortcode.gallery-masonry-shortcode-id-8e849497b36809d9e3d3b1220143a608.resize-by-browser-width .dt-css-grid .wf-cell,\n  .no-cssgridlegacy.no-cssgrid .gallery-shortcode.gallery-masonry-shortcode-id-8e849497b36809d9e3d3b1220143a608.resize-by-browser-width .dt-css-grid .wf-cell {\n    width: 33.333333333333%;\n  }\n  .cssgridlegacy.no-cssgrid .gallery-shortcode.gallery-masonry-shortcode-id-8e849497b36809d9e3d3b1220143a608.resize-by-browser-width .dt-css-grid .wf-cell.double-width,\n  .no-cssgridlegacy.no-cssgrid .gallery-shortcode.gallery-masonry-shortcode-id-8e849497b36809d9e3d3b1220143a608.resize-by-browser-width .dt-css-grid .wf-cell.double-width {\n    width: calc(33.333333333333%)*2;\n  }\n}\n@media screen and (max-width: 767px) {\n  .gallery-shortcode.gallery-masonry-shortcode-id-8e849497b36809d9e3d3b1220143a608.resize-by-browser-width .dt-css-grid {\n    grid-template-columns: repeat(1,1fr);\n  }\n  .cssgridlegacy.no-cssgrid .gallery-shortcode.gallery-masonry-shortcode-id-8e849497b36809d9e3d3b1220143a608.resize-by-browser-width .dt-css-grid .wf-cell,\n  .no-cssgridlegacy.no-cssgrid .gallery-shortcode.gallery-masonry-shortcode-id-8e849497b36809d9e3d3b1220143a608.resize-by-browser-width .dt-css-grid .wf-cell {\n    width: 100%;\n  }\n  .cssgridlegacy.no-cssgrid .gallery-shortcode.gallery-masonry-shortcode-id-8e849497b36809d9e3d3b1220143a608.resize-by-browser-width .dt-css-grid .wf-cell.double-width,\n  .no-cssgridlegacy.no-cssgrid .gallery-shortcode.gallery-masonry-shortcode-id-8e849497b36809d9e3d3b1220143a608.resize-by-browser-width .dt-css-grid .wf-cell.double-width {\n    width: calc(100%)*2;\n  }\n}<\/style><div class=\"gallery-shortcode dt-gallery-container gallery-masonry-shortcode-id-8e849497b36809d9e3d3b1220143a608 mode-grid jquery-filter dt-icon-bg-off quick-scale-img dt-css-grid-wrap enable-bg-rollover resize-by-browser-width  hover-fade loading-effect-none description-on-hover\" data-padding=\"20px\" data-cur-page=\"1\" data-post-limit=\"-1\" data-pagination-mode=\"none\" data-desktop-columns-num=\"3\" data-v-tablet-columns-num=\"3\" data-h-tablet-columns-num=\"3\" data-phone-columns-num=\"1\" data-width=\"0px\" data-columns=\"0\"><div class=\"dt-css-grid\" ><div class=\"wf-cell\" data-post-id=\"1278\" data-date=\"2019-01-28T10:10:53+02:00\" data-name=\"Zarasai\u010dio e\u017eero papl\u016bdimys (A. Navickas)\"><figure class=\"post visible\"><a href=\"https:\/\/www.kurortuasociacija.lt\/wp-content\/uploads\/2019\/01\/Zarasai\u010dio-e\u017eero-papl\u016bdimys-A.-Navickas-e1548767002388.jpg\" class=\"rollover dt-pswp-item layzr-bg\" data-large_image_width=\"2500\" data-large_image_height=\"1875\" data-dt-img-description=\"\" title=\"Zarasai\u010dio e\u017eero papl\u016bdimys (A. Navickas)\"><img fetchpriority=\"high\" decoding=\"async\" class=\"preload-me iso-lazy-load aspect\" src=\"data:image\/svg+xml,%3Csvg%20xmlns%3D&#39;http%3A%2F%2Fwww.w3.org%2F2000%2Fsvg&#39;%20viewBox%3D&#39;0%200%20768%20512&#39;%2F%3E\" data-src=\"https:\/\/www.kurortuasociacija.lt\/wp-content\/uploads\/2019\/01\/Zarasai\u010dio-e\u017eero-papl\u016bdimys-A.-Navickas-e1548767002388-768x512.jpg\" data-srcset=\"https:\/\/www.kurortuasociacija.lt\/wp-content\/uploads\/2019\/01\/Zarasai\u010dio-e\u017eero-papl\u016bdimys-A.-Navickas-e1548767002388-768x512.jpg 768w, https:\/\/www.kurortuasociacija.lt\/wp-content\/uploads\/2019\/01\/Zarasai\u010dio-e\u017eero-papl\u016bdimys-A.-Navickas-e1548767002388-1152x768.jpg 1152w\" loading=\"eager\" style=\"--ratio: 768 \/ 512\" sizes=\"(max-width: 768px) 100vw, 768px\" alt=\"\" width=\"768\" height=\"512\"  \/><span class=\"gallery-rollover\"><span class=\"gallery-zoom-ico icomoon-the7-font-the7-zoom-06\"><span><\/span><\/span><\/span><\/a><\/figure><\/div><div class=\"wf-cell\" data-post-id=\"1279\" data-date=\"2019-01-28T10:10:57+02:00\" data-name=\"Zaraso e\u017eero ap\u017evalgos ratas (A. Navickas)\"><figure class=\"post visible\"><a href=\"https:\/\/www.kurortuasociacija.lt\/wp-content\/uploads\/2019\/01\/Zaraso-e\u017eero-ap\u017evalgos-ratas-A.-Navickas-e1548766996871.jpg\" class=\"rollover dt-pswp-item layzr-bg\" data-large_image_width=\"2500\" data-large_image_height=\"1656\" data-dt-img-description=\"\" title=\"Zaraso e\u017eero ap\u017evalgos ratas (A. Navickas)\"><img decoding=\"async\" class=\"preload-me iso-lazy-load aspect\" src=\"data:image\/svg+xml,%3Csvg%20xmlns%3D&#39;http%3A%2F%2Fwww.w3.org%2F2000%2Fsvg&#39;%20viewBox%3D&#39;0%200%20768%20512&#39;%2F%3E\" data-src=\"https:\/\/www.kurortuasociacija.lt\/wp-content\/uploads\/2019\/01\/Zaraso-e\u017eero-ap\u017evalgos-ratas-A.-Navickas-e1548766996871-768x512.jpg\" data-srcset=\"https:\/\/www.kurortuasociacija.lt\/wp-content\/uploads\/2019\/01\/Zaraso-e\u017eero-ap\u017evalgos-ratas-A.-Navickas-e1548766996871-768x512.jpg 768w, https:\/\/www.kurortuasociacija.lt\/wp-content\/uploads\/2019\/01\/Zaraso-e\u017eero-ap\u017evalgos-ratas-A.-Navickas-e1548766996871-1152x768.jpg 1152w\" loading=\"eager\" style=\"--ratio: 768 \/ 512\" sizes=\"(max-width: 768px) 100vw, 768px\" alt=\"\" width=\"768\" height=\"512\"  \/><span class=\"gallery-rollover\"><span class=\"gallery-zoom-ico icomoon-the7-font-the7-zoom-06\"><span><\/span><\/span><\/span><\/a><\/figure><\/div><div class=\"wf-cell\" data-post-id=\"1280\" data-date=\"2019-01-28T10:10:58+02:00\" data-name=\"OLYMPUS DIGITAL CAMERA\"><figure class=\"post visible\"><a href=\"https:\/\/www.kurortuasociacija.lt\/wp-content\/uploads\/2019\/01\/Zaraso-e\u017eero-Did\u017eioji-sala-A.-Navickas-1-e1548766990589.jpg\" class=\"rollover dt-pswp-item layzr-bg\" data-large_image_width=\"2500\" data-large_image_height=\"1667\" data-dt-img-description=\"\" title=\"OLYMPUS DIGITAL CAMERA\"><img decoding=\"async\" class=\"preload-me iso-lazy-load aspect\" src=\"data:image\/svg+xml,%3Csvg%20xmlns%3D&#39;http%3A%2F%2Fwww.w3.org%2F2000%2Fsvg&#39;%20viewBox%3D&#39;0%200%20768%20512&#39;%2F%3E\" data-src=\"https:\/\/www.kurortuasociacija.lt\/wp-content\/uploads\/2019\/01\/Zaraso-e\u017eero-Did\u017eioji-sala-A.-Navickas-1-e1548766990589-768x512.jpg\" data-srcset=\"https:\/\/www.kurortuasociacija.lt\/wp-content\/uploads\/2019\/01\/Zaraso-e\u017eero-Did\u017eioji-sala-A.-Navickas-1-e1548766990589-768x512.jpg 768w, https:\/\/www.kurortuasociacija.lt\/wp-content\/uploads\/2019\/01\/Zaraso-e\u017eero-Did\u017eioji-sala-A.-Navickas-1-e1548766990589-1152x768.jpg 1152w\" loading=\"eager\" style=\"--ratio: 768 \/ 512\" sizes=\"(max-width: 768px) 100vw, 768px\" alt=\"\" width=\"768\" height=\"512\"  \/><span class=\"gallery-rollover\"><span class=\"gallery-zoom-ico icomoon-the7-font-the7-zoom-06\"><span><\/span><\/span><\/span><\/a><\/figure><\/div><div class=\"wf-cell\" data-post-id=\"1281\" data-date=\"2019-01-28T10:11:02+02:00\" data-name=\"Zaraso e\u017eero pakrant\u0117(A. Navickas)\"><figure class=\"post visible\"><a href=\"https:\/\/www.kurortuasociacija.lt\/wp-content\/uploads\/2019\/01\/Zaraso-e\u017eero-pakrant\u0117A.-Navickas-e1548766982342.jpg\" class=\"rollover dt-pswp-item layzr-bg\" data-large_image_width=\"1667\" data-large_image_height=\"2500\" data-dt-img-description=\"\" title=\"Zaraso e\u017eero pakrant\u0117(A. Navickas)\"><img decoding=\"async\" class=\"preload-me iso-lazy-load aspect\" src=\"data:image\/svg+xml,%3Csvg%20xmlns%3D&#39;http%3A%2F%2Fwww.w3.org%2F2000%2Fsvg&#39;%20viewBox%3D&#39;0%200%20768%20512&#39;%2F%3E\" data-src=\"https:\/\/www.kurortuasociacija.lt\/wp-content\/uploads\/2019\/01\/Zaraso-e\u017eero-pakrant\u0117A.-Navickas-e1548766982342-768x512.jpg\" data-srcset=\"https:\/\/www.kurortuasociacija.lt\/wp-content\/uploads\/2019\/01\/Zaraso-e\u017eero-pakrant\u0117A.-Navickas-e1548766982342-768x512.jpg 768w, https:\/\/www.kurortuasociacija.lt\/wp-content\/uploads\/2019\/01\/Zaraso-e\u017eero-pakrant\u0117A.-Navickas-e1548766982342-1152x768.jpg 1152w\" loading=\"eager\" style=\"--ratio: 768 \/ 512\" sizes=\"(max-width: 768px) 100vw, 768px\" alt=\"\" width=\"768\" height=\"512\"  \/><span class=\"gallery-rollover\"><span class=\"gallery-zoom-ico icomoon-the7-font-the7-zoom-06\"><span><\/span><\/span><\/span><\/a><\/figure><\/div><div class=\"wf-cell\" data-post-id=\"1282\" data-date=\"2019-01-28T10:11:05+02:00\" data-name=\"Zaras\u0173 miesto panorama (G. Antanavi\u010dius)\"><figure class=\"post visible\"><a href=\"https:\/\/www.kurortuasociacija.lt\/wp-content\/uploads\/2019\/01\/Zaras\u0173-miesto-panorama-G.-Antanavi\u010dius-e1548766972837.jpg\" class=\"rollover dt-pswp-item layzr-bg\" data-large_image_width=\"2500\" data-large_image_height=\"1667\" data-dt-img-description=\"\" title=\"Zaras\u0173 miesto panorama (G. Antanavi\u010dius)\"><img decoding=\"async\" class=\"preload-me iso-lazy-load aspect\" src=\"data:image\/svg+xml,%3Csvg%20xmlns%3D&#39;http%3A%2F%2Fwww.w3.org%2F2000%2Fsvg&#39;%20viewBox%3D&#39;0%200%20768%20512&#39;%2F%3E\" data-src=\"https:\/\/www.kurortuasociacija.lt\/wp-content\/uploads\/2019\/01\/Zaras\u0173-miesto-panorama-G.-Antanavi\u010dius-e1548766972837-768x512.jpg\" data-srcset=\"https:\/\/www.kurortuasociacija.lt\/wp-content\/uploads\/2019\/01\/Zaras\u0173-miesto-panorama-G.-Antanavi\u010dius-e1548766972837-768x512.jpg 768w, https:\/\/www.kurortuasociacija.lt\/wp-content\/uploads\/2019\/01\/Zaras\u0173-miesto-panorama-G.-Antanavi\u010dius-e1548766972837-1152x768.jpg 1152w\" loading=\"eager\" style=\"--ratio: 768 \/ 512\" sizes=\"(max-width: 768px) 100vw, 768px\" alt=\"\" width=\"768\" height=\"512\"  \/><span class=\"gallery-rollover\"><span class=\"gallery-zoom-ico icomoon-the7-font-the7-zoom-06\"><span><\/span><\/span><\/span><\/a><\/figure><\/div><\/div><!-- iso-container|iso-grid --><\/div>[\/vc_column][\/vc_row]<\/p>\n<\/div>","protected":false},"excerpt":{"rendered":"<p>[vc_row][vc_column width=&#8220;2\/3&#8243; offset=&#8220;vc_col-lg-offset-2 vc_col-sm-offset-0 vc_col-xs-12&#8243;][vc_column_text]Wenn Sie sich die Karte von Litauen ansehen, wird Ihnen die Zarasai-Region sofort auffallen. Auf diesem Territorium ist so viel Blau, dass zweifelhaft ist, ob jemand wei\u00df, wie viele Seen und Fl\u00fcsse sich in dieser Region befinden. Sie sollten die Namen der Orte, die die Kultur eines alten Stammes bewahren, nicht&hellip;<\/p>\n","protected":false},"author":1,"featured_media":0,"parent":767,"menu_order":0,"comment_status":"closed","ping_status":"closed","template":"","meta":{"pgc_sgb_lightbox_settings":"","footnotes":""},"class_list":["post-1276","page","type-page","status-publish","hentry","description-off"],"yoast_head":"<!-- This site is optimized with the Yoast SEO plugin v27.4 - https:\/\/yoast.com\/product\/yoast-seo-wordpress\/ -->\n<title>Zarasai - Kurort\u0173 asociacija<\/title>\n<meta name=\"robots\" content=\"index, follow, max-snippet:-1, max-image-preview:large, max-video-preview:-1\" \/>\n<link rel=\"canonical\" href=\"https:\/\/www.kurortuasociacija.lt\/kurortai-ir-kurortines-teritorijos\/zarasai\/\" \/>\n<meta property=\"og:locale\" content=\"de_DE\" \/>\n<meta property=\"og:type\" content=\"article\" \/>\n<meta property=\"og:title\" content=\"Zarasai - Kurort\u0173 asociacija\" \/>\n<meta property=\"og:description\" content=\"[vc_row][vc_column width=&#8220;2\/3&#8243; offset=&#8220;vc_col-lg-offset-2 vc_col-sm-offset-0 vc_col-xs-12&#8243;][vc_column_text]Wenn Sie sich die Karte von Litauen ansehen, wird Ihnen die Zarasai-Region sofort auffallen. Auf diesem Territorium ist so viel Blau, dass zweifelhaft ist, ob jemand wei\u00df, wie viele Seen und Fl\u00fcsse sich in dieser Region befinden. Sie sollten die Namen der Orte, die die Kultur eines alten Stammes bewahren, nicht&hellip;\" \/>\n<meta property=\"og:url\" content=\"https:\/\/www.kurortuasociacija.lt\/kurortai-ir-kurortines-teritorijos\/zarasai\/\" \/>\n<meta property=\"og:site_name\" content=\"Kurort\u0173 asociacija\" \/>\n<meta property=\"article:modified_time\" content=\"2021-06-03T10:59:56+00:00\" \/>\n<meta name=\"twitter:card\" content=\"summary_large_image\" \/>\n<meta name=\"twitter:label1\" content=\"Gesch\u00e4tzte Lesezeit\" \/>\n\t<meta name=\"twitter:data1\" content=\"2\u00a0Minuten\" \/>\n<script type=\"application\/ld+json\" class=\"yoast-schema-graph\">{\"@context\":\"https:\\\/\\\/schema.org\",\"@graph\":[{\"@type\":\"WebPage\",\"@id\":\"https:\\\/\\\/www.kurortuasociacija.lt\\\/kurortai-ir-kurortines-teritorijos\\\/zarasai\\\/\",\"url\":\"https:\\\/\\\/www.kurortuasociacija.lt\\\/kurortai-ir-kurortines-teritorijos\\\/zarasai\\\/\",\"name\":\"Zarasai - Kurort\u0173 asociacija\",\"isPartOf\":{\"@id\":\"https:\\\/\\\/www.kurortuasociacija.lt\\\/#website\"},\"datePublished\":\"2019-07-05T12:18:10+00:00\",\"dateModified\":\"2021-06-03T10:59:56+00:00\",\"breadcrumb\":{\"@id\":\"https:\\\/\\\/www.kurortuasociacija.lt\\\/kurortai-ir-kurortines-teritorijos\\\/zarasai\\\/#breadcrumb\"},\"inLanguage\":\"de\",\"potentialAction\":[{\"@type\":\"ReadAction\",\"target\":[\"https:\\\/\\\/www.kurortuasociacija.lt\\\/kurortai-ir-kurortines-teritorijos\\\/zarasai\\\/\"]}]},{\"@type\":\"BreadcrumbList\",\"@id\":\"https:\\\/\\\/www.kurortuasociacija.lt\\\/kurortai-ir-kurortines-teritorijos\\\/zarasai\\\/#breadcrumb\",\"itemListElement\":[{\"@type\":\"ListItem\",\"position\":1,\"name\":\"Home\",\"item\":\"https:\\\/\\\/www.kurortuasociacija.lt\\\/de\\\/\"},{\"@type\":\"ListItem\",\"position\":2,\"name\":\"Kurorte und Kurortgebiete\",\"item\":\"https:\\\/\\\/www.kurortuasociacija.lt\\\/kurortai-ir-kurortines-teritorijos\\\/\"},{\"@type\":\"ListItem\",\"position\":3,\"name\":\"Zarasai\"}]},{\"@type\":\"WebSite\",\"@id\":\"https:\\\/\\\/www.kurortuasociacija.lt\\\/#website\",\"url\":\"https:\\\/\\\/www.kurortuasociacija.lt\\\/\",\"name\":\"Kurort\u0173 asociacija\",\"description\":\"Lietuvos kurort\u0173 asociacija\",\"potentialAction\":[{\"@type\":\"SearchAction\",\"target\":{\"@type\":\"EntryPoint\",\"urlTemplate\":\"https:\\\/\\\/www.kurortuasociacija.lt\\\/?s={search_term_string}\"},\"query-input\":{\"@type\":\"PropertyValueSpecification\",\"valueRequired\":true,\"valueName\":\"search_term_string\"}}],\"inLanguage\":\"de\"}]}<\/script>\n<!-- \/ Yoast SEO plugin. -->","yoast_head_json":{"title":"Zarasai - Kurort\u0173 asociacija","robots":{"index":"index","follow":"follow","max-snippet":"max-snippet:-1","max-image-preview":"max-image-preview:large","max-video-preview":"max-video-preview:-1"},"canonical":"https:\/\/www.kurortuasociacija.lt\/kurortai-ir-kurortines-teritorijos\/zarasai\/","og_locale":"de_DE","og_type":"article","og_title":"Zarasai - Kurort\u0173 asociacija","og_description":"[vc_row][vc_column width=&#8220;2\/3&#8243; offset=&#8220;vc_col-lg-offset-2 vc_col-sm-offset-0 vc_col-xs-12&#8243;][vc_column_text]Wenn Sie sich die Karte von Litauen ansehen, wird Ihnen die Zarasai-Region sofort auffallen. Auf diesem Territorium ist so viel Blau, dass zweifelhaft ist, ob jemand wei\u00df, wie viele Seen und Fl\u00fcsse sich in dieser Region befinden. Sie sollten die Namen der Orte, die die Kultur eines alten Stammes bewahren, nicht&hellip;","og_url":"https:\/\/www.kurortuasociacija.lt\/kurortai-ir-kurortines-teritorijos\/zarasai\/","og_site_name":"Kurort\u0173 asociacija","article_modified_time":"2021-06-03T10:59:56+00:00","twitter_card":"summary_large_image","twitter_misc":{"Gesch\u00e4tzte Lesezeit":"2\u00a0Minuten"},"schema":{"@context":"https:\/\/schema.org","@graph":[{"@type":"WebPage","@id":"https:\/\/www.kurortuasociacija.lt\/kurortai-ir-kurortines-teritorijos\/zarasai\/","url":"https:\/\/www.kurortuasociacija.lt\/kurortai-ir-kurortines-teritorijos\/zarasai\/","name":"Zarasai - Kurort\u0173 asociacija","isPartOf":{"@id":"https:\/\/www.kurortuasociacija.lt\/#website"},"datePublished":"2019-07-05T12:18:10+00:00","dateModified":"2021-06-03T10:59:56+00:00","breadcrumb":{"@id":"https:\/\/www.kurortuasociacija.lt\/kurortai-ir-kurortines-teritorijos\/zarasai\/#breadcrumb"},"inLanguage":"de","potentialAction":[{"@type":"ReadAction","target":["https:\/\/www.kurortuasociacija.lt\/kurortai-ir-kurortines-teritorijos\/zarasai\/"]}]},{"@type":"BreadcrumbList","@id":"https:\/\/www.kurortuasociacija.lt\/kurortai-ir-kurortines-teritorijos\/zarasai\/#breadcrumb","itemListElement":[{"@type":"ListItem","position":1,"name":"Home","item":"https:\/\/www.kurortuasociacija.lt\/de\/"},{"@type":"ListItem","position":2,"name":"Kurorte und Kurortgebiete","item":"https:\/\/www.kurortuasociacija.lt\/kurortai-ir-kurortines-teritorijos\/"},{"@type":"ListItem","position":3,"name":"Zarasai"}]},{"@type":"WebSite","@id":"https:\/\/www.kurortuasociacija.lt\/#website","url":"https:\/\/www.kurortuasociacija.lt\/","name":"Kurort\u0173 asociacija","description":"Lietuvos kurort\u0173 asociacija","potentialAction":[{"@type":"SearchAction","target":{"@type":"EntryPoint","urlTemplate":"https:\/\/www.kurortuasociacija.lt\/?s={search_term_string}"},"query-input":{"@type":"PropertyValueSpecification","valueRequired":true,"valueName":"search_term_string"}}],"inLanguage":"de"}]}},"_links":{"self":[{"href":"https:\/\/www.kurortuasociacija.lt\/de\/wp-json\/wp\/v2\/pages\/1276","targetHints":{"allow":["GET"]}}],"collection":[{"href":"https:\/\/www.kurortuasociacija.lt\/de\/wp-json\/wp\/v2\/pages"}],"about":[{"href":"https:\/\/www.kurortuasociacija.lt\/de\/wp-json\/wp\/v2\/types\/page"}],"author":[{"embeddable":true,"href":"https:\/\/www.kurortuasociacija.lt\/de\/wp-json\/wp\/v2\/users\/1"}],"replies":[{"embeddable":true,"href":"https:\/\/www.kurortuasociacija.lt\/de\/wp-json\/wp\/v2\/comments?post=1276"}],"version-history":[{"count":3,"href":"https:\/\/www.kurortuasociacija.lt\/de\/wp-json\/wp\/v2\/pages\/1276\/revisions"}],"predecessor-version":[{"id":1989,"href":"https:\/\/www.kurortuasociacija.lt\/de\/wp-json\/wp\/v2\/pages\/1276\/revisions\/1989"}],"up":[{"embeddable":true,"href":"https:\/\/www.kurortuasociacija.lt\/de\/wp-json\/wp\/v2\/pages\/767"}],"wp:attachment":[{"href":"https:\/\/www.kurortuasociacija.lt\/de\/wp-json\/wp\/v2\/media?parent=1276"}],"curies":[{"name":"wp","href":"https:\/\/api.w.org\/{rel}","templated":true}]}}